{"id":18447,"date":"2025-10-30T13:44:37","date_gmt":"2025-10-30T11:44:37","guid":{"rendered":"https:\/\/raktava.lt\/?post_type=product&#038;p=18447"},"modified":"2026-02-24T12:16:53","modified_gmt":"2026-02-24T10:16:53","slug":"smugine-galvute-ilga-6-kampe-1-2-19mm","status":"publish","type":"product","link":"https:\/\/raktava.lt\/en\/product\/rankiniai-irankiai\/galvutes-galvuciu-komplektai-laikikliai-galvutems\/1-2-galvutes-smugines\/smugine-galvute-ilga-6-kampe-1-2-19mm\/","title":{"rendered":"Galvut\u0117 sm\u016bgin\u0117 ilga 6-kamp\u0117 1\/2 21mm"},"content":{"rendered":"<p>DIN 3129<br \/>\nMed\u017eiaga CR-MO<\/p>\n","protected":false},"excerpt":{"rendered":"<p>Sm\u016bgin\u0117 galvut\u0117 ilga 6-kamp\u0117 1\/2 19mm<\/p>\n","protected":false},"featured_media":18448,"comment_status":"open","ping_status":"closed","template":"","meta":[],"product_brand":[627],"product_cat":[46],"product_tag":[591,1105,994,710,1634],"class_list":{"0":"post-18447","1":"product","2":"type-product","3":"status-publish","4":"has-post-thumbnail","6":"product_brand-sata","7":"product_cat-1-2-galvutes-smugines","8":"product_tag-1-2","9":"product_tag-21mm","10":"product_tag-6-kampe","11":"product_tag-galvute-smugine","12":"product_tag-s34414","14":"first","15":"instock","16":"taxable","17":"shipping-taxable","18":"purchasable","19":"product-type-simple"},"_links":{"self":[{"href":"https:\/\/raktava.lt\/en\/wp-json\/wp\/v2\/product\/18447","targetHints":{"allow":["GET"]}}],"collection":[{"href":"https:\/\/raktava.lt\/en\/wp-json\/wp\/v2\/product"}],"about":[{"href":"https:\/\/raktava.lt\/en\/wp-json\/wp\/v2\/types\/product"}],"replies":[{"embeddable":true,"href":"https:\/\/raktava.lt\/en\/wp-json\/wp\/v2\/comments?post=18447"}],"version-history":[{"count":3,"href":"https:\/\/raktava.lt\/en\/wp-json\/wp\/v2\/product\/18447\/revisions"}],"predecessor-version":[{"id":18459,"href":"https:\/\/raktava.lt\/en\/wp-json\/wp\/v2\/product\/18447\/revisions\/18459"}],"wp:featuredmedia":[{"embeddable":true,"href":"https:\/\/raktava.lt\/en\/wp-json\/wp\/v2\/media\/18448"}],"wp:attachment":[{"href":"https:\/\/raktava.lt\/en\/wp-json\/wp\/v2\/media?parent=18447"}],"wp:term":[{"taxonomy":"product_brand","embeddable":true,"href":"https:\/\/raktava.lt\/en\/wp-json\/wp\/v2\/product_brand?post=18447"},{"taxonomy":"product_cat","embeddable":true,"href":"https:\/\/raktava.lt\/en\/wp-json\/wp\/v2\/product_cat?post=18447"},{"taxonomy":"product_tag","embeddable":true,"href":"https:\/\/raktava.lt\/en\/wp-json\/wp\/v2\/product_tag?post=18447"}],"curies":[{"name":"wp","href":"https:\/\/api.w.org\/{rel}","templated":true}]}}