{"id":18427,"date":"2025-10-30T10:29:48","date_gmt":"2025-10-30T08:29:48","guid":{"rendered":"https:\/\/raktava.lt\/?post_type=product&#038;p=18427"},"modified":"2025-10-30T10:29:49","modified_gmt":"2025-10-30T08:29:49","slug":"dumu-generatorius-sandarumo-patikrai","status":"publish","type":"product","link":"https:\/\/raktava.lt\/en\/product\/automobiliu-remonto-irankiai\/diagnostika-testeriai-matuokliai\/dumu-generatorius-sandarumo-patikrai\/","title":{"rendered":"D\u016bm\u0173 generatorius sandarumo patikrai"},"content":{"rendered":"<p>EVAP NUOTEK\u0172 DETEKTORIUS: D\u016bm\u0173 ma\u0161inoje yra integruotas manometras, padedantis nustatyti, ar n\u0117ra nuot\u0117kio i\u0161metimo sistemoje, alyvos linijoje ar au\u0161inimo sistemoje; tiekiama mineralin\u0117 alyva sukuria d\u016bmus, kurie pumpuojami per j\u016bs\u0173 transporto priemon\u0117s vamzdynus, kad pad\u0117t\u0173 jums nustatyti tiksli\u0105 nuot\u0117kio viet\u0105<br \/>\n\u0160is ne\u0161iojamas ~3.7 kg sveriantis nuot\u0117kio detektorius yra su \u012fmontuotu srauto matuokliu, kuris realiuoju laiku pateikia praleid\u017eiam\u0173 d\u016bm\u0173 sraut\u0105; universalus oro pagalv\u0117s adapteris su sl\u0117giniu gar\u0173 pra\u0117jimu.<br \/>\n\u0160iame automobili\u0173 prie\u017ei\u016bros rinkinyje yra 3 adapteriai, tinkantys daugumai \u012fsiurbimo \u017earn\u0173, ir 1.5 metro d\u016bm\u0173 \u017earn\u0105 tvirtai prijunkite prie automobilio dalies, kuri\u0105 norite patikrinti, ar n\u0117ra nuot\u0117kio, nesvarbu, ar j\u016bs\u0173 automobilis, motociklas, keturratis, greitaeigis kateris, lengvasis sunkve\u017eimis ar kita transporto priemon\u0117.<br \/>\nLengvai prijungiamas prie 12V nuolatin\u0117s srov\u0117s akumuliatoriaus (ne\u012ftrauktas), nuot\u0117kio detektorius pumpuoja matomus d\u016bmus 15L\/min.; alyvos \u012fleidimo angos dangtelis turi kruop\u0161t\u0173 neslid\u0173 srieg\u012f, kad b\u016bt\u0173 i\u0161vengta bet kokio nuot\u0117kio; ir ma\u0161ina automati\u0161kai atjungia maitinim\u0105, jei pasiekiama maksimali darbin\u0117 temperat\u016bra, kad b\u016bt\u0173 u\u017etikrintas tiek operatoriaus, tiek \u012frenginio saugumas<\/p>\n<p>Skaidrus dangtelis \u2013 permatomas alyvos i\u0161leidimo dangtelis leid\u017eia lengvai steb\u0117ti alyvos lyg\u012f ir kokyb\u0119, kad b\u016bt\u0173 galima laiku j\u0105 papildyti<br \/>\nPatvarus alyvos dangtelis \u2013 alyvos \u012fleidimo angos dangtelis tvirtai prisukamas, kad b\u016bt\u0173 i\u0161vengta nuot\u0117kio, ir lengvai atsukamas d\u0117l neslidaus sriegio<br \/>\nAu\u0161inimo angos &#8211; Integruotos \u0161onin\u0117s ventiliacijos angos au\u0161ina \u012frengin\u012f, kad gal\u0117tumete saugiai dirbti<br \/>\nTikslus sl\u0117gio matuoklis \u2013 Rodo tikslius rodmenis, kad pad\u0117t\u0173 greitai ir lengvai aptikti nuot\u0117k\u012f<br \/>\nSrauto matuoklis \u2013 pateiks momentin\u012f tikrinamos dalies d\u016bm\u0173 sraut\u0105<br \/>\nPatogus srauto reguliavimas \u2013 pasukite valdymo ranken\u0117l\u0119, kad sureguliuotum\u0117te d\u016bm\u0173 intensyvum\u0105, kad greitai aptiktum\u0117te nuot\u0117k\u012f<br \/>\nMaitinimo laidai \u2013 Sustiprinti spaustukai pasi\u017eymi didele suspaudimo j\u0117ga, kad b\u016bt\u0173 tvirtai prijungtas prie j\u016bs\u0173 transporto priemon\u0117s akumuliatoriaus<br \/>\nUniversalus \u012esiurbimo adapteris \u2013 oro pagalv\u0117s adapteris turi susl\u0117gt\u0173 gar\u0173 pra\u0117jim\u0105, leid\u017eiant\u012f greitai ir lengvai i\u0161bandyti vis\u0105 \u012fsiurbimo arba i\u0161metimo sistem\u0105.<\/p>\n<p>Matmenys: 280 x 220 x 185 mm<br \/>\nNominali galia: 48W<br \/>\n\u012evesties galia: DC 12V<br \/>\nMaks. Srauto greitis: 15 l\/min.<br \/>\nMaks. Darbinis sl\u0117gis: 1 baras<br \/>\nMaitinimo laido ilgis: 1.5 m<br \/>\nGrynasis svoris: 3.7 kg<\/p>\n","protected":false},"excerpt":{"rendered":"<p>D\u016bm\u0173 generatorius sandarumo patikrai<\/p>\n","protected":false},"featured_media":18428,"comment_status":"open","ping_status":"closed","template":"","meta":[],"product_brand":[],"product_cat":[68],"product_tag":[1560,1561],"class_list":{"0":"post-18427","1":"product","2":"type-product","3":"status-publish","4":"has-post-thumbnail","6":"product_cat-diagnostika-testeriai-matuokliai","7":"product_tag-dumu-generatorius-sandarumo-patikrai","8":"product_tag-mhr9105","10":"first","11":"instock","12":"taxable","13":"shipping-taxable","14":"purchasable","15":"product-type-simple"},"_links":{"self":[{"href":"https:\/\/raktava.lt\/en\/wp-json\/wp\/v2\/product\/18427","targetHints":{"allow":["GET"]}}],"collection":[{"href":"https:\/\/raktava.lt\/en\/wp-json\/wp\/v2\/product"}],"about":[{"href":"https:\/\/raktava.lt\/en\/wp-json\/wp\/v2\/types\/product"}],"replies":[{"embeddable":true,"href":"https:\/\/raktava.lt\/en\/wp-json\/wp\/v2\/comments?post=18427"}],"version-history":[{"count":1,"href":"https:\/\/raktava.lt\/en\/wp-json\/wp\/v2\/product\/18427\/revisions"}],"predecessor-version":[{"id":18442,"href":"https:\/\/raktava.lt\/en\/wp-json\/wp\/v2\/product\/18427\/revisions\/18442"}],"wp:featuredmedia":[{"embeddable":true,"href":"https:\/\/raktava.lt\/en\/wp-json\/wp\/v2\/media\/18428"}],"wp:attachment":[{"href":"https:\/\/raktava.lt\/en\/wp-json\/wp\/v2\/media?parent=18427"}],"wp:term":[{"taxonomy":"product_brand","embeddable":true,"href":"https:\/\/raktava.lt\/en\/wp-json\/wp\/v2\/product_brand?post=18427"},{"taxonomy":"product_cat","embeddable":true,"href":"https:\/\/raktava.lt\/en\/wp-json\/wp\/v2\/product_cat?post=18427"},{"taxonomy":"product_tag","embeddable":true,"href":"https:\/\/raktava.lt\/en\/wp-json\/wp\/v2\/product_tag?post=18427"}],"curies":[{"name":"wp","href":"https:\/\/api.w.org\/{rel}","templated":true}]}}