{"id":18423,"date":"2025-10-29T13:37:46","date_gmt":"2025-10-29T11:37:46","guid":{"rendered":"https:\/\/raktava.lt\/?post_type=product&#038;p=18423"},"modified":"2025-10-29T13:39:40","modified_gmt":"2025-10-29T11:39:40","slug":"industrinis-valiklis-500-ml","status":"publish","type":"product","link":"https:\/\/raktava.lt\/en\/product\/autochemija\/alyva-kompresoriams-pneumatikai-hidraulikai\/industrinis-valiklis-500-ml\/","title":{"rendered":"Industrinis valiklis 500 ml"},"content":{"rendered":"<div class=\"font-bold\">Spalva: Bespalvis<\/div>\n<div class=\"contents\">\n<div class=\"font-bold\">Chemin\u0117 baz\u0117: Specialusis benzinas su D-limonenu<\/div>\n<\/div>\n<div class=\"contents\">\n<div class=\"font-bold\">Kvapas \/ aromatas: Tipinis<\/div>\n<\/div>\n<div class=\"contents\">\n<div class=\"font-bold\">Tankis: 0.74 g\/cm\u00b3<\/div>\n<div class=\"font-bold\">Ma\u017eiausia pli\u016bpsnio temperat\u016bra: 10 \u00b0C<\/div>\n<\/div>\n<div class=\"contents\"><\/div>\n<div class=\"contents\">\n<div class=\"font-bold\">Pavojingumo klas\u0117 (Vokietijos potvarkis d\u0117l degi\u0173j\u0173 skys\u010di\u0173): AI<\/div>\n<\/div>\n<div class=\"contents\">\n<div class=\"font-bold\">Laikymo trukm\u0117 po pagaminimo \/ s\u0105lygos: 24 m\u0117n\/\u017eemiau 25\u00b0C<\/div>\n<\/div>\n<div class=\"contents\">\n<div class=\"font-bold\">Be organini\u0173 chloro jungini\u0173 (AOX): Taip<\/div>\n<div class=\"font-bold\">Be silikono: Taip<\/div>\n<\/div>\n","protected":false},"excerpt":{"rendered":"<p>Industrinis valiklis 500 ml<\/p>\n","protected":false},"featured_media":18424,"comment_status":"open","ping_status":"closed","template":"","meta":[],"product_brand":[650],"product_cat":[24],"product_tag":[1558,527],"class_list":{"0":"post-18423","1":"product","2":"type-product","3":"status-publish","4":"has-post-thumbnail","6":"product_brand-wurth","7":"product_cat-alyva-kompresoriams-pneumatikai-hidraulikai","8":"product_tag-industrinis-valiklis","9":"product_tag-wurth","11":"first","12":"instock","13":"taxable","14":"shipping-taxable","15":"purchasable","16":"product-type-simple"},"_links":{"self":[{"href":"https:\/\/raktava.lt\/en\/wp-json\/wp\/v2\/product\/18423","targetHints":{"allow":["GET"]}}],"collection":[{"href":"https:\/\/raktava.lt\/en\/wp-json\/wp\/v2\/product"}],"about":[{"href":"https:\/\/raktava.lt\/en\/wp-json\/wp\/v2\/types\/product"}],"replies":[{"embeddable":true,"href":"https:\/\/raktava.lt\/en\/wp-json\/wp\/v2\/comments?post=18423"}],"version-history":[{"count":1,"href":"https:\/\/raktava.lt\/en\/wp-json\/wp\/v2\/product\/18423\/revisions"}],"predecessor-version":[{"id":18426,"href":"https:\/\/raktava.lt\/en\/wp-json\/wp\/v2\/product\/18423\/revisions\/18426"}],"wp:featuredmedia":[{"embeddable":true,"href":"https:\/\/raktava.lt\/en\/wp-json\/wp\/v2\/media\/18424"}],"wp:attachment":[{"href":"https:\/\/raktava.lt\/en\/wp-json\/wp\/v2\/media?parent=18423"}],"wp:term":[{"taxonomy":"product_brand","embeddable":true,"href":"https:\/\/raktava.lt\/en\/wp-json\/wp\/v2\/product_brand?post=18423"},{"taxonomy":"product_cat","embeddable":true,"href":"https:\/\/raktava.lt\/en\/wp-json\/wp\/v2\/product_cat?post=18423"},{"taxonomy":"product_tag","embeddable":true,"href":"https:\/\/raktava.lt\/en\/wp-json\/wp\/v2\/product_tag?post=18423"}],"curies":[{"name":"wp","href":"https:\/\/api.w.org\/{rel}","templated":true}]}}