{"id":18407,"date":"2025-10-29T12:54:32","date_gmt":"2025-10-29T10:54:32","guid":{"rendered":"https:\/\/raktava.lt\/?post_type=product&#038;p=18407"},"modified":"2025-10-29T13:43:55","modified_gmt":"2025-10-29T11:43:55","slug":"atsuktuvas-kalamas-8x150mm","status":"publish","type":"product","link":"https:\/\/raktava.lt\/en\/product\/rankiniai-irankiai\/atsuktuvai-ju-komplektai-l-ir-t-formos-raktai\/atsuktuvai-ir-ju-komplektai\/atsuktuvas-kalamas-8x150mm\/","title":{"rendered":"Atsuktuvas kalamas 8x150mm"},"content":{"rendered":"<pre id=\"tw-target-text\" class=\"tw-data-text tw-text-large tw-ta\" dir=\"ltr\" tabindex=\"-1\" role=\"text\" data-placeholder=\"Vertimas\" data-ved=\"2ahUKEwj6z_vgkMmQAxUuAdsEHauOBz8Q3ewLegQIChAV\" aria-label=\"I\u0161verstas tekstas: Gamintojas YATO Bendras svoris (kg) 0,2680 Darb. ilgis [mm] 150 Galiuko 8 mm dydis Produkto apra\u0161ymas Profesionalus atsuktuvas, pagamintas i\u0161 plieno su simboliu CrV6150. Speciali, sustiprinta konstrukcija leid\u017eia kalti. Skirta sunkiems surinkimo darbams pramon\u0117je ir amatininkyst\u0117je Paskirtis \/ naudojimas Sukurta sunkiems surinkimo darbams pramon\u0117je ir amatininkyst\u0117je Techniniai duomenys Indekso numeris YT-25989 EAN 5906083259890 Prek\u0117s \u017eenklas Yato Vietinis kiekis Bendras svoris (kg) 0,2680 Pagrindin\u0117 d\u0117\u017eut\u0117 MC 72 Vidin\u0117 d\u0117\u017e\u0117 IB 24 Darbinis ilgis [mm] 150 pagrindin\u0117 bur\u0117 plok\u0161\u010dia Modelis \/ paskirtis Kalamas Antgalio dydis 8 Element\u0173 skai\u010dius [vnt.] 1\"><span class=\"Y2IQFc\" lang=\"lt\">Bendras svoris (kg) 0,2680\r\nDarb. ilgis [mm] 150\r\nGaliuko 8 mm dydis\r\n\r\nProfesionalus atsuktuvas, pagamintas i\u0161 plieno su simboliu CrV6150. Speciali, sustiprinta konstrukcija leid\u017eia kalti. Skirta sunkiems surinkimo darbams pramon\u0117je ir amatininkyst\u0117je\r\n\r\nPaskirtis \/ naudojimas\r\nSukurta sunkiems surinkimo darbams pramon\u0117je ir amatininkyst\u0117je\r\nTechniniai duomenys\r\nIndekso numeris YT-25989\r\nEAN 5906083259890\r\nPrek\u0117s \u017eenklas Yato\r\nVietinis kiekis\r\nBendras svoris (kg) 0,2680\r\nPagrindin\u0117 d\u0117\u017eut\u0117 MC 72\r\nVidin\u0117 d\u0117\u017e\u0117 IB 24\r\nDarbinis ilgis [mm] 150\r\npagrindin\u0117 bur\u0117 plok\u0161\u010dia\r\nModelis \/ paskirtis Kalamas\r\nAntgalio dydis 8\r\nElement\u0173 skai\u010dius [vnt.] 1<\/span><\/pre>\n","protected":false},"excerpt":{"rendered":"<p>Atsuktuvas kalamas 8x150mm<\/p>\n","protected":false},"featured_media":18408,"comment_status":"open","ping_status":"closed","template":"","meta":[],"product_brand":[563],"product_cat":[230],"product_tag":[652,905,946,1554],"class_list":{"0":"post-18407","1":"product","2":"type-product","3":"status-publish","4":"has-post-thumbnail","6":"product_brand-yato","7":"product_cat-atsuktuvai-ir-ju-komplektai","8":"product_tag-atsuktuvas","9":"product_tag-atsuktuvas-kalamas","10":"product_tag-atsuktuvas-minusinis","11":"product_tag-yt-25989","13":"first","14":"instock","15":"taxable","16":"shipping-taxable","17":"purchasable","18":"product-type-simple"},"_links":{"self":[{"href":"https:\/\/raktava.lt\/en\/wp-json\/wp\/v2\/product\/18407","targetHints":{"allow":["GET"]}}],"collection":[{"href":"https:\/\/raktava.lt\/en\/wp-json\/wp\/v2\/product"}],"about":[{"href":"https:\/\/raktava.lt\/en\/wp-json\/wp\/v2\/types\/product"}],"replies":[{"embeddable":true,"href":"https:\/\/raktava.lt\/en\/wp-json\/wp\/v2\/comments?post=18407"}],"version-history":[{"count":2,"href":"https:\/\/raktava.lt\/en\/wp-json\/wp\/v2\/product\/18407\/revisions"}],"predecessor-version":[{"id":18411,"href":"https:\/\/raktava.lt\/en\/wp-json\/wp\/v2\/product\/18407\/revisions\/18411"}],"wp:featuredmedia":[{"embeddable":true,"href":"https:\/\/raktava.lt\/en\/wp-json\/wp\/v2\/media\/18408"}],"wp:attachment":[{"href":"https:\/\/raktava.lt\/en\/wp-json\/wp\/v2\/media?parent=18407"}],"wp:term":[{"taxonomy":"product_brand","embeddable":true,"href":"https:\/\/raktava.lt\/en\/wp-json\/wp\/v2\/product_brand?post=18407"},{"taxonomy":"product_cat","embeddable":true,"href":"https:\/\/raktava.lt\/en\/wp-json\/wp\/v2\/product_cat?post=18407"},{"taxonomy":"product_tag","embeddable":true,"href":"https:\/\/raktava.lt\/en\/wp-json\/wp\/v2\/product_tag?post=18407"}],"curies":[{"name":"wp","href":"https:\/\/api.w.org\/{rel}","templated":true}]}}