{"id":18350,"date":"2025-10-08T15:38:04","date_gmt":"2025-10-08T12:38:04","guid":{"rendered":"https:\/\/raktava.lt\/?post_type=product&#038;p=18350"},"modified":"2026-02-20T10:48:14","modified_gmt":"2026-02-20T08:48:14","slug":"reples-soninio-kirpimo-160mm","status":"publish","type":"product","link":"https:\/\/raktava.lt\/en\/product\/rankiniai-irankiai\/reples-repliu-komplektai-zirkles-skardai-specializuotos-reples\/reples-universalios-soninio-kirpimo-ir-kt\/reples-soninio-kirpimo-160mm\/","title":{"rendered":"Repl\u0117s \u0161oninio kirpimo 160mm"},"content":{"rendered":"","protected":false},"excerpt":{"rendered":"<p>Repl\u0117s \u0161oninio kirpimo 160mm<\/p>\n","protected":false},"featured_media":18351,"comment_status":"open","ping_status":"closed","template":"","meta":[],"product_brand":[563],"product_cat":[185],"product_tag":[1088,1254,1462],"class_list":{"0":"post-18350","1":"product","2":"type-product","3":"status-publish","4":"has-post-thumbnail","6":"product_brand-yato","7":"product_cat-reples-universalios-soninio-kirpimo-ir-kt","8":"product_tag-160mm","9":"product_tag-reples-soninio-kirpimo","10":"product_tag-yt-6610","12":"first","13":"instock","14":"taxable","15":"shipping-taxable","16":"purchasable","17":"product-type-simple"},"_links":{"self":[{"href":"https:\/\/raktava.lt\/en\/wp-json\/wp\/v2\/product\/18350","targetHints":{"allow":["GET"]}}],"collection":[{"href":"https:\/\/raktava.lt\/en\/wp-json\/wp\/v2\/product"}],"about":[{"href":"https:\/\/raktava.lt\/en\/wp-json\/wp\/v2\/types\/product"}],"replies":[{"embeddable":true,"href":"https:\/\/raktava.lt\/en\/wp-json\/wp\/v2\/comments?post=18350"}],"version-history":[{"count":1,"href":"https:\/\/raktava.lt\/en\/wp-json\/wp\/v2\/product\/18350\/revisions"}],"predecessor-version":[{"id":18355,"href":"https:\/\/raktava.lt\/en\/wp-json\/wp\/v2\/product\/18350\/revisions\/18355"}],"wp:featuredmedia":[{"embeddable":true,"href":"https:\/\/raktava.lt\/en\/wp-json\/wp\/v2\/media\/18351"}],"wp:attachment":[{"href":"https:\/\/raktava.lt\/en\/wp-json\/wp\/v2\/media?parent=18350"}],"wp:term":[{"taxonomy":"product_brand","embeddable":true,"href":"https:\/\/raktava.lt\/en\/wp-json\/wp\/v2\/product_brand?post=18350"},{"taxonomy":"product_cat","embeddable":true,"href":"https:\/\/raktava.lt\/en\/wp-json\/wp\/v2\/product_cat?post=18350"},{"taxonomy":"product_tag","embeddable":true,"href":"https:\/\/raktava.lt\/en\/wp-json\/wp\/v2\/product_tag?post=18350"}],"curies":[{"name":"wp","href":"https:\/\/api.w.org\/{rel}","templated":true}]}}