{"id":18342,"date":"2025-10-08T15:32:22","date_gmt":"2025-10-08T12:32:22","guid":{"rendered":"https:\/\/raktava.lt\/?post_type=product&#038;p=18342"},"modified":"2026-03-25T16:32:52","modified_gmt":"2026-03-25T14:32:52","slug":"reples-precizines-soninio-kirpimo-115mm","status":"publish","type":"product","link":"https:\/\/raktava.lt\/en\/product\/rankiniai-irankiai\/reples-repliu-komplektai-zirkles-skardai-specializuotos-reples\/reples-universalios-soninio-kirpimo-ir-kt\/reples-precizines-soninio-kirpimo-115mm\/","title":{"rendered":"Repl\u0117s precizin\u0117s \u0161oninio kirpimo 115mm"},"content":{"rendered":"<pre id=\"tw-target-text\" class=\"tw-data-text tw-text-large tw-ta\" dir=\"ltr\" tabindex=\"-1\" role=\"text\" data-placeholder=\"Vertimas\" data-ved=\"2ahUKEwjv5srkzZSQAxVU0wIHHcrpBvoQ3ewLegQIChAV\" aria-label=\"I\u0161verstas tekstas: Numeris YT-2081 EAN 5906083920813 Dydis [mm] 115 Techniniai duomenys Indekso numeris YT-2081 EAN 5906083920813 Prek\u0117s \u017eenklas Yato Vnt. kiekis Bendras svoris (kg) 0,1000 Pagrindin\u0117 d\u0117\u017eut\u0117 MC 120 Vidin\u0117 d\u0117\u017e\u0117 IB 6 Pal 2640 Dydis [mm] 115 Universalaus naudojimo b\u016bdas\"><span class=\"Y2IQFc\" lang=\"lt\">Dydis: 115mm\r\nUniversalaus naudojimo b\u016bdas<\/span><\/pre>\n<p><img decoding=\"async\" src=\"https:\/\/vigorus.lt\/catalog\/logo120627105013_yato.jpg\" alt=\"YATO\" \/><\/p>\n<p>&nbsp;<\/p>\n<hr \/>\n<p><em>Preki\u0173 nuotraukos yra iliustracinio pob\u016bd\u017eio.<\/em><\/p>\n<p><em>Nurodytos kainos galioja perkant internetu.<\/em><\/p>\n","protected":false},"excerpt":{"rendered":"<p>Repl\u0117s precizin\u0117s \u0161oninio kirpimo 115mm<\/p>\n","protected":false},"featured_media":18343,"comment_status":"open","ping_status":"closed","template":"","meta":[],"product_brand":[563],"product_cat":[185],"product_tag":[1460,597,1254,1461],"class_list":{"0":"post-18342","1":"product","2":"type-product","3":"status-publish","4":"has-post-thumbnail","6":"product_brand-yato","7":"product_cat-reples-universalios-soninio-kirpimo-ir-kt","8":"product_tag-115mm","9":"product_tag-mini","10":"product_tag-reples-soninio-kirpimo","11":"product_tag-yt-2081","13":"first","14":"instock","15":"taxable","16":"shipping-taxable","17":"purchasable","18":"product-type-simple"},"_links":{"self":[{"href":"https:\/\/raktava.lt\/en\/wp-json\/wp\/v2\/product\/18342","targetHints":{"allow":["GET"]}}],"collection":[{"href":"https:\/\/raktava.lt\/en\/wp-json\/wp\/v2\/product"}],"about":[{"href":"https:\/\/raktava.lt\/en\/wp-json\/wp\/v2\/types\/product"}],"replies":[{"embeddable":true,"href":"https:\/\/raktava.lt\/en\/wp-json\/wp\/v2\/comments?post=18342"}],"version-history":[{"count":3,"href":"https:\/\/raktava.lt\/en\/wp-json\/wp\/v2\/product\/18342\/revisions"}],"predecessor-version":[{"id":18912,"href":"https:\/\/raktava.lt\/en\/wp-json\/wp\/v2\/product\/18342\/revisions\/18912"}],"wp:featuredmedia":[{"embeddable":true,"href":"https:\/\/raktava.lt\/en\/wp-json\/wp\/v2\/media\/18343"}],"wp:attachment":[{"href":"https:\/\/raktava.lt\/en\/wp-json\/wp\/v2\/media?parent=18342"}],"wp:term":[{"taxonomy":"product_brand","embeddable":true,"href":"https:\/\/raktava.lt\/en\/wp-json\/wp\/v2\/product_brand?post=18342"},{"taxonomy":"product_cat","embeddable":true,"href":"https:\/\/raktava.lt\/en\/wp-json\/wp\/v2\/product_cat?post=18342"},{"taxonomy":"product_tag","embeddable":true,"href":"https:\/\/raktava.lt\/en\/wp-json\/wp\/v2\/product_tag?post=18342"}],"curies":[{"name":"wp","href":"https:\/\/api.w.org\/{rel}","templated":true}]}}