{"id":18336,"date":"2025-10-07T12:05:22","date_gmt":"2025-10-07T09:05:22","guid":{"rendered":"https:\/\/raktava.lt\/?post_type=product&#038;p=18336"},"modified":"2026-03-17T12:40:00","modified_gmt":"2026-03-17T10:40:00","slug":"karterio-tepalo-isleidimo-varztu-sriegio-remonto-rinkinys-m13x15","status":"publish","type":"product","link":"https:\/\/raktava.lt\/en\/product\/automobiliu-remonto-irankiai\/variklio-remonto-irankiai\/sugadintam-karterio-sriegiui\/karterio-tepalo-isleidimo-varztu-sriegio-remonto-rinkinys-m13x15\/","title":{"rendered":"Karterio tepalo i\u0161leidimo var\u017et\u0173 sriegio remonto rinkinys M13x1,5"},"content":{"rendered":"<pre id=\"tw-target-text\" class=\"tw-data-text tw-text-large tw-ta\" dir=\"ltr\" tabindex=\"-1\" role=\"text\" data-placeholder=\"Vertimas\" data-ved=\"2ahUKEwiE36Ha3JGQAxWt0AIHHcVmAKIQ3ewLegQICxAV\" aria-label=\"I\u0161verstas tekstas: Rinkiniai, skirti lengvam alyvos karterio arba pavar\u0173 d\u0117\u017e\u0117s i\u0161leidimo kam\u0161\u010dio sriegi\u0173 ir kt. remontui.\r\n\r\nJie tinka daugumai sriegi\u0173, da\u017eniausiai naudojam\u0173 lengvuosiuose automobiliuose\r\nir lengvuosiuose krovininiuose automobiliuose.\r\n\r\n\u2022 kiekviename rinkinyje yra sriegiklis, 6 kam\u0161\u010diai ir 6 pover\u017el\u0117s\r\n\u2022 sandarinimo pover\u017el\u0117s i\u0161 aliuminio\r\n\u2022 prakti\u0161ka plastikin\u0117 d\u0117\u017eut\u0117\"><span class=\"Y2IQFc\" lang=\"lt\">Rinkiniai, skirti lengvam alyvos karterio arba pavar\u0173 d\u0117\u017e\u0117s i\u0161leidimo kam\u0161\u010dio sriegi\u0173 ir kt. remontui.\r\n\r\nJie tinka daugumai sriegi\u0173, da\u017eniausiai naudojam\u0173 lengvuosiuose automobiliuose\r\nir lengvuosiuose krovininiuose automobiliuose.\r\n\r\n\u2022 kiekviename rinkinyje yra sriegiklis, 6 kam\u0161\u010diai ir 6 pover\u017el\u0117s\r\n\u2022 sandarinimo pover\u017el\u0117s i\u0161 aliuminio\r\n\u2022 prakti\u0161ka plastikin\u0117 d\u0117\u017eut\u0117\r\n\r\n<img decoding=\"async\" src=\"https:\/\/vigorus.lt\/catalog\/logo120627105013_yato.jpg\" alt=\"YATO\" \/>\r\n<\/span><\/pre>\n","protected":false},"excerpt":{"rendered":"<p>Karterio tepalo i\u0161leidimo var\u017et\u0173 sriegio remonto rinkinys M13x1,517571<\/p>\n","protected":false},"featured_media":18337,"comment_status":"open","ping_status":"closed","template":"","meta":[],"product_brand":[563],"product_cat":[120,102],"product_tag":[1261,1450],"class_list":{"0":"post-18336","1":"product","2":"type-product","3":"status-publish","4":"has-post-thumbnail","6":"product_brand-yato","7":"product_cat-sugadintam-karterio-sriegiui","8":"product_cat-irankiai-sriegimui-sriegikliai-sriegpjoves-sriegmaciai","9":"product_tag-karterio-tepalo-isleidimo-varztu-sriegio-remonto-rinkinys","10":"product_tag-yt-17571","12":"first","13":"instock","14":"taxable","15":"shipping-taxable","16":"purchasable","17":"product-type-simple"},"_links":{"self":[{"href":"https:\/\/raktava.lt\/en\/wp-json\/wp\/v2\/product\/18336","targetHints":{"allow":["GET"]}}],"collection":[{"href":"https:\/\/raktava.lt\/en\/wp-json\/wp\/v2\/product"}],"about":[{"href":"https:\/\/raktava.lt\/en\/wp-json\/wp\/v2\/types\/product"}],"replies":[{"embeddable":true,"href":"https:\/\/raktava.lt\/en\/wp-json\/wp\/v2\/comments?post=18336"}],"version-history":[{"count":1,"href":"https:\/\/raktava.lt\/en\/wp-json\/wp\/v2\/product\/18336\/revisions"}],"predecessor-version":[{"id":18341,"href":"https:\/\/raktava.lt\/en\/wp-json\/wp\/v2\/product\/18336\/revisions\/18341"}],"wp:featuredmedia":[{"embeddable":true,"href":"https:\/\/raktava.lt\/en\/wp-json\/wp\/v2\/media\/18337"}],"wp:attachment":[{"href":"https:\/\/raktava.lt\/en\/wp-json\/wp\/v2\/media?parent=18336"}],"wp:term":[{"taxonomy":"product_brand","embeddable":true,"href":"https:\/\/raktava.lt\/en\/wp-json\/wp\/v2\/product_brand?post=18336"},{"taxonomy":"product_cat","embeddable":true,"href":"https:\/\/raktava.lt\/en\/wp-json\/wp\/v2\/product_cat?post=18336"},{"taxonomy":"product_tag","embeddable":true,"href":"https:\/\/raktava.lt\/en\/wp-json\/wp\/v2\/product_tag?post=18336"}],"curies":[{"name":"wp","href":"https:\/\/api.w.org\/{rel}","templated":true}]}}