{"id":18325,"date":"2025-09-25T15:56:34","date_gmt":"2025-09-25T12:56:34","guid":{"rendered":"https:\/\/raktava.lt\/?post_type=product&#038;p=18325"},"modified":"2026-04-14T08:51:29","modified_gmt":"2026-04-14T05:51:29","slug":"guoliu-presavimo-komplektas","status":"publish","type":"product","link":"https:\/\/raktava.lt\/en\/product\/automobiliu-remonto-irankiai\/vaziuokles-remonto-irankiai\/guoliu-sailentbloku-presavimo-irankiai\/guoliu-presavimo-komplektas\/","title":{"rendered":"Guoli\u0173 presavimo komplektas"},"content":{"rendered":"<pre id=\"tw-target-text\" class=\"tw-data-text tw-text-large tw-ta\" dir=\"ltr\" tabindex=\"-1\" role=\"text\" data-placeholder=\"Vertimas\" data-ved=\"2ahUKEwiVtf7L0uyTAxVn2QIHHdrQEMUQ3ewLegQIDBAV\" aria-label=\"I\u0161verstas tekstas: 38, 50, 55, 59, 63,5, 66,5, 70,5, 71,5, 73, 73,5, 74,5, 76, 77,5, 81,5, 83,5, 86, 86,5, 88,5, 91, 102, 102,5 mm\r\n\r\n11,25 kg.\r\n\r\n\u2022 I\u0161samus \u012franki\u0173 rinkinys, skirtas greitam ir efektyviam rat\u0173 guoli\u0173 nu\u0117mimui ir montavimui priekini\u0173 rat\u0173 varomose transporto priemon\u0117se.\r\n\u2022 Suma\u017eina stebul\u0117s ir guolio pa\u017eeidimo tikimyb\u0119.\r\n\u2022 Tvirti plieniniai \u0161lifuokliai su fosfato danga, apsaugan\u010dia nuo korozijos.\r\n\u2022 Tvirtas \u012fsukamas var\u017etas, skirtas naudoti su sm\u016bginiais \u012frankiais.\r\n\u2022 Taip pat tinka dideli\u0173 pramonini\u0173 guoli\u0173 nu\u0117mimui ir montavimui.\r\n\u2022 Tiekiama ne\u0161iojimo d\u0117kle.\"><span class=\"Y2IQFc\" lang=\"lt\">38, 50, 55, 59, 63,5, 66,5, 70,5, 71,5, 73, 73,5, 74,5, 76, 77,5, 81,5, 83,5, 86, 86,5, 88,5, 91, 102, 102,5 mm\r\n\r\n11,25 kg.\r\n\r\n\u2022 \u012eranki\u0173 rinkinys, skirtas greitam ir efektyviam rat\u0173 guoli\u0173 nu\u0117mimui ir montavimui priekini\u0173 rat\u0173 varomose transporto priemon\u0117se.\r\n\u2022 Suma\u017eina stebul\u0117s ir guolio pa\u017eeidimo tikimyb\u0119.\r\n\u2022 Tvirti plieniniai \u0161lifuokliai su fosfato danga, apsaugan\u010dia nuo korozijos.\r\n\u2022 Tvirtas \u012fsukamas var\u017etas, skirtas naudoti su sm\u016bginiais \u012frankiais.\r\n\u2022 Taip pat tinka dideli\u0173 pramonini\u0173 guoli\u0173 nu\u0117mimui ir montavimui.\r\n\u2022 Tiekiama ne\u0161iojimo d\u0117kle.<\/span><\/pre>\n<p><img decoding=\"async\" src=\"https:\/\/vigorus.lt\/catalog\/logo170215011935.jpg\" alt=\"Essen Tools\" \/><\/p>\n<hr \/>\n<p><em>Preki\u0173 nuotraukos yra iliustracinio pob\u016bd\u017eio.<\/em><\/p>\n<p><em>Nurodytos kainos galioja perkant internetu.<\/em><\/p>\n","protected":false},"excerpt":{"rendered":"<p>Guoli\u0173 presavimo komplektas<\/p>\n","protected":false},"featured_media":18326,"comment_status":"open","ping_status":"closed","template":"","meta":[],"product_brand":[560],"product_cat":[103],"product_tag":[1389,1390],"class_list":{"0":"post-18325","1":"product","2":"type-product","3":"status-publish","4":"has-post-thumbnail","6":"product_brand-essen-tools-germany","7":"product_cat-guoliu-sailentbloku-presavimo-irankiai","8":"product_tag-guoliu-presavimo-komplektas","9":"product_tag-wt04037","11":"first","12":"instock","13":"taxable","14":"shipping-taxable","15":"purchasable","16":"product-type-simple"},"_links":{"self":[{"href":"https:\/\/raktava.lt\/en\/wp-json\/wp\/v2\/product\/18325","targetHints":{"allow":["GET"]}}],"collection":[{"href":"https:\/\/raktava.lt\/en\/wp-json\/wp\/v2\/product"}],"about":[{"href":"https:\/\/raktava.lt\/en\/wp-json\/wp\/v2\/types\/product"}],"replies":[{"embeddable":true,"href":"https:\/\/raktava.lt\/en\/wp-json\/wp\/v2\/comments?post=18325"}],"version-history":[{"count":3,"href":"https:\/\/raktava.lt\/en\/wp-json\/wp\/v2\/product\/18325\/revisions"}],"predecessor-version":[{"id":19249,"href":"https:\/\/raktava.lt\/en\/wp-json\/wp\/v2\/product\/18325\/revisions\/19249"}],"wp:featuredmedia":[{"embeddable":true,"href":"https:\/\/raktava.lt\/en\/wp-json\/wp\/v2\/media\/18326"}],"wp:attachment":[{"href":"https:\/\/raktava.lt\/en\/wp-json\/wp\/v2\/media?parent=18325"}],"wp:term":[{"taxonomy":"product_brand","embeddable":true,"href":"https:\/\/raktava.lt\/en\/wp-json\/wp\/v2\/product_brand?post=18325"},{"taxonomy":"product_cat","embeddable":true,"href":"https:\/\/raktava.lt\/en\/wp-json\/wp\/v2\/product_cat?post=18325"},{"taxonomy":"product_tag","embeddable":true,"href":"https:\/\/raktava.lt\/en\/wp-json\/wp\/v2\/product_tag?post=18325"}],"curies":[{"name":"wp","href":"https:\/\/api.w.org\/{rel}","templated":true}]}}