{"id":18321,"date":"2025-09-25T12:01:59","date_gmt":"2025-09-25T09:01:59","guid":{"rendered":"https:\/\/raktava.lt\/?post_type=product&#038;p=18321"},"modified":"2025-09-25T12:03:01","modified_gmt":"2025-09-25T09:03:01","slug":"svirkstas-skystam-tepalui-05l","status":"publish","type":"product","link":"https:\/\/raktava.lt\/en\/product\/automative-service-tools\/oil-change-lubrication-tools\/svirkstas-skystam-tepalui-05l\/","title":{"rendered":"\u0160virk\u0161tas skystam tepalui 0,5l"},"content":{"rendered":"","protected":false},"excerpt":{"rendered":"<p>\u0160virk\u0161tas skystam tepalui 0,5l<\/p>\n","protected":false},"featured_media":18322,"comment_status":"open","ping_status":"closed","template":"","meta":[],"product_brand":[563],"product_cat":[44],"product_tag":[786,1125,1388],"class_list":{"0":"post-18321","1":"product","2":"type-product","3":"status-publish","4":"has-post-thumbnail","6":"product_brand-yato","7":"product_cat-alyvos-keitimas-tepimo-irankiai","8":"product_tag-svirkstas","9":"product_tag-svirkstas-skystam-tepalui","10":"product_tag-yt-0708","12":"first","13":"instock","14":"taxable","15":"shipping-taxable","16":"purchasable","17":"product-type-simple"},"_links":{"self":[{"href":"https:\/\/raktava.lt\/en\/wp-json\/wp\/v2\/product\/18321","targetHints":{"allow":["GET"]}}],"collection":[{"href":"https:\/\/raktava.lt\/en\/wp-json\/wp\/v2\/product"}],"about":[{"href":"https:\/\/raktava.lt\/en\/wp-json\/wp\/v2\/types\/product"}],"replies":[{"embeddable":true,"href":"https:\/\/raktava.lt\/en\/wp-json\/wp\/v2\/comments?post=18321"}],"version-history":[{"count":1,"href":"https:\/\/raktava.lt\/en\/wp-json\/wp\/v2\/product\/18321\/revisions"}],"predecessor-version":[{"id":18324,"href":"https:\/\/raktava.lt\/en\/wp-json\/wp\/v2\/product\/18321\/revisions\/18324"}],"wp:featuredmedia":[{"embeddable":true,"href":"https:\/\/raktava.lt\/en\/wp-json\/wp\/v2\/media\/18322"}],"wp:attachment":[{"href":"https:\/\/raktava.lt\/en\/wp-json\/wp\/v2\/media?parent=18321"}],"wp:term":[{"taxonomy":"product_brand","embeddable":true,"href":"https:\/\/raktava.lt\/en\/wp-json\/wp\/v2\/product_brand?post=18321"},{"taxonomy":"product_cat","embeddable":true,"href":"https:\/\/raktava.lt\/en\/wp-json\/wp\/v2\/product_cat?post=18321"},{"taxonomy":"product_tag","embeddable":true,"href":"https:\/\/raktava.lt\/en\/wp-json\/wp\/v2\/product_tag?post=18321"}],"curies":[{"name":"wp","href":"https:\/\/api.w.org\/{rel}","templated":true}]}}