{"id":18316,"date":"2025-09-25T11:48:28","date_gmt":"2025-09-25T08:48:28","guid":{"rendered":"https:\/\/raktava.lt\/?post_type=product&#038;p=18316"},"modified":"2025-09-25T11:50:35","modified_gmt":"2025-09-25T08:50:35","slug":"ipurskimo-siurblio-nuemeju-komplektas-bmw-ir-land-rover-diesel-2","status":"publish","type":"product","link":"https:\/\/raktava.lt\/en\/product\/automobiliu-remonto-irankiai\/variklio-remonto-irankiai\/irankiai-purkstukams\/ipurskimo-siurblio-nuemeju-komplektas-bmw-ir-land-rover-diesel-2\/","title":{"rendered":"\u012epur\u0161kimo siurblio nu\u0117m\u0117j\u0173 komplektas, BMW ir Land Rover diesel"},"content":{"rendered":"<p>Large: pump remover &amp; Sprocket retaining tool covers injection\/HP pump removal on BMW models with M74\/M47TU and M57\/M57TU 2.0&amp;3.0 diesel engines<br \/>\n* Small: Pump remover sprocket retaining tool covers injection\/ HP pump removal on LAND ROVER FREELANDER and ROVER 75 models with TD4 and M47 2.0 engines.<\/p>\n<p>It is specifically designed for holding the sprocket \/ chain in place when disassembling the VP44 and high pressure pumps in BMW common rail diesel engines.<br \/>\n.This kit has a small puller body to fit transverse engines on Vauxhall \/ Opel and Land Rover Free Lander and Rover 75 models with TD4 and M47 2.0 engines where space is at a premium<\/p>\n<p><img decoding=\"async\" src=\"https:\/\/vigorus.lt\/catalog\/logo170215011935.jpg\" alt=\"Essen Tools\" \/><\/p>\n","protected":false},"excerpt":{"rendered":"<p>\u012epur\u0161kimo siurblio nu\u0117m\u0117j\u0173 komplektas, BMW ir Land Rover diesel<\/p>\n","protected":false},"featured_media":18317,"comment_status":"open","ping_status":"closed","template":"","meta":[],"product_brand":[560],"product_cat":[89],"product_tag":[595,1387,1386,1384,1385],"class_list":{"0":"post-18316","1":"product","2":"type-product","3":"status-publish","4":"has-post-thumbnail","6":"product_brand-essen-tools-germany","7":"product_cat-irankiai-purkstukams","8":"product_tag-bmw","9":"product_tag-c6010b","10":"product_tag-diesel","11":"product_tag-ipurskimo-siurblio-nuemejas","12":"product_tag-land-rover","14":"first","15":"instock","16":"taxable","17":"shipping-taxable","18":"purchasable","19":"product-type-simple"},"_links":{"self":[{"href":"https:\/\/raktava.lt\/en\/wp-json\/wp\/v2\/product\/18316","targetHints":{"allow":["GET"]}}],"collection":[{"href":"https:\/\/raktava.lt\/en\/wp-json\/wp\/v2\/product"}],"about":[{"href":"https:\/\/raktava.lt\/en\/wp-json\/wp\/v2\/types\/product"}],"replies":[{"embeddable":true,"href":"https:\/\/raktava.lt\/en\/wp-json\/wp\/v2\/comments?post=18316"}],"version-history":[{"count":2,"href":"https:\/\/raktava.lt\/en\/wp-json\/wp\/v2\/product\/18316\/revisions"}],"predecessor-version":[{"id":18320,"href":"https:\/\/raktava.lt\/en\/wp-json\/wp\/v2\/product\/18316\/revisions\/18320"}],"wp:featuredmedia":[{"embeddable":true,"href":"https:\/\/raktava.lt\/en\/wp-json\/wp\/v2\/media\/18317"}],"wp:attachment":[{"href":"https:\/\/raktava.lt\/en\/wp-json\/wp\/v2\/media?parent=18316"}],"wp:term":[{"taxonomy":"product_brand","embeddable":true,"href":"https:\/\/raktava.lt\/en\/wp-json\/wp\/v2\/product_brand?post=18316"},{"taxonomy":"product_cat","embeddable":true,"href":"https:\/\/raktava.lt\/en\/wp-json\/wp\/v2\/product_cat?post=18316"},{"taxonomy":"product_tag","embeddable":true,"href":"https:\/\/raktava.lt\/en\/wp-json\/wp\/v2\/product_tag?post=18316"}],"curies":[{"name":"wp","href":"https:\/\/api.w.org\/{rel}","templated":true}]}}