{"id":18308,"date":"2025-09-25T11:24:12","date_gmt":"2025-09-25T08:24:12","guid":{"rendered":"https:\/\/raktava.lt\/?post_type=product&#038;p=18308"},"modified":"2026-03-10T10:05:15","modified_gmt":"2026-03-10T08:05:15","slug":"tarpumaciai-002-1-mm","status":"publish","type":"product","link":"https:\/\/raktava.lt\/en\/product\/matavimo-priemones-slankmaciai-liniuotes\/tarpumaciai-sriegmaciai\/tarpumaciai-002-1-mm\/","title":{"rendered":"Tarpuma\u010diai 0,02-1 mm"},"content":{"rendered":"<p>Skirtas tiksliai i\u0161matuoti ply\u0161i\u0173 plot\u012f \/ pvz. Tarp elektros kontaktai \/.<br \/>\nSklend\u0117s 17 skirtingo storio, pagamintos i\u0161 gr\u016bdinto spyruoklinio plieno.<br \/>\nI\u0161 jautriojo elemento 100 mm ilgis, plotis 10 mm.<br \/>\nApima \u0161iuos dyd\u017eius: 0,02 \/ 0,03 \/ 0,04 \/ 0,05 \/ 0,06 \/ 0,07 \/ 0,08 \/ 0,09 \/ 0,10 \/ 0,15 \/ 0,20 \/ 0, 25 \/ 0,30 \/ 0,40 \/ 0,50 \/ 0,75 \/ 1,00 mm<\/p>\n","protected":false},"excerpt":{"rendered":"<p>Tarpuma\u010diai 0,02-1 mm<\/p>\n","protected":false},"featured_media":18309,"comment_status":"open","ping_status":"closed","template":"","meta":[],"product_brand":[563],"product_cat":[159],"product_tag":[755,1383],"class_list":{"0":"post-18308","1":"product","2":"type-product","3":"status-publish","4":"has-post-thumbnail","6":"product_brand-yato","7":"product_cat-tarpumaciai-sriegmaciai","8":"product_tag-tarpumaciai","9":"product_tag-yt-7220","11":"first","12":"instock","13":"taxable","14":"shipping-taxable","15":"purchasable","16":"product-type-simple"},"_links":{"self":[{"href":"https:\/\/raktava.lt\/en\/wp-json\/wp\/v2\/product\/18308","targetHints":{"allow":["GET"]}}],"collection":[{"href":"https:\/\/raktava.lt\/en\/wp-json\/wp\/v2\/product"}],"about":[{"href":"https:\/\/raktava.lt\/en\/wp-json\/wp\/v2\/types\/product"}],"replies":[{"embeddable":true,"href":"https:\/\/raktava.lt\/en\/wp-json\/wp\/v2\/comments?post=18308"}],"version-history":[{"count":1,"href":"https:\/\/raktava.lt\/en\/wp-json\/wp\/v2\/product\/18308\/revisions"}],"predecessor-version":[{"id":18315,"href":"https:\/\/raktava.lt\/en\/wp-json\/wp\/v2\/product\/18308\/revisions\/18315"}],"wp:featuredmedia":[{"embeddable":true,"href":"https:\/\/raktava.lt\/en\/wp-json\/wp\/v2\/media\/18309"}],"wp:attachment":[{"href":"https:\/\/raktava.lt\/en\/wp-json\/wp\/v2\/media?parent=18308"}],"wp:term":[{"taxonomy":"product_brand","embeddable":true,"href":"https:\/\/raktava.lt\/en\/wp-json\/wp\/v2\/product_brand?post=18308"},{"taxonomy":"product_cat","embeddable":true,"href":"https:\/\/raktava.lt\/en\/wp-json\/wp\/v2\/product_cat?post=18308"},{"taxonomy":"product_tag","embeddable":true,"href":"https:\/\/raktava.lt\/en\/wp-json\/wp\/v2\/product_tag?post=18308"}],"curies":[{"name":"wp","href":"https:\/\/api.w.org\/{rel}","templated":true}]}}