{"id":18280,"date":"2025-09-24T15:54:05","date_gmt":"2025-09-24T12:54:05","guid":{"rendered":"https:\/\/raktava.lt\/?post_type=product&#038;p=18280"},"modified":"2026-04-16T16:47:31","modified_gmt":"2026-04-16T13:47:31","slug":"dyzeliniu-purkstuku-lizdu-raiberiai-7-vnt","status":"publish","type":"product","link":"https:\/\/raktava.lt\/en\/product\/automobiliu-remonto-irankiai\/variklio-remonto-irankiai\/irankiai-purkstukams\/dyzeliniu-purkstuku-lizdu-raiberiai-7-vnt\/","title":{"rendered":"Dyzelini\u0173 purk\u0161tuk\u0173 lizd\u0173 raiberiai 7 vnt."},"content":{"rendered":"<p>Size [mm] 15&#215;19; 17&#215;17; 17&#215;19; 17&#215;21<\/p>\n","protected":false},"excerpt":{"rendered":"<p>Dyzelini\u0173 purk\u0161tuk\u0173 lizd\u0173 raiberiai 7 vnt.<\/p>\n","protected":false},"featured_media":18281,"comment_status":"open","ping_status":"closed","template":"","meta":[],"product_brand":[563],"product_cat":[89],"product_tag":[870,1354,1355],"class_list":{"0":"post-18280","1":"product","2":"type-product","3":"status-publish","4":"has-post-thumbnail","6":"product_brand-yato","7":"product_cat-irankiai-purkstukams","8":"product_tag-dyzeliu-purkstuku-lizdu-raiberiai","9":"product_tag-raiberiai","10":"product_tag-yt-17625","12":"first","13":"instock","14":"taxable","15":"shipping-taxable","16":"purchasable","17":"product-type-simple"},"_links":{"self":[{"href":"https:\/\/raktava.lt\/en\/wp-json\/wp\/v2\/product\/18280","targetHints":{"allow":["GET"]}}],"collection":[{"href":"https:\/\/raktava.lt\/en\/wp-json\/wp\/v2\/product"}],"about":[{"href":"https:\/\/raktava.lt\/en\/wp-json\/wp\/v2\/types\/product"}],"replies":[{"embeddable":true,"href":"https:\/\/raktava.lt\/en\/wp-json\/wp\/v2\/comments?post=18280"}],"version-history":[{"count":1,"href":"https:\/\/raktava.lt\/en\/wp-json\/wp\/v2\/product\/18280\/revisions"}],"predecessor-version":[{"id":18283,"href":"https:\/\/raktava.lt\/en\/wp-json\/wp\/v2\/product\/18280\/revisions\/18283"}],"wp:featuredmedia":[{"embeddable":true,"href":"https:\/\/raktava.lt\/en\/wp-json\/wp\/v2\/media\/18281"}],"wp:attachment":[{"href":"https:\/\/raktava.lt\/en\/wp-json\/wp\/v2\/media?parent=18280"}],"wp:term":[{"taxonomy":"product_brand","embeddable":true,"href":"https:\/\/raktava.lt\/en\/wp-json\/wp\/v2\/product_brand?post=18280"},{"taxonomy":"product_cat","embeddable":true,"href":"https:\/\/raktava.lt\/en\/wp-json\/wp\/v2\/product_cat?post=18280"},{"taxonomy":"product_tag","embeddable":true,"href":"https:\/\/raktava.lt\/en\/wp-json\/wp\/v2\/product_tag?post=18280"}],"curies":[{"name":"wp","href":"https:\/\/api.w.org\/{rel}","templated":true}]}}