{"id":18270,"date":"2025-09-24T15:35:39","date_gmt":"2025-09-24T12:35:39","guid":{"rendered":"https:\/\/raktava.lt\/?post_type=product&#038;p=18270"},"modified":"2025-09-24T15:36:49","modified_gmt":"2025-09-24T12:36:49","slug":"galvute-zvakine-6-kampe-3-8-18mm","status":"publish","type":"product","link":"https:\/\/raktava.lt\/en\/product\/automobiliu-remonto-irankiai\/variklio-remonto-irankiai\/pakaitinimo-uzdegimo-zvakiu-remonto-irankiai\/galvute-zvakine-6-kampe-3-8-18mm\/","title":{"rendered":"Galvut\u0117 \u017evakin\u0117 6-kamp\u0117 3\/8 18mm"},"content":{"rendered":"<p>Application for spark plugs<br \/>\nTool holder size 3\/8&#8243; (9.5mm) or 21 mm wrench<br \/>\nSocket type hexagonal 6 point<br \/>\nWith rubber insert for plug retention<br \/>\nLength 63 mm<br \/>\nMaterial CrV 6140<br \/>\nDIN 3124<\/p>\n","protected":false},"excerpt":{"rendered":"<p>Galvut\u0117 \u017evakin\u0117 6-kamp\u0117 3\/8 18mm<\/p>\n","protected":false},"featured_media":18271,"comment_status":"open","ping_status":"closed","template":"","meta":[],"product_brand":[563],"product_cat":[117],"product_tag":[1180,575,994,660,654,1353],"class_list":{"0":"post-18270","1":"product","2":"type-product","3":"status-publish","4":"has-post-thumbnail","6":"product_brand-yato","7":"product_cat-pakaitinimo-uzdegimo-zvakiu-remonto-irankiai","8":"product_tag-18mm","9":"product_tag-3-8","10":"product_tag-6-kampe","11":"product_tag-galvute","12":"product_tag-galvute-zvakems","13":"product_tag-yt-3841","15":"first","16":"instock","17":"taxable","18":"shipping-taxable","19":"purchasable","20":"product-type-simple"},"_links":{"self":[{"href":"https:\/\/raktava.lt\/en\/wp-json\/wp\/v2\/product\/18270","targetHints":{"allow":["GET"]}}],"collection":[{"href":"https:\/\/raktava.lt\/en\/wp-json\/wp\/v2\/product"}],"about":[{"href":"https:\/\/raktava.lt\/en\/wp-json\/wp\/v2\/types\/product"}],"replies":[{"embeddable":true,"href":"https:\/\/raktava.lt\/en\/wp-json\/wp\/v2\/comments?post=18270"}],"version-history":[{"count":1,"href":"https:\/\/raktava.lt\/en\/wp-json\/wp\/v2\/product\/18270\/revisions"}],"predecessor-version":[{"id":18273,"href":"https:\/\/raktava.lt\/en\/wp-json\/wp\/v2\/product\/18270\/revisions\/18273"}],"wp:featuredmedia":[{"embeddable":true,"href":"https:\/\/raktava.lt\/en\/wp-json\/wp\/v2\/media\/18271"}],"wp:attachment":[{"href":"https:\/\/raktava.lt\/en\/wp-json\/wp\/v2\/media?parent=18270"}],"wp:term":[{"taxonomy":"product_brand","embeddable":true,"href":"https:\/\/raktava.lt\/en\/wp-json\/wp\/v2\/product_brand?post=18270"},{"taxonomy":"product_cat","embeddable":true,"href":"https:\/\/raktava.lt\/en\/wp-json\/wp\/v2\/product_cat?post=18270"},{"taxonomy":"product_tag","embeddable":true,"href":"https:\/\/raktava.lt\/en\/wp-json\/wp\/v2\/product_tag?post=18270"}],"curies":[{"name":"wp","href":"https:\/\/api.w.org\/{rel}","templated":true}]}}