{"id":18234,"date":"2025-09-19T10:22:14","date_gmt":"2025-09-19T07:22:14","guid":{"rendered":"https:\/\/raktava.lt\/?post_type=product&#038;p=18234"},"modified":"2025-09-19T10:23:00","modified_gmt":"2025-09-19T07:23:00","slug":"galvute-smugine-ilga-plonasiene-su-plastikine-apsauga-1-2-17mm","status":"publish","type":"product","link":"https:\/\/raktava.lt\/en\/product\/rankiniai-irankiai\/galvutes-galvuciu-komplektai-laikikliai-galvutems\/1-2-galvutes-ir-ju-komplektai\/galvute-smugine-ilga-plonasiene-su-plastikine-apsauga-1-2-17mm\/","title":{"rendered":"Galvut\u0117 sm\u016bgin\u0117 ilga plonasien\u0117 (su plastikine apsauga) 1\/2 17mm"},"content":{"rendered":"<p>Description<br \/>\nfor both manual and impact wrenches<br \/>\ncan be fixed on impact wrench by pin and O-ring<br \/>\nwith plastic cover for perfect protection of aluminium rims<br \/>\ncolour-coded nut<br \/>\nspare plastic pad is available under BGS 7204<br \/>\nTechnical data<br \/>\nGross weight 130 g<br \/>\nDrive profile size, metric 12,5 mm<br \/>\nWrench size 17 mm<br \/>\nPackaging suitable for wall hanging Yes<br \/>\nDrive profile Internal square<br \/>\nDrive profile size, inch 1\/2 &#8221;<br \/>\nMaterial Chrome Molybdenum Steel<br \/>\nLength 85 mm<\/p>\n<p><img decoding=\"async\" src=\"https:\/\/vigorus.lt\/files\/piktogramos\/25.gif\" \/><img decoding=\"async\" src=\"https:\/\/vigorus.lt\/files\/piktogramos\/39.jpg\" \/><img decoding=\"async\" src=\"https:\/\/vigorus.lt\/files\/piktogramos\/galvbgsmm.JPG\" \/><img decoding=\"async\" src=\"https:\/\/vigorus.lt\/files\/piktogramos\/43.jpg\" \/><img decoding=\"async\" src=\"https:\/\/vigorus.lt\/files\/piktogramos\/21.gif\" \/><\/p>\n","protected":false},"excerpt":{"rendered":"<p>Galvut\u0117 sm\u016bgin\u0117 ilga plonasien\u0117 (su plastikine apsauga) 1\/2 17mm<\/p>\n","protected":false},"featured_media":18235,"comment_status":"open","ping_status":"closed","template":"","meta":[],"product_brand":[571],"product_cat":[50,46],"product_tag":[591,611,994,1298,984,660,710,973],"class_list":{"0":"post-18234","1":"product","2":"type-product","3":"status-publish","4":"has-post-thumbnail","6":"product_brand-bgs-technic-germany","7":"product_cat-1-2-galvutes-ir-ju-komplektai","8":"product_cat-1-2-galvutes-smugines","9":"product_tag-1-2","10":"product_tag-17mm","11":"product_tag-6-kampe","12":"product_tag-1298","13":"product_tag-automobiliu-irankiai","14":"product_tag-galvute","15":"product_tag-galvute-smugine","16":"product_tag-rankiniai-irankiai","18":"first","19":"instock","20":"taxable","21":"shipping-taxable","22":"purchasable","23":"product-type-simple"},"_links":{"self":[{"href":"https:\/\/raktava.lt\/en\/wp-json\/wp\/v2\/product\/18234","targetHints":{"allow":["GET"]}}],"collection":[{"href":"https:\/\/raktava.lt\/en\/wp-json\/wp\/v2\/product"}],"about":[{"href":"https:\/\/raktava.lt\/en\/wp-json\/wp\/v2\/types\/product"}],"replies":[{"embeddable":true,"href":"https:\/\/raktava.lt\/en\/wp-json\/wp\/v2\/comments?post=18234"}],"version-history":[{"count":1,"href":"https:\/\/raktava.lt\/en\/wp-json\/wp\/v2\/product\/18234\/revisions"}],"predecessor-version":[{"id":18243,"href":"https:\/\/raktava.lt\/en\/wp-json\/wp\/v2\/product\/18234\/revisions\/18243"}],"wp:featuredmedia":[{"embeddable":true,"href":"https:\/\/raktava.lt\/en\/wp-json\/wp\/v2\/media\/18235"}],"wp:attachment":[{"href":"https:\/\/raktava.lt\/en\/wp-json\/wp\/v2\/media?parent=18234"}],"wp:term":[{"taxonomy":"product_brand","embeddable":true,"href":"https:\/\/raktava.lt\/en\/wp-json\/wp\/v2\/product_brand?post=18234"},{"taxonomy":"product_cat","embeddable":true,"href":"https:\/\/raktava.lt\/en\/wp-json\/wp\/v2\/product_cat?post=18234"},{"taxonomy":"product_tag","embeddable":true,"href":"https:\/\/raktava.lt\/en\/wp-json\/wp\/v2\/product_tag?post=18234"}],"curies":[{"name":"wp","href":"https:\/\/api.w.org\/{rel}","templated":true}]}}