{"id":18209,"date":"2025-09-08T16:48:48","date_gmt":"2025-09-08T13:48:48","guid":{"rendered":"https:\/\/raktava.lt\/?post_type=product&#038;p=18209"},"modified":"2026-01-29T09:36:40","modified_gmt":"2026-01-29T07:36:40","slug":"smuginiu-galvuciu-rinkinys-6-kampes-1-2-10-24mm","status":"publish","type":"product","link":"https:\/\/raktava.lt\/en\/product\/rankiniai-irankiai\/galvutes-galvuciu-komplektai-laikikliai-galvutems\/1-2-galvutes-smugines\/smuginiu-galvuciu-rinkinys-6-kampes-1-2-10-24mm\/","title":{"rendered":"Sm\u016bgini\u0173 galvu\u010di\u0173 rinkinys, 6-kamp\u0117s, 1\/2 10-24mm"},"content":{"rendered":"<p>Mark Yato<br \/>\nSymbol T-10251<br \/>\nType impact<br \/>\nTool holder size 1\/2&#8243; (12.7 mm)<br \/>\nType of cap hexagonal, short<br \/>\nMaterial CrMo SCM-440<br \/>\nSurface finish phosphated<br \/>\nAS-DRIVE Yes<br \/>\nNumber of pieces in the set 13<\/p>\n<p>material: CrMo SCM-440<br \/>\nsurface finish: phosphated<br \/>\ntool holder type: 1\/2&#8243; (12.7 mm)<br \/>\nace-drive<br \/>\n13 pieces in a set<\/p>\n","protected":false},"excerpt":{"rendered":"<p>Sm\u016bgini\u0173 galvu\u010di\u0173 rinkinys, 6-kamp\u0117s, 1\/2 10-24mm<\/p>\n","protected":false},"featured_media":18210,"comment_status":"open","ping_status":"closed","template":"","meta":[],"product_brand":[563],"product_cat":[46],"product_tag":[591,994,984,661,772,973,1218],"class_list":{"0":"post-18209","1":"product","2":"type-product","3":"status-publish","4":"has-post-thumbnail","6":"product_brand-yato","7":"product_cat-1-2-galvutes-smugines","8":"product_tag-1-2","9":"product_tag-6-kampe","10":"product_tag-automobiliu-irankiai","11":"product_tag-galvutes","12":"product_tag-galvutes-smugines","13":"product_tag-rankiniai-irankiai","14":"product_tag-yt-10251","16":"first","17":"instock","18":"taxable","19":"shipping-taxable","20":"purchasable","21":"product-type-simple"},"_links":{"self":[{"href":"https:\/\/raktava.lt\/en\/wp-json\/wp\/v2\/product\/18209","targetHints":{"allow":["GET"]}}],"collection":[{"href":"https:\/\/raktava.lt\/en\/wp-json\/wp\/v2\/product"}],"about":[{"href":"https:\/\/raktava.lt\/en\/wp-json\/wp\/v2\/types\/product"}],"replies":[{"embeddable":true,"href":"https:\/\/raktava.lt\/en\/wp-json\/wp\/v2\/comments?post=18209"}],"version-history":[{"count":2,"href":"https:\/\/raktava.lt\/en\/wp-json\/wp\/v2\/product\/18209\/revisions"}],"predecessor-version":[{"id":18217,"href":"https:\/\/raktava.lt\/en\/wp-json\/wp\/v2\/product\/18209\/revisions\/18217"}],"wp:featuredmedia":[{"embeddable":true,"href":"https:\/\/raktava.lt\/en\/wp-json\/wp\/v2\/media\/18210"}],"wp:attachment":[{"href":"https:\/\/raktava.lt\/en\/wp-json\/wp\/v2\/media?parent=18209"}],"wp:term":[{"taxonomy":"product_brand","embeddable":true,"href":"https:\/\/raktava.lt\/en\/wp-json\/wp\/v2\/product_brand?post=18209"},{"taxonomy":"product_cat","embeddable":true,"href":"https:\/\/raktava.lt\/en\/wp-json\/wp\/v2\/product_cat?post=18209"},{"taxonomy":"product_tag","embeddable":true,"href":"https:\/\/raktava.lt\/en\/wp-json\/wp\/v2\/product_tag?post=18209"}],"curies":[{"name":"wp","href":"https:\/\/api.w.org\/{rel}","templated":true}]}}