{"id":18192,"date":"2025-08-28T16:56:06","date_gmt":"2025-08-28T13:56:06","guid":{"rendered":"https:\/\/raktava.lt\/?post_type=product&#038;p=18192"},"modified":"2026-02-11T16:18:26","modified_gmt":"2026-02-11T14:18:26","slug":"variklio-rakinimo-irankiu-rinkinys-vag-1-4-1-6-fsi","status":"publish","type":"product","link":"https:\/\/raktava.lt\/en\/product\/automobiliu-remonto-irankiai\/variklio-remonto-irankiai\/variklio-blokavimo-irankiai\/variklio-rakinimo-irankiu-rinkinys-vag-1-4-1-6-fsi\/","title":{"rendered":"Variklio rakinimo \u012franki\u0173 rinkinys VAG 1.4-1.6 FSI"},"content":{"rendered":"<p>Mark Yato<br \/>\nSymbol YT-06017<br \/>\nSeries GRD<br \/>\nMaterial carbon steel<br \/>\nApplication for timing gear | for gasoline engines<br \/>\nKit contents<br \/>\nGMP setting tool | camshaft tool | pin for tensioner roller | locking screw<br \/>\nCar brands<br \/>\nAudi | VW<br \/>\nThe number of pieces in the set<br \/>\n4<br \/>\nProfessional 4-piece kit for servicing FSI and TFSI engines in VAG family cars. Kit includes TDC locator, shaft locking tool, tensioner roller spindle and locking bolt. Dedicated to cars with FSI + TFSI engines: AUDI A3; SEAT: Altea, Ibiza, Leon, SKODA: Fabia II, Octavia, Roomster, Superb; VW: Eos, Golf, Golf Plus, Jetta, Passat, Polo, Scirocco, Tiguan, Touran<br \/>\nDaugiau apie \u0161\u012f \u0161altinio tekst\u0105\u0160altinio tekstas, reikalingas norint gauti papildomos vertimo informacijos<br \/>\nSi\u0173sti atsiliepim\u0105<br \/>\n\u0160oniniai skydeliai<\/p>\n<p><img decoding=\"async\" src=\"https:\/\/vigorus.lt\/catalog\/logo120627105013_yato.jpg\" alt=\"YATO\" \/><\/p>\n","protected":false},"excerpt":{"rendered":"<p>Variklio rakinimo \u012franki\u0173 rinkinys VAG 1.4-1.6 FSI<\/p>\n","protected":false},"featured_media":18193,"comment_status":"open","ping_status":"closed","template":"","meta":[],"product_brand":[563],"product_cat":[95],"product_tag":[1042,984,1043,719,1041,1052],"class_list":{"0":"post-18192","1":"product","2":"type-product","3":"status-publish","4":"has-post-thumbnail","6":"product_brand-yato","7":"product_cat-variklio-blokavimo-irankiai","8":"product_tag-1-4-1-6","9":"product_tag-automobiliu-irankiai","10":"product_tag-fsi","11":"product_tag-vag","12":"product_tag-variklio-rakinimo-irankiu-rinkinys","13":"product_tag-yt-06017","15":"first","16":"outofstock","17":"taxable","18":"shipping-taxable","19":"purchasable","20":"product-type-simple"},"_links":{"self":[{"href":"https:\/\/raktava.lt\/en\/wp-json\/wp\/v2\/product\/18192","targetHints":{"allow":["GET"]}}],"collection":[{"href":"https:\/\/raktava.lt\/en\/wp-json\/wp\/v2\/product"}],"about":[{"href":"https:\/\/raktava.lt\/en\/wp-json\/wp\/v2\/types\/product"}],"replies":[{"embeddable":true,"href":"https:\/\/raktava.lt\/en\/wp-json\/wp\/v2\/comments?post=18192"}],"version-history":[{"count":2,"href":"https:\/\/raktava.lt\/en\/wp-json\/wp\/v2\/product\/18192\/revisions"}],"predecessor-version":[{"id":18204,"href":"https:\/\/raktava.lt\/en\/wp-json\/wp\/v2\/product\/18192\/revisions\/18204"}],"wp:featuredmedia":[{"embeddable":true,"href":"https:\/\/raktava.lt\/en\/wp-json\/wp\/v2\/media\/18193"}],"wp:attachment":[{"href":"https:\/\/raktava.lt\/en\/wp-json\/wp\/v2\/media?parent=18192"}],"wp:term":[{"taxonomy":"product_brand","embeddable":true,"href":"https:\/\/raktava.lt\/en\/wp-json\/wp\/v2\/product_brand?post=18192"},{"taxonomy":"product_cat","embeddable":true,"href":"https:\/\/raktava.lt\/en\/wp-json\/wp\/v2\/product_cat?post=18192"},{"taxonomy":"product_tag","embeddable":true,"href":"https:\/\/raktava.lt\/en\/wp-json\/wp\/v2\/product_tag?post=18192"}],"curies":[{"name":"wp","href":"https:\/\/api.w.org\/{rel}","templated":true}]}}