{"id":18181,"date":"2025-08-28T16:45:34","date_gmt":"2025-08-28T13:45:34","guid":{"rendered":"https:\/\/raktava.lt\/?post_type=product&#038;p=18181"},"modified":"2025-12-09T16:23:26","modified_gmt":"2025-12-09T14:23:26","slug":"galvuciu-rinkinys-sugadintiems-varztams-9-19mm-10vnt","status":"publish","type":"product","link":"https:\/\/raktava.lt\/en\/product\/rankiniai-irankiai\/galvutes-galvuciu-komplektai-laikikliai-galvutems\/3-8-galvutes-ir-ju-komplektai\/galvuciu-rinkinys-sugadintiems-varztams-9-19mm-10vnt\/","title":{"rendered":"Galvu\u010di\u0173 rinkinys sugadintiems var\u017etams 9-19mm 10vnt."},"content":{"rendered":"<p>57700 OPEN BRAKE HOSE WRENCHES, SET OF 3 Brand Vorel Symbol 57700 Size 10&#215;11, 12&#215;13, 15&#215;17 mm Number of pieces in the set 3 A set of brake hose wrenches. The semi-open design allows for free access to the brake hose nuts. Size range 11x11mm, 12x13mm, 15x17mm.<\/p>\n<p>&nbsp;<\/p>\n<p><img decoding=\"async\" src=\"https:\/\/vigorus.lt\/catalog\/240916021232_9g.jpg\" \/><img decoding=\"async\" src=\"https:\/\/vigorus.lt\/catalog\/logo120627105013_yato.jpg\" alt=\"YATO\" \/><\/p>\n","protected":false},"excerpt":{"rendered":"<p>Galvu\u010di\u0173 rinkinys sugadintiems var\u017etams 9-19mm 10vnt.<\/p>\n","protected":false},"featured_media":18182,"comment_status":"open","ping_status":"closed","template":"","meta":[],"product_brand":[563],"product_cat":[94],"product_tag":[575,1034,660,784,1035,1036],"class_list":{"0":"post-18181","1":"product","2":"type-product","3":"status-publish","4":"has-post-thumbnail","6":"product_brand-yato","7":"product_cat-3-8-galvutes-ir-ju-komplektai","8":"product_tag-3-8","9":"product_tag-9-19mm","10":"product_tag-galvute","11":"product_tag-galvute-sugadintiems-varztams","12":"product_tag-sraigtines-galvutes","13":"product_tag-yt-06031","15":"first","16":"outofstock","17":"taxable","18":"shipping-taxable","19":"purchasable","20":"product-type-simple"},"_links":{"self":[{"href":"https:\/\/raktava.lt\/en\/wp-json\/wp\/v2\/product\/18181","targetHints":{"allow":["GET"]}}],"collection":[{"href":"https:\/\/raktava.lt\/en\/wp-json\/wp\/v2\/product"}],"about":[{"href":"https:\/\/raktava.lt\/en\/wp-json\/wp\/v2\/types\/product"}],"replies":[{"embeddable":true,"href":"https:\/\/raktava.lt\/en\/wp-json\/wp\/v2\/comments?post=18181"}],"version-history":[{"count":2,"href":"https:\/\/raktava.lt\/en\/wp-json\/wp\/v2\/product\/18181\/revisions"}],"predecessor-version":[{"id":18191,"href":"https:\/\/raktava.lt\/en\/wp-json\/wp\/v2\/product\/18181\/revisions\/18191"}],"wp:featuredmedia":[{"embeddable":true,"href":"https:\/\/raktava.lt\/en\/wp-json\/wp\/v2\/media\/18182"}],"wp:attachment":[{"href":"https:\/\/raktava.lt\/en\/wp-json\/wp\/v2\/media?parent=18181"}],"wp:term":[{"taxonomy":"product_brand","embeddable":true,"href":"https:\/\/raktava.lt\/en\/wp-json\/wp\/v2\/product_brand?post=18181"},{"taxonomy":"product_cat","embeddable":true,"href":"https:\/\/raktava.lt\/en\/wp-json\/wp\/v2\/product_cat?post=18181"},{"taxonomy":"product_tag","embeddable":true,"href":"https:\/\/raktava.lt\/en\/wp-json\/wp\/v2\/product_tag?post=18181"}],"curies":[{"name":"wp","href":"https:\/\/api.w.org\/{rel}","templated":true}]}}