{"id":18167,"date":"2025-08-28T16:35:10","date_gmt":"2025-08-28T13:35:10","guid":{"rendered":"https:\/\/raktava.lt\/?post_type=product&#038;p=18167"},"modified":"2025-08-31T13:00:32","modified_gmt":"2025-08-31T10:00:32","slug":"uv-zibintuvelis-ir-akiniai-kondicionavimo-sistemos-nuotekio-aptikimui-uv-21-led","status":"publish","type":"product","link":"https:\/\/raktava.lt\/en\/product\/automobiliu-remonto-irankiai\/kondicionieriu-pildymo-iranga-priedai\/uv-zibintuvelis-ir-akiniai-kondicionavimo-sistemos-nuotekio-aptikimui-uv-21-led\/","title":{"rendered":"UV \u017eibintuv\u0117lis ir akiniai kondicionavimo sistemos nuot\u0117kio aptikimui, UV 21 LED"},"content":{"rendered":"<p>21 led<br \/>\nProduct description<br \/>\nUV lamp designed to diagnose car air conditioning systems with a contrast agent. 51 LED UV provides a strong radiation stream to facilitate detection of leaks. Supplied with UV protection to comply with the European Personal Protection Equipment Directive.<\/p>\n<p>\u2022 Precise UV wavelength (395 nm) for clear contrast detection<br \/>\n\u2022 Aluminum housing<br \/>\n\u2022 Practical pendant<br \/>\nDestination \/ Application<br \/>\nDetection of leaks in car air conditioning systems, amber searching, banknote tester, animal urine spotting<br \/>\nContents of the package<br \/>\n\u2022 a flashlight<br \/>\n\u2022 UV glasses<br \/>\nTechnical data<br \/>\nIndex number YT-08581<br \/>\nEAN 5906083085819<br \/>\nBrand Yato<br \/>\nunit KPL<\/p>\n<p>Light Source 51 LED UV<br \/>\nUV color 395 nm<br \/>\nPower 3 x AA<br \/>\nClass of protection III<br \/>\nDegree of protection [IP] IP 20<br \/>\naluminum housing<br \/>\nBlack Colour<br \/>\nDimensions [mm] 145 x 55<br \/>\nPacking box color box<\/p>\n<p>51 LED UV 395NM; LED: F5 PURPLE LIGHT; BATTERY: 3*AA BATTERY (NOT INCLUDED)<\/p>\n<p><img decoding=\"async\" src=\"https:\/\/vigorus.lt\/catalog\/logo120627105013_yato.jpg\" alt=\"YATO\" \/><\/p>\n","protected":false},"excerpt":{"rendered":"<p>UV \u017eibintuv\u0117lis ir akiniai kondicionavimo sistemos nuot\u0117kio aptikimui, UV 21 LED<\/p>\n","protected":false},"featured_media":18168,"comment_status":"open","ping_status":"closed","template":"","meta":[],"product_brand":[563],"product_cat":[142],"product_tag":[1032,984,1033,1030,1031,1053],"class_list":{"0":"post-18167","1":"product","2":"type-product","3":"status-publish","4":"has-post-thumbnail","6":"product_brand-yato","7":"product_cat-kondicionieriu-pildymo-iranga-priedai","8":"product_tag-akiniai-kondicionavimo-sistemos-nuotekio-aptikimui","9":"product_tag-automobiliu-irankiai","10":"product_tag-kondicionieriaus-irankiai","11":"product_tag-uv","12":"product_tag-uv-zibintuvelis","13":"product_tag-yt-08581","15":"first","16":"instock","17":"taxable","18":"shipping-taxable","19":"purchasable","20":"product-type-simple"},"_links":{"self":[{"href":"https:\/\/raktava.lt\/en\/wp-json\/wp\/v2\/product\/18167","targetHints":{"allow":["GET"]}}],"collection":[{"href":"https:\/\/raktava.lt\/en\/wp-json\/wp\/v2\/product"}],"about":[{"href":"https:\/\/raktava.lt\/en\/wp-json\/wp\/v2\/types\/product"}],"replies":[{"embeddable":true,"href":"https:\/\/raktava.lt\/en\/wp-json\/wp\/v2\/comments?post=18167"}],"version-history":[{"count":3,"href":"https:\/\/raktava.lt\/en\/wp-json\/wp\/v2\/product\/18167\/revisions"}],"predecessor-version":[{"id":18180,"href":"https:\/\/raktava.lt\/en\/wp-json\/wp\/v2\/product\/18167\/revisions\/18180"}],"wp:featuredmedia":[{"embeddable":true,"href":"https:\/\/raktava.lt\/en\/wp-json\/wp\/v2\/media\/18168"}],"wp:attachment":[{"href":"https:\/\/raktava.lt\/en\/wp-json\/wp\/v2\/media?parent=18167"}],"wp:term":[{"taxonomy":"product_brand","embeddable":true,"href":"https:\/\/raktava.lt\/en\/wp-json\/wp\/v2\/product_brand?post=18167"},{"taxonomy":"product_cat","embeddable":true,"href":"https:\/\/raktava.lt\/en\/wp-json\/wp\/v2\/product_cat?post=18167"},{"taxonomy":"product_tag","embeddable":true,"href":"https:\/\/raktava.lt\/en\/wp-json\/wp\/v2\/product_tag?post=18167"}],"curies":[{"name":"wp","href":"https:\/\/api.w.org\/{rel}","templated":true}]}}