{"id":18126,"date":"2025-08-28T11:20:52","date_gmt":"2025-08-28T08:20:52","guid":{"rendered":"https:\/\/raktava.lt\/?post_type=product&#038;p=18126"},"modified":"2025-10-27T09:06:16","modified_gmt":"2025-10-27T07:06:16","slug":"freza-kietmeltalio-c-cilindro-formos-uzapvalinta-o8-x-19mm","status":"publish","type":"product","link":"https:\/\/raktava.lt\/en\/product\/metalo-apdirbimo-irankiai\/metalo-frezos\/freza-kietmeltalio-c-cilindro-formos-uzapvalinta-o8-x-19mm\/","title":{"rendered":"Freza kietmeltalio C cilindro formos u\u017eapvalinta \u00d88 x 19mm"},"content":{"rendered":"","protected":false},"excerpt":{"rendered":"<p>Freza kietmeltalio C cilindro formos u\u017eapvalinta \u00d88 x 19mm<\/p>\n","protected":false},"featured_media":18128,"comment_status":"open","ping_status":"closed","template":"","meta":[],"product_brand":[],"product_cat":[210],"product_tag":[1000,1001,1057,1003,1002],"class_list":{"0":"post-18126","1":"product","2":"type-product","3":"status-publish","4":"has-post-thumbnail","6":"product_cat-metalo-frezos","7":"product_tag-freza","8":"product_tag-freza-kietmetalio","9":"product_tag-gc608206","10":"product_tag-o8-x-19mm","11":"product_tag-uzapvalinta","13":"first","14":"instock","15":"taxable","16":"shipping-taxable","17":"purchasable","18":"product-type-simple"},"_links":{"self":[{"href":"https:\/\/raktava.lt\/en\/wp-json\/wp\/v2\/product\/18126","targetHints":{"allow":["GET"]}}],"collection":[{"href":"https:\/\/raktava.lt\/en\/wp-json\/wp\/v2\/product"}],"about":[{"href":"https:\/\/raktava.lt\/en\/wp-json\/wp\/v2\/types\/product"}],"replies":[{"embeddable":true,"href":"https:\/\/raktava.lt\/en\/wp-json\/wp\/v2\/comments?post=18126"}],"version-history":[{"count":1,"href":"https:\/\/raktava.lt\/en\/wp-json\/wp\/v2\/product\/18126\/revisions"}],"predecessor-version":[{"id":18127,"href":"https:\/\/raktava.lt\/en\/wp-json\/wp\/v2\/product\/18126\/revisions\/18127"}],"wp:featuredmedia":[{"embeddable":true,"href":"https:\/\/raktava.lt\/en\/wp-json\/wp\/v2\/media\/18128"}],"wp:attachment":[{"href":"https:\/\/raktava.lt\/en\/wp-json\/wp\/v2\/media?parent=18126"}],"wp:term":[{"taxonomy":"product_brand","embeddable":true,"href":"https:\/\/raktava.lt\/en\/wp-json\/wp\/v2\/product_brand?post=18126"},{"taxonomy":"product_cat","embeddable":true,"href":"https:\/\/raktava.lt\/en\/wp-json\/wp\/v2\/product_cat?post=18126"},{"taxonomy":"product_tag","embeddable":true,"href":"https:\/\/raktava.lt\/en\/wp-json\/wp\/v2\/product_tag?post=18126"}],"curies":[{"name":"wp","href":"https:\/\/api.w.org\/{rel}","templated":true}]}}