{"id":18054,"date":"2025-08-04T16:26:28","date_gmt":"2025-08-04T13:26:28","guid":{"rendered":"https:\/\/raktava.lt\/?post_type=product&#038;p=18054"},"modified":"2025-08-31T13:02:48","modified_gmt":"2025-08-31T10:02:48","slug":"verzliaraktis-ziediniais-galais-46x50mm","status":"publish","type":"product","link":"https:\/\/raktava.lt\/en\/product\/rankiniai-irankiai\/verzliarakciai-verzliarakciu-komplektai\/kilpiniai-raktai-ju-komplektai\/verzliaraktis-ziediniais-galais-46x50mm\/","title":{"rendered":"Ver\u017eliaraktis \u017eiediniais galais 46x50mm"},"content":{"rendered":"","protected":false},"excerpt":{"rendered":"<p>Ver\u017eliaraktis \u017eiediniais galais 46x50mm<\/p>\n","protected":false},"featured_media":18039,"comment_status":"open","ping_status":"closed","template":"","meta":[],"product_brand":[708],"product_cat":[200],"product_tag":[1059,1061,1060,1062,649,928],"class_list":{"0":"post-18054","1":"product","2":"type-product","3":"status-publish","4":"has-post-thumbnail","6":"product_brand-talbro","7":"product_cat-kilpiniai-raktai-ju-komplektai","8":"product_tag-1059","9":"product_tag-46mm","10":"product_tag-46x50mm","11":"product_tag-50mm","12":"product_tag-verzliaraktis","13":"product_tag-verzliaraktis-ziediniais-galais","15":"first","16":"instock","17":"taxable","18":"shipping-taxable","19":"purchasable","20":"product-type-simple"},"_links":{"self":[{"href":"https:\/\/raktava.lt\/en\/wp-json\/wp\/v2\/product\/18054","targetHints":{"allow":["GET"]}}],"collection":[{"href":"https:\/\/raktava.lt\/en\/wp-json\/wp\/v2\/product"}],"about":[{"href":"https:\/\/raktava.lt\/en\/wp-json\/wp\/v2\/types\/product"}],"replies":[{"embeddable":true,"href":"https:\/\/raktava.lt\/en\/wp-json\/wp\/v2\/comments?post=18054"}],"version-history":[{"count":1,"href":"https:\/\/raktava.lt\/en\/wp-json\/wp\/v2\/product\/18054\/revisions"}],"predecessor-version":[{"id":18055,"href":"https:\/\/raktava.lt\/en\/wp-json\/wp\/v2\/product\/18054\/revisions\/18055"}],"wp:featuredmedia":[{"embeddable":true,"href":"https:\/\/raktava.lt\/en\/wp-json\/wp\/v2\/media\/18039"}],"wp:attachment":[{"href":"https:\/\/raktava.lt\/en\/wp-json\/wp\/v2\/media?parent=18054"}],"wp:term":[{"taxonomy":"product_brand","embeddable":true,"href":"https:\/\/raktava.lt\/en\/wp-json\/wp\/v2\/product_brand?post=18054"},{"taxonomy":"product_cat","embeddable":true,"href":"https:\/\/raktava.lt\/en\/wp-json\/wp\/v2\/product_cat?post=18054"},{"taxonomy":"product_tag","embeddable":true,"href":"https:\/\/raktava.lt\/en\/wp-json\/wp\/v2\/product_tag?post=18054"}],"curies":[{"name":"wp","href":"https:\/\/api.w.org\/{rel}","templated":true}]}}