{"id":18049,"date":"2025-08-04T15:43:03","date_gmt":"2025-08-04T12:43:03","guid":{"rendered":"https:\/\/raktava.lt\/?post_type=product&#038;p=18049"},"modified":"2026-02-10T15:56:41","modified_gmt":"2026-02-10T13:56:41","slug":"verzliaraktis-ziediniais-galais-19x22mm","status":"publish","type":"product","link":"https:\/\/raktava.lt\/en\/product\/rankiniai-irankiai\/verzliarakciai-verzliarakciu-komplektai\/kilpiniai-raktai-ju-komplektai\/verzliaraktis-ziediniais-galais-19x22mm\/","title":{"rendered":"Ver\u017eliaraktis \u017eiediniais galais 19x22mm"},"content":{"rendered":"","protected":false},"excerpt":{"rendered":"<p>Ver\u017eliaraktis \u017eiediniais galais 19x22mm<\/p>\n","protected":false},"featured_media":18039,"comment_status":"open","ping_status":"closed","template":"","meta":[],"product_brand":[708],"product_cat":[200],"product_tag":[1068,1067,1070,1069,984,973,649,928],"class_list":{"0":"post-18049","1":"product","2":"type-product","3":"status-publish","4":"has-post-thumbnail","6":"product_brand-talbro","7":"product_cat-kilpiniai-raktai-ju-komplektai","8":"product_tag-19mm","9":"product_tag-19x22mm","10":"product_tag-1070","11":"product_tag-22mm","12":"product_tag-automobiliu-irankiai","13":"product_tag-rankiniai-irankiai","14":"product_tag-verzliaraktis","15":"product_tag-verzliaraktis-ziediniais-galais","17":"first","18":"instock","19":"taxable","20":"shipping-taxable","21":"purchasable","22":"product-type-simple"},"_links":{"self":[{"href":"https:\/\/raktava.lt\/en\/wp-json\/wp\/v2\/product\/18049","targetHints":{"allow":["GET"]}}],"collection":[{"href":"https:\/\/raktava.lt\/en\/wp-json\/wp\/v2\/product"}],"about":[{"href":"https:\/\/raktava.lt\/en\/wp-json\/wp\/v2\/types\/product"}],"replies":[{"embeddable":true,"href":"https:\/\/raktava.lt\/en\/wp-json\/wp\/v2\/comments?post=18049"}],"version-history":[{"count":1,"href":"https:\/\/raktava.lt\/en\/wp-json\/wp\/v2\/product\/18049\/revisions"}],"predecessor-version":[{"id":18050,"href":"https:\/\/raktava.lt\/en\/wp-json\/wp\/v2\/product\/18049\/revisions\/18050"}],"wp:featuredmedia":[{"embeddable":true,"href":"https:\/\/raktava.lt\/en\/wp-json\/wp\/v2\/media\/18039"}],"wp:attachment":[{"href":"https:\/\/raktava.lt\/en\/wp-json\/wp\/v2\/media?parent=18049"}],"wp:term":[{"taxonomy":"product_brand","embeddable":true,"href":"https:\/\/raktava.lt\/en\/wp-json\/wp\/v2\/product_brand?post=18049"},{"taxonomy":"product_cat","embeddable":true,"href":"https:\/\/raktava.lt\/en\/wp-json\/wp\/v2\/product_cat?post=18049"},{"taxonomy":"product_tag","embeddable":true,"href":"https:\/\/raktava.lt\/en\/wp-json\/wp\/v2\/product_tag?post=18049"}],"curies":[{"name":"wp","href":"https:\/\/api.w.org\/{rel}","templated":true}]}}