{"id":18044,"date":"2025-08-04T15:35:34","date_gmt":"2025-08-04T12:35:34","guid":{"rendered":"https:\/\/raktava.lt\/?post_type=product&#038;p=18044"},"modified":"2025-08-22T13:18:49","modified_gmt":"2025-08-22T10:18:49","slug":"verzliaraktis-ziediniais-galais-10x12mm","status":"publish","type":"product","link":"https:\/\/raktava.lt\/en\/product\/rankiniai-irankiai\/verzliarakciai-verzliarakciu-komplektai\/kilpiniai-raktai-ju-komplektai\/verzliaraktis-ziediniais-galais-10x12mm\/","title":{"rendered":"Ver\u017eliaraktis \u017eiediniais galais 10x12mm"},"content":{"rendered":"","protected":false},"excerpt":{"rendered":"<p>Ver\u017eliaraktis \u017eiediniais galais 10x12mm<\/p>\n","protected":false},"featured_media":18039,"comment_status":"open","ping_status":"closed","template":"","meta":[],"product_brand":[708],"product_cat":[200],"product_tag":[649,928],"class_list":{"0":"post-18044","1":"product","2":"type-product","3":"status-publish","4":"has-post-thumbnail","6":"product_brand-talbro","7":"product_cat-kilpiniai-raktai-ju-komplektai","8":"product_tag-verzliaraktis","9":"product_tag-verzliaraktis-ziediniais-galais","11":"first","12":"instock","13":"taxable","14":"shipping-taxable","15":"purchasable","16":"product-type-simple"},"_links":{"self":[{"href":"https:\/\/raktava.lt\/en\/wp-json\/wp\/v2\/product\/18044","targetHints":{"allow":["GET"]}}],"collection":[{"href":"https:\/\/raktava.lt\/en\/wp-json\/wp\/v2\/product"}],"about":[{"href":"https:\/\/raktava.lt\/en\/wp-json\/wp\/v2\/types\/product"}],"replies":[{"embeddable":true,"href":"https:\/\/raktava.lt\/en\/wp-json\/wp\/v2\/comments?post=18044"}],"version-history":[{"count":1,"href":"https:\/\/raktava.lt\/en\/wp-json\/wp\/v2\/product\/18044\/revisions"}],"predecessor-version":[{"id":18045,"href":"https:\/\/raktava.lt\/en\/wp-json\/wp\/v2\/product\/18044\/revisions\/18045"}],"wp:featuredmedia":[{"embeddable":true,"href":"https:\/\/raktava.lt\/en\/wp-json\/wp\/v2\/media\/18039"}],"wp:attachment":[{"href":"https:\/\/raktava.lt\/en\/wp-json\/wp\/v2\/media?parent=18044"}],"wp:term":[{"taxonomy":"product_brand","embeddable":true,"href":"https:\/\/raktava.lt\/en\/wp-json\/wp\/v2\/product_brand?post=18044"},{"taxonomy":"product_cat","embeddable":true,"href":"https:\/\/raktava.lt\/en\/wp-json\/wp\/v2\/product_cat?post=18044"},{"taxonomy":"product_tag","embeddable":true,"href":"https:\/\/raktava.lt\/en\/wp-json\/wp\/v2\/product_tag?post=18044"}],"curies":[{"name":"wp","href":"https:\/\/api.w.org\/{rel}","templated":true}]}}