{"id":17949,"date":"2025-07-31T13:36:43","date_gmt":"2025-07-31T10:36:43","guid":{"rendered":"https:\/\/raktava.lt\/?post_type=product&#038;p=17949"},"modified":"2025-07-31T13:36:43","modified_gmt":"2025-07-31T10:36:43","slug":"varztas-su-guoliais-presavimo-indeklams-m16","status":"publish","type":"product","link":"https:\/\/raktava.lt\/en\/product\/automobiliu-remonto-irankiai\/vaziuokles-remonto-irankiai\/guoliu-sailentbloku-presavimo-irankiai\/varztas-su-guoliais-presavimo-indeklams-m16\/","title":{"rendered":"Var\u017etas su guoliais presavimo ind\u0117klams M16"},"content":{"rendered":"","protected":false},"excerpt":{"rendered":"<p>Var\u017etas su guoliais presavimo ind\u0117klams M16<\/p>\n","protected":false},"featured_media":17942,"comment_status":"open","ping_status":"closed","template":"","meta":[],"product_brand":[560],"product_cat":[103],"product_tag":[917],"class_list":{"0":"post-17949","1":"product","2":"type-product","3":"status-publish","4":"has-post-thumbnail","6":"product_brand-essen-tools-germany","7":"product_cat-guoliu-sailentbloku-presavimo-irankiai","8":"product_tag-varztas-guoliu-presavimui","10":"first","11":"instock","12":"taxable","13":"shipping-taxable","14":"purchasable","15":"product-type-simple"},"_links":{"self":[{"href":"https:\/\/raktava.lt\/en\/wp-json\/wp\/v2\/product\/17949","targetHints":{"allow":["GET"]}}],"collection":[{"href":"https:\/\/raktava.lt\/en\/wp-json\/wp\/v2\/product"}],"about":[{"href":"https:\/\/raktava.lt\/en\/wp-json\/wp\/v2\/types\/product"}],"replies":[{"embeddable":true,"href":"https:\/\/raktava.lt\/en\/wp-json\/wp\/v2\/comments?post=17949"}],"version-history":[{"count":1,"href":"https:\/\/raktava.lt\/en\/wp-json\/wp\/v2\/product\/17949\/revisions"}],"predecessor-version":[{"id":17950,"href":"https:\/\/raktava.lt\/en\/wp-json\/wp\/v2\/product\/17949\/revisions\/17950"}],"wp:featuredmedia":[{"embeddable":true,"href":"https:\/\/raktava.lt\/en\/wp-json\/wp\/v2\/media\/17942"}],"wp:attachment":[{"href":"https:\/\/raktava.lt\/en\/wp-json\/wp\/v2\/media?parent=17949"}],"wp:term":[{"taxonomy":"product_brand","embeddable":true,"href":"https:\/\/raktava.lt\/en\/wp-json\/wp\/v2\/product_brand?post=17949"},{"taxonomy":"product_cat","embeddable":true,"href":"https:\/\/raktava.lt\/en\/wp-json\/wp\/v2\/product_cat?post=17949"},{"taxonomy":"product_tag","embeddable":true,"href":"https:\/\/raktava.lt\/en\/wp-json\/wp\/v2\/product_tag?post=17949"}],"curies":[{"name":"wp","href":"https:\/\/api.w.org\/{rel}","templated":true}]}}