{"id":17947,"date":"2025-07-31T13:32:39","date_gmt":"2025-07-31T10:32:39","guid":{"rendered":"https:\/\/raktava.lt\/?post_type=product&#038;p=17947"},"modified":"2025-07-31T13:34:31","modified_gmt":"2025-07-31T10:34:31","slug":"varztas-su-guoliais-presavimo-indeklams-m14","status":"publish","type":"product","link":"https:\/\/raktava.lt\/en\/product\/automobiliu-remonto-irankiai\/vaziuokles-remonto-irankiai\/guoliu-sailentbloku-presavimo-irankiai\/varztas-su-guoliais-presavimo-indeklams-m14\/","title":{"rendered":"Var\u017etas su guoliais presavimo ind\u0117klams M14"},"content":{"rendered":"","protected":false},"excerpt":{"rendered":"<p>Var\u017etas su guoliais presavimo ind\u0117klams M14<\/p>\n","protected":false},"featured_media":17942,"comment_status":"open","ping_status":"closed","template":"","meta":[],"product_brand":[560],"product_cat":[103],"product_tag":[917],"class_list":{"0":"post-17947","1":"product","2":"type-product","3":"status-publish","4":"has-post-thumbnail","6":"product_brand-essen-tools-germany","7":"product_cat-guoliu-sailentbloku-presavimo-irankiai","8":"product_tag-varztas-guoliu-presavimui","10":"first","11":"instock","12":"taxable","13":"shipping-taxable","14":"purchasable","15":"product-type-simple"},"_links":{"self":[{"href":"https:\/\/raktava.lt\/en\/wp-json\/wp\/v2\/product\/17947","targetHints":{"allow":["GET"]}}],"collection":[{"href":"https:\/\/raktava.lt\/en\/wp-json\/wp\/v2\/product"}],"about":[{"href":"https:\/\/raktava.lt\/en\/wp-json\/wp\/v2\/types\/product"}],"replies":[{"embeddable":true,"href":"https:\/\/raktava.lt\/en\/wp-json\/wp\/v2\/comments?post=17947"}],"version-history":[{"count":1,"href":"https:\/\/raktava.lt\/en\/wp-json\/wp\/v2\/product\/17947\/revisions"}],"predecessor-version":[{"id":17948,"href":"https:\/\/raktava.lt\/en\/wp-json\/wp\/v2\/product\/17947\/revisions\/17948"}],"wp:featuredmedia":[{"embeddable":true,"href":"https:\/\/raktava.lt\/en\/wp-json\/wp\/v2\/media\/17942"}],"wp:attachment":[{"href":"https:\/\/raktava.lt\/en\/wp-json\/wp\/v2\/media?parent=17947"}],"wp:term":[{"taxonomy":"product_brand","embeddable":true,"href":"https:\/\/raktava.lt\/en\/wp-json\/wp\/v2\/product_brand?post=17947"},{"taxonomy":"product_cat","embeddable":true,"href":"https:\/\/raktava.lt\/en\/wp-json\/wp\/v2\/product_cat?post=17947"},{"taxonomy":"product_tag","embeddable":true,"href":"https:\/\/raktava.lt\/en\/wp-json\/wp\/v2\/product_tag?post=17947"}],"curies":[{"name":"wp","href":"https:\/\/api.w.org\/{rel}","templated":true}]}}