{"id":17941,"date":"2025-07-31T13:30:10","date_gmt":"2025-07-31T10:30:10","guid":{"rendered":"https:\/\/raktava.lt\/?post_type=product&#038;p=17941"},"modified":"2025-10-14T16:10:47","modified_gmt":"2025-10-14T13:10:47","slug":"varztas-su-guoliais-presavimo-indeklams-m12","status":"publish","type":"product","link":"https:\/\/raktava.lt\/en\/product\/automobiliu-remonto-irankiai\/vaziuokles-remonto-irankiai\/guoliu-sailentbloku-presavimo-irankiai\/varztas-su-guoliais-presavimo-indeklams-m12\/","title":{"rendered":"Var\u017etas su guoliais presavimo ind\u0117klams M12"},"content":{"rendered":"<p>Pakaitinis M12 traukimo velenas universaliems presavimo ir traukimo rankovi\u0173 rinkiniams.<\/p>\n","protected":false},"excerpt":{"rendered":"<p>Var\u017etas su guoliais presavimo ind\u0117klams M12<\/p>\n","protected":false},"featured_media":17942,"comment_status":"open","ping_status":"closed","template":"","meta":[],"product_brand":[560],"product_cat":[103],"product_tag":[1222,917],"class_list":{"0":"post-17941","1":"product","2":"type-product","3":"status-publish","4":"has-post-thumbnail","6":"product_brand-essen-tools-germany","7":"product_cat-guoliu-sailentbloku-presavimo-irankiai","8":"product_tag-m12","9":"product_tag-varztas-guoliu-presavimui","11":"first","12":"outofstock","13":"taxable","14":"shipping-taxable","15":"purchasable","16":"product-type-simple"},"_links":{"self":[{"href":"https:\/\/raktava.lt\/en\/wp-json\/wp\/v2\/product\/17941","targetHints":{"allow":["GET"]}}],"collection":[{"href":"https:\/\/raktava.lt\/en\/wp-json\/wp\/v2\/product"}],"about":[{"href":"https:\/\/raktava.lt\/en\/wp-json\/wp\/v2\/types\/product"}],"replies":[{"embeddable":true,"href":"https:\/\/raktava.lt\/en\/wp-json\/wp\/v2\/comments?post=17941"}],"version-history":[{"count":1,"href":"https:\/\/raktava.lt\/en\/wp-json\/wp\/v2\/product\/17941\/revisions"}],"predecessor-version":[{"id":17946,"href":"https:\/\/raktava.lt\/en\/wp-json\/wp\/v2\/product\/17941\/revisions\/17946"}],"wp:featuredmedia":[{"embeddable":true,"href":"https:\/\/raktava.lt\/en\/wp-json\/wp\/v2\/media\/17942"}],"wp:attachment":[{"href":"https:\/\/raktava.lt\/en\/wp-json\/wp\/v2\/media?parent=17941"}],"wp:term":[{"taxonomy":"product_brand","embeddable":true,"href":"https:\/\/raktava.lt\/en\/wp-json\/wp\/v2\/product_brand?post=17941"},{"taxonomy":"product_cat","embeddable":true,"href":"https:\/\/raktava.lt\/en\/wp-json\/wp\/v2\/product_cat?post=17941"},{"taxonomy":"product_tag","embeddable":true,"href":"https:\/\/raktava.lt\/en\/wp-json\/wp\/v2\/product_tag?post=17941"}],"curies":[{"name":"wp","href":"https:\/\/api.w.org\/{rel}","templated":true}]}}