{"id":17898,"date":"2025-07-30T15:09:21","date_gmt":"2025-07-30T12:09:21","guid":{"rendered":"https:\/\/raktava.lt\/?post_type=product&#038;p=17898"},"modified":"2026-02-27T12:12:14","modified_gmt":"2026-02-27T10:12:14","slug":"l-formos-sarnyriniai-sesiakampiai-15-10-mm","status":"publish","type":"product","link":"https:\/\/raktava.lt\/en\/product\/rankiniai-irankiai\/atsuktuvai-ju-komplektai-l-ir-t-formos-raktai\/l-formos-raktai-6-kampiai-torx-ir-ju-komplektai\/l-formos-sarnyriniai-sesiakampiai-15-10-mm\/","title":{"rendered":"L-formos \u0161arnyriniai \u0161e\u0161iakampiai, 1,5 &#8211; 10 mm"},"content":{"rendered":"","protected":false},"excerpt":{"rendered":"<p>L-formos \u0161arnyriniai \u0161e\u0161iakampiai, 1,5 &#8211; 10 mm<\/p>\n","protected":false},"featured_media":17903,"comment_status":"open","ping_status":"closed","template":"","meta":[],"product_brand":[563],"product_cat":[122],"product_tag":[740,835,2113,2114],"class_list":{"0":"post-17898","1":"product","2":"type-product","3":"status-publish","4":"has-post-thumbnail","6":"product_brand-yato","7":"product_cat-l-formos-raktai-6-kampiai-torx-ir-ju-komplektai","8":"product_tag-l-formos","9":"product_tag-l-formos-sesiakampis","10":"product_tag-sarnyriniai-sesiakampis","11":"product_tag-yt-0505","13":"first","14":"instock","15":"taxable","16":"shipping-taxable","17":"purchasable","18":"product-type-simple"},"_links":{"self":[{"href":"https:\/\/raktava.lt\/en\/wp-json\/wp\/v2\/product\/17898","targetHints":{"allow":["GET"]}}],"collection":[{"href":"https:\/\/raktava.lt\/en\/wp-json\/wp\/v2\/product"}],"about":[{"href":"https:\/\/raktava.lt\/en\/wp-json\/wp\/v2\/types\/product"}],"replies":[{"embeddable":true,"href":"https:\/\/raktava.lt\/en\/wp-json\/wp\/v2\/comments?post=17898"}],"version-history":[{"count":1,"href":"https:\/\/raktava.lt\/en\/wp-json\/wp\/v2\/product\/17898\/revisions"}],"predecessor-version":[{"id":17905,"href":"https:\/\/raktava.lt\/en\/wp-json\/wp\/v2\/product\/17898\/revisions\/17905"}],"wp:featuredmedia":[{"embeddable":true,"href":"https:\/\/raktava.lt\/en\/wp-json\/wp\/v2\/media\/17903"}],"wp:attachment":[{"href":"https:\/\/raktava.lt\/en\/wp-json\/wp\/v2\/media?parent=17898"}],"wp:term":[{"taxonomy":"product_brand","embeddable":true,"href":"https:\/\/raktava.lt\/en\/wp-json\/wp\/v2\/product_brand?post=17898"},{"taxonomy":"product_cat","embeddable":true,"href":"https:\/\/raktava.lt\/en\/wp-json\/wp\/v2\/product_cat?post=17898"},{"taxonomy":"product_tag","embeddable":true,"href":"https:\/\/raktava.lt\/en\/wp-json\/wp\/v2\/product_tag?post=17898"}],"curies":[{"name":"wp","href":"https:\/\/api.w.org\/{rel}","templated":true}]}}