{"id":17890,"date":"2025-07-30T14:56:57","date_gmt":"2025-07-30T11:56:57","guid":{"rendered":"https:\/\/raktava.lt\/?post_type=product&#038;p=17890"},"modified":"2025-07-30T14:56:58","modified_gmt":"2025-07-30T11:56:58","slug":"l-formos-sarnyriniu-torx-raktu-rinkinys-t10-t50-9vnt","status":"publish","type":"product","link":"https:\/\/raktava.lt\/en\/product\/rankiniai-irankiai\/atsuktuvai-ju-komplektai-l-ir-t-formos-raktai\/l-formos-raktai-6-kampiai-torx-ir-ju-komplektai\/l-formos-sarnyriniu-torx-raktu-rinkinys-t10-t50-9vnt\/","title":{"rendered":"L-formos \u0161arnyrini\u0173 TORX rakt\u0173 rinkinys T10-T50 9vnt."},"content":{"rendered":"","protected":false},"excerpt":{"rendered":"<p>L-formos \u0161arnyrini\u0173 TORX rakt\u0173 rinkinys T10-T50 9vnt.<\/p>\n","protected":false},"featured_media":17891,"comment_status":"open","ping_status":"closed","template":"","meta":[],"product_brand":[571],"product_cat":[122],"product_tag":[740,910],"class_list":{"0":"post-17890","1":"product","2":"type-product","3":"status-publish","4":"has-post-thumbnail","6":"product_brand-bgs-technic-germany","7":"product_cat-l-formos-raktai-6-kampiai-torx-ir-ju-komplektai","8":"product_tag-l-formos","9":"product_tag-l-formos-torx","11":"first","12":"instock","13":"taxable","14":"shipping-taxable","15":"purchasable","16":"product-type-simple"},"_links":{"self":[{"href":"https:\/\/raktava.lt\/en\/wp-json\/wp\/v2\/product\/17890","targetHints":{"allow":["GET"]}}],"collection":[{"href":"https:\/\/raktava.lt\/en\/wp-json\/wp\/v2\/product"}],"about":[{"href":"https:\/\/raktava.lt\/en\/wp-json\/wp\/v2\/types\/product"}],"replies":[{"embeddable":true,"href":"https:\/\/raktava.lt\/en\/wp-json\/wp\/v2\/comments?post=17890"}],"version-history":[{"count":1,"href":"https:\/\/raktava.lt\/en\/wp-json\/wp\/v2\/product\/17890\/revisions"}],"predecessor-version":[{"id":17897,"href":"https:\/\/raktava.lt\/en\/wp-json\/wp\/v2\/product\/17890\/revisions\/17897"}],"wp:featuredmedia":[{"embeddable":true,"href":"https:\/\/raktava.lt\/en\/wp-json\/wp\/v2\/media\/17891"}],"wp:attachment":[{"href":"https:\/\/raktava.lt\/en\/wp-json\/wp\/v2\/media?parent=17890"}],"wp:term":[{"taxonomy":"product_brand","embeddable":true,"href":"https:\/\/raktava.lt\/en\/wp-json\/wp\/v2\/product_brand?post=17890"},{"taxonomy":"product_cat","embeddable":true,"href":"https:\/\/raktava.lt\/en\/wp-json\/wp\/v2\/product_cat?post=17890"},{"taxonomy":"product_tag","embeddable":true,"href":"https:\/\/raktava.lt\/en\/wp-json\/wp\/v2\/product_tag?post=17890"}],"curies":[{"name":"wp","href":"https:\/\/api.w.org\/{rel}","templated":true}]}}