{"id":17870,"date":"2025-07-30T14:06:37","date_gmt":"2025-07-30T11:06:37","guid":{"rendered":"https:\/\/raktava.lt\/?post_type=product&#038;p=17870"},"modified":"2026-03-17T13:17:23","modified_gmt":"2026-03-17T11:17:23","slug":"l-formos-torx-raktu-rinkinys-t10-t50-9vnt","status":"publish","type":"product","link":"https:\/\/raktava.lt\/en\/product\/rankiniai-irankiai\/atsuktuvai-ju-komplektai-l-ir-t-formos-raktai\/l-formos-raktai-6-kampiai-torx-ir-ju-komplektai\/l-formos-torx-raktu-rinkinys-t10-t50-9vnt\/","title":{"rendered":"L-formos TORX rakt\u0173 rinkinys T10-T50 9vnt."},"content":{"rendered":"<pre id=\"tw-target-text\" class=\"tw-data-text tw-text-large tw-ta\" dir=\"ltr\" data-placeholder=\"Vertimas\" data-ved=\"2ahUKEwjezqLUteSOAxV_DRAIHTwNARwQ3ewLegQICRAV\" aria-label=\"I\u0161verstas tekstas: Apra\u0161ymas ypa\u010d ilgo tipo sulankstomo laikiklio pristatymo apimtis: L tipo raktas T-Star (Torx) T10, a\u0161men\u0173 ilgis (trumpoji pus\u0117): 15 mm, a\u0161men\u0173 ilgis (ilgoji pus\u0117): 90 mm T15, a\u0161men\u0173 ilgis (trumpoji pus\u0117): 17 mm, a\u0161men\u0173 ilgis (ilgoji pus\u0117): 100 mm T20, a\u0161men\u0173 ilgis (trumpoji pus\u0117): 19 mm, a\u0161men\u0173 ilgis (ilgoji pus\u0117): 110 mm T25, a\u0161men\u0173 ilgis (trumpoji pus\u0117): 21 mm, a\u0161men\u0173 ilgis (ilgoji pus\u0117): 125 mm T27, a\u0161men\u0173 ilgis (trumpoji pus\u0117): 25 mm, a\u0161men\u0173 ilgis (ilgoji pus\u0117): 140 mm T30, a\u0161men\u0173 ilgis (trumpoji pus\u0117): 30 mm, a\u0161men\u0173 ilgis (ilgoji pus\u0117): 155 mm T40, a\u0161men\u0173 ilgis (trumpoji pus\u0117): 33 mm, a\u0161men\u0173 ilgis (ilgoji pus\u0117): 175 mm T45, a\u0161men\u0173 ilgis (trumpoji pus\u0117): 37 mm, a\u0161men\u0173 ilgis (ilgoji pus\u0117): 200 mm T50, a\u0161men\u0173 ilgis (trumpoji pus\u0117): 43 mm, a\u0161men\u0173 ilgis (ilgoji pus\u0117): 225 mm Techniniai duomenys Pakuot\u0117 tinkama kabinti ant sienos Taip Med\u017eiaga Chromo vanad\u017eio plienas (S2) Bendras svoris 430 g\"><span class=\"Y2IQFc\" lang=\"lt\"><strong>L tipo raktas T-Star (Torx)<\/strong>\r\nT10 ilgis: trumpoji pus\u0117 - 15 mm, ilgoji pus\u0117 - 90 mm\r\nT15 ilgis: trumpoji pus\u0117 - 17 mm, ilgoji pus\u0117 - 100 mm\r\nT20 ilgis: trumpoji pus\u0117 - 19 mm, ilgoji pus\u0117 - 110 mm\r\nT25 ilgis: trumpoji pus\u0117 - 21 mm, ilgoji pus\u0117 - 125 mm\r\nT27 ilgis: trumpoji pus\u0117 - 25 mm, ilgoji pus\u0117 - 140 mm\r\nT30 ilgis: trumpoji pus\u0117 - 30 mm, ilgoji pus\u0117 - 155 mm\r\nT40 ilgis: trumpoji pus\u0117 - 33 mm, ilgoji pus\u0117 - 175 mm\r\nT45 ilgis: trumpoji pus\u0117 - 37 mm, ilgoji pus\u0117 - 200 mm\r\nT50 ilgis: trumpoji pus\u0117 - 43 mm, ilgoji pus\u0117 - 225 mm\r\n<strong>Techniniai duomenys<\/strong>\r\nPakuot\u0117 tinkama kabinti ant sienos Taip\r\nMed\u017eiaga Chromo vanad\u017eio plienas (S2)\r\nBendras svoris 430 g\r\n\r\nPRO+ klas\u0117s prailginti L-tipo raktai BGS Technic 793 pagaminti i\u0161 auk\u010diausios kokyb\u0117s chromo vanad\u017eop (CrV S2) \r\n\u012franki\u0173 plieno.\r\n\r\nS2 tipo plienas yra kietesnis ir brangesnis u\u017e \u012fprast\u0105 chromo vanad\u017eio lydin\u012f, tod\u0117l paprastai naudojamas \r\natsuktuv\u0173antgaliams gaminti.\r\n\r\nRaktai pateikiami patogiame plastiko d\u0117kliuke.\r\n\r\n<\/span><\/pre>\n","protected":false},"excerpt":{"rendered":"<p>L-formos TORX rakt\u0173 rinkinys T10-T50 9vnt.<\/p>\n","protected":false},"featured_media":17873,"comment_status":"open","ping_status":"closed","template":"","meta":[],"product_brand":[571],"product_cat":[122],"product_tag":[740,910],"class_list":{"0":"post-17870","1":"product","2":"type-product","3":"status-publish","4":"has-post-thumbnail","6":"product_brand-bgs-technic-germany","7":"product_cat-l-formos-raktai-6-kampiai-torx-ir-ju-komplektai","8":"product_tag-l-formos","9":"product_tag-l-formos-torx","11":"first","12":"outofstock","13":"taxable","14":"shipping-taxable","15":"purchasable","16":"product-type-simple"},"_links":{"self":[{"href":"https:\/\/raktava.lt\/en\/wp-json\/wp\/v2\/product\/17870","targetHints":{"allow":["GET"]}}],"collection":[{"href":"https:\/\/raktava.lt\/en\/wp-json\/wp\/v2\/product"}],"about":[{"href":"https:\/\/raktava.lt\/en\/wp-json\/wp\/v2\/types\/product"}],"replies":[{"embeddable":true,"href":"https:\/\/raktava.lt\/en\/wp-json\/wp\/v2\/comments?post=17870"}],"version-history":[{"count":3,"href":"https:\/\/raktava.lt\/en\/wp-json\/wp\/v2\/product\/17870\/revisions"}],"predecessor-version":[{"id":17889,"href":"https:\/\/raktava.lt\/en\/wp-json\/wp\/v2\/product\/17870\/revisions\/17889"}],"wp:featuredmedia":[{"embeddable":true,"href":"https:\/\/raktava.lt\/en\/wp-json\/wp\/v2\/media\/17873"}],"wp:attachment":[{"href":"https:\/\/raktava.lt\/en\/wp-json\/wp\/v2\/media?parent=17870"}],"wp:term":[{"taxonomy":"product_brand","embeddable":true,"href":"https:\/\/raktava.lt\/en\/wp-json\/wp\/v2\/product_brand?post=17870"},{"taxonomy":"product_cat","embeddable":true,"href":"https:\/\/raktava.lt\/en\/wp-json\/wp\/v2\/product_cat?post=17870"},{"taxonomy":"product_tag","embeddable":true,"href":"https:\/\/raktava.lt\/en\/wp-json\/wp\/v2\/product_tag?post=17870"}],"curies":[{"name":"wp","href":"https:\/\/api.w.org\/{rel}","templated":true}]}}