{"id":17862,"date":"2025-07-30T13:35:56","date_gmt":"2025-07-30T10:35:56","guid":{"rendered":"https:\/\/raktava.lt\/?post_type=product&#038;p=17862"},"modified":"2025-09-03T16:25:50","modified_gmt":"2025-09-03T13:25:50","slug":"t-rankeneliu-atsuktuvu-rinkinys-t-star-su-skyle-t10-t50","status":"publish","type":"product","link":"https:\/\/raktava.lt\/en\/product\/rankiniai-irankiai\/atsuktuvai-ju-komplektai-l-ir-t-formos-raktai\/t-formos-torx-ir-hex-raktai-ju-komplektai\/t-rankeneliu-atsuktuvu-rinkinys-t-star-su-skyle-t10-t50\/","title":{"rendered":"T-ranken\u0117li\u0173 atsuktuv\u0173 rinkinys, T-Star su skyle, T10-T50"},"content":{"rendered":"<ul>\n<li>9 dali\u0173 TORX rakt\u0173 rinkinys.<\/li>\n<li>Raktai turi trij\u0173 komponent\u0173, patvari\u0105 plastikin\u0119 ranken\u0105.<\/li>\n<li>Antgaliai pagaminti i\u0161 S2 plieno.<\/li>\n<li>\u0160oninis kai\u0161tis, integruotas \u012f ranken\u0105, leid\u017eia naudoti ver\u017eliarakt\u012f net su \u012fstrigus ar labai apr\u016bdijusiais var\u017etais.<\/li>\n<\/ul>\n","protected":false},"excerpt":{"rendered":"<p>T-ranken\u0117li\u0173 atsuktuv\u0173 rinkinys, T-Star su skyle, T10-T50<\/p>\n<p>T10, T15, T20, T25, T27, T30, T40, T45, T50<\/p>\n","protected":false},"featured_media":17863,"comment_status":"open","ping_status":"closed","template":"","meta":[],"product_brand":[563],"product_cat":[129,228],"product_tag":[1136,984,973,1134,1135,1123,739],"class_list":{"0":"post-17862","1":"product","2":"type-product","3":"status-publish","4":"has-post-thumbnail","6":"product_brand-yato","7":"product_cat-t-formos-torx-ir-hex-raktai-ju-komplektai","8":"product_cat-torx-atsuktuvai","9":"product_tag-atsuktuvu-rinkinys","10":"product_tag-automobiliu-irankiai","11":"product_tag-rankiniai-irankiai","12":"product_tag-t-rankeneles-t-formos-atsuktuvu-rinkinys","13":"product_tag-t-star-su-skyle","14":"product_tag-t10-t50","15":"product_tag-torx","17":"first","18":"instock","19":"taxable","20":"shipping-taxable","21":"purchasable","22":"product-type-simple"},"_links":{"self":[{"href":"https:\/\/raktava.lt\/en\/wp-json\/wp\/v2\/product\/17862","targetHints":{"allow":["GET"]}}],"collection":[{"href":"https:\/\/raktava.lt\/en\/wp-json\/wp\/v2\/product"}],"about":[{"href":"https:\/\/raktava.lt\/en\/wp-json\/wp\/v2\/types\/product"}],"replies":[{"embeddable":true,"href":"https:\/\/raktava.lt\/en\/wp-json\/wp\/v2\/comments?post=17862"}],"version-history":[{"count":1,"href":"https:\/\/raktava.lt\/en\/wp-json\/wp\/v2\/product\/17862\/revisions"}],"predecessor-version":[{"id":17869,"href":"https:\/\/raktava.lt\/en\/wp-json\/wp\/v2\/product\/17862\/revisions\/17869"}],"wp:featuredmedia":[{"embeddable":true,"href":"https:\/\/raktava.lt\/en\/wp-json\/wp\/v2\/media\/17863"}],"wp:attachment":[{"href":"https:\/\/raktava.lt\/en\/wp-json\/wp\/v2\/media?parent=17862"}],"wp:term":[{"taxonomy":"product_brand","embeddable":true,"href":"https:\/\/raktava.lt\/en\/wp-json\/wp\/v2\/product_brand?post=17862"},{"taxonomy":"product_cat","embeddable":true,"href":"https:\/\/raktava.lt\/en\/wp-json\/wp\/v2\/product_cat?post=17862"},{"taxonomy":"product_tag","embeddable":true,"href":"https:\/\/raktava.lt\/en\/wp-json\/wp\/v2\/product_tag?post=17862"}],"curies":[{"name":"wp","href":"https:\/\/api.w.org\/{rel}","templated":true}]}}