{"id":17834,"date":"2025-07-30T12:43:25","date_gmt":"2025-07-30T09:43:25","guid":{"rendered":"https:\/\/raktava.lt\/?post_type=product&#038;p=17834"},"modified":"2025-07-30T12:56:22","modified_gmt":"2025-07-30T09:56:22","slug":"kombinuotas-raktas-su-terksle-x-beam-17mm","status":"publish","type":"product","link":"https:\/\/raktava.lt\/en\/product\/rankiniai-irankiai\/verzliarakciai-verzliarakciu-komplektai\/terksliniai-raktai-ju-komplektai\/kombinuotas-raktas-su-terksle-x-beam-17mm\/","title":{"rendered":"Kombinuotas raktas su terk\u0161le X-BEAM 17mm"},"content":{"rendered":"<p>SATA X-Beam terk\u0161liniai ver\u017eliarak\u010diai &#8211; maksimalus komfortas ir efektyvumas.<\/p>\n<p>Ergonomi\u0161ki, Tvirta konstrukcija, Greitas darbas<\/p>\n<p>Patirkite nauj\u0105 darbo komfort\u0105 su SATA X-Beam terk\u0161liniais ver\u017eliarak\u010diais! Inovatyvus X formos rankenos dizainas paskirto spaudim\u0105 pla\u010diau- ma\u017eiau nuovargio rankai net ir intensyviai dirbant. Tai puikus pasirinkimas tiek profesionaliems mechanikams, tiek reikl\u0173 \u012frank\u012f vertinantiems nam\u0173 meistrams.<\/p>\n<p><strong>Pagrindin\u0117s savyb\u0117s:<\/strong><\/p>\n<ul>\n<li>X-Beam ergonomin\u0117 rankena &#8211; 2x patogesn\u0117 nei \u012fprasta, suma\u017eina \u012ftamp\u0105 rankoje.<\/li>\n<li>Terk\u0161l\u0117s mechanizmas (ratcheting) &#8211; greitas ir sklandus darbas be ver\u017eliarak\u010dio nu\u0117mimo.<\/li>\n<li>Chromuotas vanad\u017eio plienas (Cr-V) &#8211; atsparumas r\u016bdims ir ilgaam\u017ei\u0161kumas.<\/li>\n<li>Dvipusis veikimas arba krypties perjungimas &#8211; dar daugiau universalumo.<\/li>\n<\/ul>\n<p><strong>Puikiai tinka:<\/strong><\/p>\n<ul>\n<li>Automobili\u0173 servisams<\/li>\n<li>Pramoniniams remontams<\/li>\n<li>Nam\u0173 dirbtuv\u0117ms<\/li>\n<\/ul>\n<p>SATA &#8211; kokyb\u0117, kuria pasitiki profesionalai visame pasaulyje. u\u017esisakyk dabar ir pajusk skirtum\u0105 jau pirmame prisukime.<\/p>\n","protected":false},"excerpt":{"rendered":"<p>Kombinuotas raktas su terk\u0161le X-BEAM 17mm<\/p>\n","protected":false},"featured_media":17807,"comment_status":"open","ping_status":"closed","template":"","meta":[],"product_brand":[627],"product_cat":[116],"product_tag":[707,649,747,897],"class_list":{"0":"post-17834","1":"product","2":"type-product","3":"status-publish","4":"has-post-thumbnail","6":"product_brand-sata","7":"product_cat-terksliniai-raktai-ju-komplektai","8":"product_tag-sata-irankiai","9":"product_tag-verzliaraktis","10":"product_tag-verzliaraktis-terkslinis","11":"product_tag-x-beam","13":"first","14":"instock","15":"taxable","16":"shipping-taxable","17":"purchasable","18":"product-type-simple"},"_links":{"self":[{"href":"https:\/\/raktava.lt\/en\/wp-json\/wp\/v2\/product\/17834","targetHints":{"allow":["GET"]}}],"collection":[{"href":"https:\/\/raktava.lt\/en\/wp-json\/wp\/v2\/product"}],"about":[{"href":"https:\/\/raktava.lt\/en\/wp-json\/wp\/v2\/types\/product"}],"replies":[{"embeddable":true,"href":"https:\/\/raktava.lt\/en\/wp-json\/wp\/v2\/comments?post=17834"}],"version-history":[{"count":2,"href":"https:\/\/raktava.lt\/en\/wp-json\/wp\/v2\/product\/17834\/revisions"}],"predecessor-version":[{"id":17841,"href":"https:\/\/raktava.lt\/en\/wp-json\/wp\/v2\/product\/17834\/revisions\/17841"}],"wp:featuredmedia":[{"embeddable":true,"href":"https:\/\/raktava.lt\/en\/wp-json\/wp\/v2\/media\/17807"}],"wp:attachment":[{"href":"https:\/\/raktava.lt\/en\/wp-json\/wp\/v2\/media?parent=17834"}],"wp:term":[{"taxonomy":"product_brand","embeddable":true,"href":"https:\/\/raktava.lt\/en\/wp-json\/wp\/v2\/product_brand?post=17834"},{"taxonomy":"product_cat","embeddable":true,"href":"https:\/\/raktava.lt\/en\/wp-json\/wp\/v2\/product_cat?post=17834"},{"taxonomy":"product_tag","embeddable":true,"href":"https:\/\/raktava.lt\/en\/wp-json\/wp\/v2\/product_tag?post=17834"}],"curies":[{"name":"wp","href":"https:\/\/api.w.org\/{rel}","templated":true}]}}