{"id":17816,"date":"2025-07-24T16:48:09","date_gmt":"2025-07-24T13:48:09","guid":{"rendered":"https:\/\/raktava.lt\/?post_type=product&#038;p=17816"},"modified":"2025-07-24T16:59:06","modified_gmt":"2025-07-24T13:59:06","slug":"pneumatinis-purkstuku-istraukimo-irankis","status":"publish","type":"product","link":"https:\/\/raktava.lt\/en\/product\/nuoma\/pneumatinis-purkstuku-istraukimo-irankis\/","title":{"rendered":"Pneumatinis purk\u0161tuk\u0173 i\u0161traukimo \u012frankis   NUOMA"},"content":{"rendered":"<p style=\"font-weight: 400;\">Pneumatinis purk\u0161tuk\u0173 i\u0161traukimo komplektas<\/p>\n<p style=\"font-weight: 400;\">Rinkinys susideda i\u0161 pneumatinio i\u0161traukiklio ir keli\u0173 adapteri\u0173, kurie yra tinkami \u012fvariems purk\u0161tukams rinkoje: Bosch, Delphi, Denso, Siemens<\/p>\n<p style=\"font-weight: 400;\">Naudojant pneumatin\u0119 j\u0117g\u0105, jis leid\u017eia i\u0161traukti purk\u0161tukus nenaudojant inercini\u0173 plaktuk\u0173 ar mechanini\u0173 ekstraktori\u0173<\/p>\n<p style=\"font-weight: 400;\"><b><strong>Technin\u0117s specifikacijos:<\/strong><\/b><\/p>\n<ul style=\"font-weight: 400;\">\n<li>Med\u017eiaga: Plienas<\/li>\n<li>Darbinis sl\u0117gis: 5-8 barai<\/li>\n<li>Suderinami preki\u0173 \u017eenklai: Bosch, Delphi, Denso, Siemens<\/li>\n<li>50l\/min<\/li>\n<\/ul>\n<p style=\"font-weight: 400;\"><b><strong>Rinkinys susideda i\u0161:<\/strong><\/b><\/p>\n<ul style=\"font-weight: 400;\">\n<li>Profesionalaus pneumatinio purk\u0161tuk\u0173 i\u0161trauk\u0117jo<\/li>\n<li>Purk\u0161tuk\u0173 i\u0161traukimo prat\u0119simas<\/li>\n<li>Adapteriai M20*1.0, M18*0.75, M17*1.0<\/li>\n<li>Adapteriai M8*1.25, M8*1.0, M8*1.5<\/li>\n<li>Adapteriai M14*1.5, M16*1.5, M18*1.5, M20*1.5, M22*1.5<\/li>\n<li>Adapteriai M25*0.5, M25*1.0,<\/li>\n<li>Adapteriai M26*0.75, M29*1.0, M31*0.75<\/li>\n<li>Adapteriai M27*0.75, M27*1.0<\/li>\n<\/ul>\n","protected":false},"excerpt":{"rendered":"<p><strong>D\u0117l i\u0161samesn\u0117s informacijos ir preki\u0173 rezervacij\u0105 &#8211; skambinkite +37067769713\u00a0<\/strong><\/p>\n<p>&nbsp;<\/p>\n","protected":false},"featured_media":17819,"comment_status":"open","ping_status":"closed","template":"","meta":[],"product_brand":[],"product_cat":[863],"product_tag":[],"class_list":{"0":"post-17816","1":"product","2":"type-product","3":"status-publish","4":"has-post-thumbnail","6":"product_cat-nuoma","8":"first","9":"instock","10":"taxable","11":"shipping-taxable","12":"product-type-simple"},"_links":{"self":[{"href":"https:\/\/raktava.lt\/en\/wp-json\/wp\/v2\/product\/17816","targetHints":{"allow":["GET"]}}],"collection":[{"href":"https:\/\/raktava.lt\/en\/wp-json\/wp\/v2\/product"}],"about":[{"href":"https:\/\/raktava.lt\/en\/wp-json\/wp\/v2\/types\/product"}],"replies":[{"embeddable":true,"href":"https:\/\/raktava.lt\/en\/wp-json\/wp\/v2\/comments?post=17816"}],"version-history":[{"count":5,"href":"https:\/\/raktava.lt\/en\/wp-json\/wp\/v2\/product\/17816\/revisions"}],"predecessor-version":[{"id":17829,"href":"https:\/\/raktava.lt\/en\/wp-json\/wp\/v2\/product\/17816\/revisions\/17829"}],"wp:featuredmedia":[{"embeddable":true,"href":"https:\/\/raktava.lt\/en\/wp-json\/wp\/v2\/media\/17819"}],"wp:attachment":[{"href":"https:\/\/raktava.lt\/en\/wp-json\/wp\/v2\/media?parent=17816"}],"wp:term":[{"taxonomy":"product_brand","embeddable":true,"href":"https:\/\/raktava.lt\/en\/wp-json\/wp\/v2\/product_brand?post=17816"},{"taxonomy":"product_cat","embeddable":true,"href":"https:\/\/raktava.lt\/en\/wp-json\/wp\/v2\/product_cat?post=17816"},{"taxonomy":"product_tag","embeddable":true,"href":"https:\/\/raktava.lt\/en\/wp-json\/wp\/v2\/product_tag?post=17816"}],"curies":[{"name":"wp","href":"https:\/\/api.w.org\/{rel}","templated":true}]}}