{"id":17800,"date":"2025-07-23T09:56:01","date_gmt":"2025-07-23T06:56:01","guid":{"rendered":"https:\/\/raktava.lt\/?post_type=product&#038;p=17800"},"modified":"2026-03-27T11:36:37","modified_gmt":"2026-03-27T09:36:37","slug":"smuginis-sarnyras-kardanas-1-2-2","status":"publish","type":"product","link":"https:\/\/raktava.lt\/en\/product\/rankiniai-irankiai\/adapteriai-ir-adapteriu-rinkiniai\/smuginis-sarnyras-kardanas-1-2-2\/","title":{"rendered":"Sm\u016bginis \u0161arnyras\/kardanas 1\/2"},"content":{"rendered":"<pre id=\"tw-target-text\" class=\"tw-data-text tw-text-large tw-ta\" dir=\"ltr\" data-placeholder=\"Vertimas\" data-ved=\"2ahUKEwjw69rAsNKOAxVIHBAIHbiYAEIQ3ewLegQICRAV\" aria-label=\"I\u0161verstas tekstas: Pagaminta i\u0161 CR-MO, sukurtos atlaikyti did\u017eiul\u0119 j\u0117g\u0105, kuri\u0105 gali sukurti sm\u016bginis ver\u017eliasukis ar suktuvas. Prid\u0117kite \u0161arnyrin\u012f sukim\u0105si ir tur\u0117site paprast\u0105 sprendim\u0105 sunkiai pasiekiamam sur\u016bdijusiam var\u017etui, pavyzd\u017eiui, i\u0161metimo kolektoriaus var\u017etui, kuris da\u017enai matomas po automobiliu. 360\u00b0 sukimasis leid\u017eia atlikti darb\u0105 bet kokiu kampu.\"><span class=\"Y2IQFc\" lang=\"lt\">Pagaminta i\u0161 CR-MO, sukurtas atlaikyti did\u017eiul\u0119 j\u0117g\u0105, kuri\u0105 gali sukurti sm\u016bginis ver\u017eliasukis ar suktuvas. Prid\u0117kite \u0161arnyr\u0105 ir tur\u0117site paprast\u0105 sprendim\u0105 sunkiai pasiekiamam sur\u016bdijusiam var\u017etui, pavyzd\u017eiui, i\u0161metimo kolektoriaus var\u017etui, kuris da\u017enai matomas po automobiliu. 360\u00b0 sukimasis leid\u017eia atlikti darb\u0105 bet kokiu kampu.<\/span><\/pre>\n","protected":false},"excerpt":{"rendered":"<p>Sm\u016bginis \u0161arnyras\/kardanas 1\/2<\/p>\n","protected":false},"featured_media":17801,"comment_status":"open","ping_status":"closed","template":"","meta":[],"product_brand":[727],"product_cat":[93],"product_tag":[731,947,787],"class_list":{"0":"post-17800","1":"product","2":"type-product","3":"status-publish","4":"has-post-thumbnail","6":"product_brand-kingrony","7":"product_cat-adapteriai-ir-adapteriu-rinkiniai","8":"product_tag-kardanas","9":"product_tag-kardanine-jungtis","10":"product_tag-smuginis-sarnyras","12":"first","13":"outofstock","14":"taxable","15":"shipping-taxable","16":"purchasable","17":"product-type-simple"},"_links":{"self":[{"href":"https:\/\/raktava.lt\/en\/wp-json\/wp\/v2\/product\/17800","targetHints":{"allow":["GET"]}}],"collection":[{"href":"https:\/\/raktava.lt\/en\/wp-json\/wp\/v2\/product"}],"about":[{"href":"https:\/\/raktava.lt\/en\/wp-json\/wp\/v2\/types\/product"}],"replies":[{"embeddable":true,"href":"https:\/\/raktava.lt\/en\/wp-json\/wp\/v2\/comments?post=17800"}],"version-history":[{"count":1,"href":"https:\/\/raktava.lt\/en\/wp-json\/wp\/v2\/product\/17800\/revisions"}],"predecessor-version":[{"id":17805,"href":"https:\/\/raktava.lt\/en\/wp-json\/wp\/v2\/product\/17800\/revisions\/17805"}],"wp:featuredmedia":[{"embeddable":true,"href":"https:\/\/raktava.lt\/en\/wp-json\/wp\/v2\/media\/17801"}],"wp:attachment":[{"href":"https:\/\/raktava.lt\/en\/wp-json\/wp\/v2\/media?parent=17800"}],"wp:term":[{"taxonomy":"product_brand","embeddable":true,"href":"https:\/\/raktava.lt\/en\/wp-json\/wp\/v2\/product_brand?post=17800"},{"taxonomy":"product_cat","embeddable":true,"href":"https:\/\/raktava.lt\/en\/wp-json\/wp\/v2\/product_cat?post=17800"},{"taxonomy":"product_tag","embeddable":true,"href":"https:\/\/raktava.lt\/en\/wp-json\/wp\/v2\/product_tag?post=17800"}],"curies":[{"name":"wp","href":"https:\/\/api.w.org\/{rel}","templated":true}]}}