{"id":17778,"date":"2025-07-22T11:42:24","date_gmt":"2025-07-22T08:42:24","guid":{"rendered":"https:\/\/raktava.lt\/?post_type=product&#038;p=17778"},"modified":"2025-10-14T10:44:42","modified_gmt":"2025-10-14T07:44:42","slug":"graztas-metalui-45mm-hssco","status":"publish","type":"product","link":"https:\/\/raktava.lt\/en\/product\/metalo-apdirbimo-irankiai\/graztai-ju-komplektai\/graztas-metalui-45mm-hssco\/","title":{"rendered":"Gr\u0105\u017etas metalui 4,5mm HSS+Co"},"content":{"rendered":"","protected":false},"excerpt":{"rendered":"<p>Gr\u0105\u017etas metalui 4,5mm HSS+Co<\/p>\n","protected":false},"featured_media":17752,"comment_status":"open","ping_status":"closed","template":"","meta":[],"product_brand":[685],"product_cat":[220],"product_tag":[1443,1199,1444,893,959],"class_list":{"0":"post-17778","1":"product","2":"type-product","3":"status-publish","4":"has-post-thumbnail","6":"product_brand-forsage","7":"product_cat-graztai-ju-komplektai","8":"product_tag-1443","9":"product_tag-5mm","10":"product_tag-f-dsp45h","11":"product_tag-graztas","12":"product_tag-graztas-metalui","14":"first","15":"instock","16":"taxable","17":"shipping-taxable","18":"purchasable","19":"product-type-simple"},"_links":{"self":[{"href":"https:\/\/raktava.lt\/en\/wp-json\/wp\/v2\/product\/17778","targetHints":{"allow":["GET"]}}],"collection":[{"href":"https:\/\/raktava.lt\/en\/wp-json\/wp\/v2\/product"}],"about":[{"href":"https:\/\/raktava.lt\/en\/wp-json\/wp\/v2\/types\/product"}],"replies":[{"embeddable":true,"href":"https:\/\/raktava.lt\/en\/wp-json\/wp\/v2\/comments?post=17778"}],"version-history":[{"count":1,"href":"https:\/\/raktava.lt\/en\/wp-json\/wp\/v2\/product\/17778\/revisions"}],"predecessor-version":[{"id":17779,"href":"https:\/\/raktava.lt\/en\/wp-json\/wp\/v2\/product\/17778\/revisions\/17779"}],"wp:featuredmedia":[{"embeddable":true,"href":"https:\/\/raktava.lt\/en\/wp-json\/wp\/v2\/media\/17752"}],"wp:attachment":[{"href":"https:\/\/raktava.lt\/en\/wp-json\/wp\/v2\/media?parent=17778"}],"wp:term":[{"taxonomy":"product_brand","embeddable":true,"href":"https:\/\/raktava.lt\/en\/wp-json\/wp\/v2\/product_brand?post=17778"},{"taxonomy":"product_cat","embeddable":true,"href":"https:\/\/raktava.lt\/en\/wp-json\/wp\/v2\/product_cat?post=17778"},{"taxonomy":"product_tag","embeddable":true,"href":"https:\/\/raktava.lt\/en\/wp-json\/wp\/v2\/product_tag?post=17778"}],"curies":[{"name":"wp","href":"https:\/\/api.w.org\/{rel}","templated":true}]}}