{"id":17776,"date":"2025-07-22T11:40:22","date_gmt":"2025-07-22T08:40:22","guid":{"rendered":"https:\/\/raktava.lt\/?post_type=product&#038;p=17776"},"modified":"2025-09-18T12:05:33","modified_gmt":"2025-09-18T09:05:33","slug":"graztas-metalui-5mm-hssco","status":"publish","type":"product","link":"https:\/\/raktava.lt\/en\/product\/metalo-apdirbimo-irankiai\/graztai-ju-komplektai\/graztas-metalui-5mm-hssco\/","title":{"rendered":"Gr\u0105\u017etas metalui 5mm HSS+Co"},"content":{"rendered":"","protected":false},"excerpt":{"rendered":"<p>Gr\u0105\u017etas metalui 5mm HSS+Co<\/p>\n","protected":false},"featured_media":17752,"comment_status":"open","ping_status":"closed","template":"","meta":[],"product_brand":[685],"product_cat":[220],"product_tag":[893],"class_list":{"0":"post-17776","1":"product","2":"type-product","3":"status-publish","4":"has-post-thumbnail","6":"product_brand-forsage","7":"product_cat-graztai-ju-komplektai","8":"product_tag-graztas","10":"first","11":"instock","12":"taxable","13":"shipping-taxable","14":"purchasable","15":"product-type-simple"},"_links":{"self":[{"href":"https:\/\/raktava.lt\/en\/wp-json\/wp\/v2\/product\/17776","targetHints":{"allow":["GET"]}}],"collection":[{"href":"https:\/\/raktava.lt\/en\/wp-json\/wp\/v2\/product"}],"about":[{"href":"https:\/\/raktava.lt\/en\/wp-json\/wp\/v2\/types\/product"}],"replies":[{"embeddable":true,"href":"https:\/\/raktava.lt\/en\/wp-json\/wp\/v2\/comments?post=17776"}],"version-history":[{"count":1,"href":"https:\/\/raktava.lt\/en\/wp-json\/wp\/v2\/product\/17776\/revisions"}],"predecessor-version":[{"id":17777,"href":"https:\/\/raktava.lt\/en\/wp-json\/wp\/v2\/product\/17776\/revisions\/17777"}],"wp:featuredmedia":[{"embeddable":true,"href":"https:\/\/raktava.lt\/en\/wp-json\/wp\/v2\/media\/17752"}],"wp:attachment":[{"href":"https:\/\/raktava.lt\/en\/wp-json\/wp\/v2\/media?parent=17776"}],"wp:term":[{"taxonomy":"product_brand","embeddable":true,"href":"https:\/\/raktava.lt\/en\/wp-json\/wp\/v2\/product_brand?post=17776"},{"taxonomy":"product_cat","embeddable":true,"href":"https:\/\/raktava.lt\/en\/wp-json\/wp\/v2\/product_cat?post=17776"},{"taxonomy":"product_tag","embeddable":true,"href":"https:\/\/raktava.lt\/en\/wp-json\/wp\/v2\/product_tag?post=17776"}],"curies":[{"name":"wp","href":"https:\/\/api.w.org\/{rel}","templated":true}]}}