{"id":17751,"date":"2025-07-22T10:59:07","date_gmt":"2025-07-22T07:59:07","guid":{"rendered":"https:\/\/raktava.lt\/?post_type=product&#038;p=17751"},"modified":"2025-12-18T15:19:50","modified_gmt":"2025-12-18T13:19:50","slug":"graztas-metalui-12mm-hssco","status":"publish","type":"product","link":"https:\/\/raktava.lt\/en\/product\/metalo-apdirbimo-irankiai\/graztai-ju-komplektai\/graztas-metalui-12mm-hssco\/","title":{"rendered":"Gr\u0105\u017etas metalui 12mm HSS+Co"},"content":{"rendered":"","protected":false},"excerpt":{"rendered":"<p>Gr\u0105\u017etas metalui 12mm HSS+Co<\/p>\n","protected":false},"featured_media":17752,"comment_status":"open","ping_status":"closed","template":"","meta":[],"product_brand":[685],"product_cat":[220],"product_tag":[1900,1901],"class_list":{"0":"post-17751","1":"product","2":"type-product","3":"status-publish","4":"has-post-thumbnail","6":"product_brand-forsage","7":"product_cat-graztai-ju-komplektai","8":"product_tag-graztas-metalui-12mm","9":"product_tag-hss","11":"first","12":"instock","13":"taxable","14":"shipping-taxable","15":"purchasable","16":"product-type-simple"},"_links":{"self":[{"href":"https:\/\/raktava.lt\/en\/wp-json\/wp\/v2\/product\/17751","targetHints":{"allow":["GET"]}}],"collection":[{"href":"https:\/\/raktava.lt\/en\/wp-json\/wp\/v2\/product"}],"about":[{"href":"https:\/\/raktava.lt\/en\/wp-json\/wp\/v2\/types\/product"}],"replies":[{"embeddable":true,"href":"https:\/\/raktava.lt\/en\/wp-json\/wp\/v2\/comments?post=17751"}],"version-history":[{"count":1,"href":"https:\/\/raktava.lt\/en\/wp-json\/wp\/v2\/product\/17751\/revisions"}],"predecessor-version":[{"id":17754,"href":"https:\/\/raktava.lt\/en\/wp-json\/wp\/v2\/product\/17751\/revisions\/17754"}],"wp:featuredmedia":[{"embeddable":true,"href":"https:\/\/raktava.lt\/en\/wp-json\/wp\/v2\/media\/17752"}],"wp:attachment":[{"href":"https:\/\/raktava.lt\/en\/wp-json\/wp\/v2\/media?parent=17751"}],"wp:term":[{"taxonomy":"product_brand","embeddable":true,"href":"https:\/\/raktava.lt\/en\/wp-json\/wp\/v2\/product_brand?post=17751"},{"taxonomy":"product_cat","embeddable":true,"href":"https:\/\/raktava.lt\/en\/wp-json\/wp\/v2\/product_cat?post=17751"},{"taxonomy":"product_tag","embeddable":true,"href":"https:\/\/raktava.lt\/en\/wp-json\/wp\/v2\/product_tag?post=17751"}],"curies":[{"name":"wp","href":"https:\/\/api.w.org\/{rel}","templated":true}]}}