{"id":17722,"date":"2025-07-18T11:01:25","date_gmt":"2025-07-18T08:01:25","guid":{"rendered":"https:\/\/raktava.lt\/?post_type=product&#038;p=17722"},"modified":"2025-07-18T11:45:56","modified_gmt":"2025-07-18T08:45:56","slug":"stabdziu-kaladeliu-e-tipo-galvute-e24-30mm-galvutei-man-tga","status":"publish","type":"product","link":"https:\/\/raktava.lt\/en\/product\/rankiniai-irankiai\/galvutes-galvuciu-komplektai-laikikliai-galvutems\/3-4-galvutes-ir-ju-komplektai\/stabdziu-kaladeliu-e-tipo-galvute-e24-30mm-galvutei-man-tga\/","title":{"rendered":"Stabd\u017ei\u0173 kalad\u0117li\u0173 E-tipo galvut\u0117 E24, 30mm galvutei, (MAN, TGA)"},"content":{"rendered":"","protected":false},"excerpt":{"rendered":"<p>Stabd\u017ei\u0173 kalad\u0117li\u0173 E-tipo galvut\u0117 E24, 30mm galvutei, (MAN, TGA)<\/p>\n","protected":false},"featured_media":17723,"comment_status":"open","ping_status":"closed","template":"","meta":[],"product_brand":[571],"product_cat":[175],"product_tag":[887,888,660,710],"class_list":{"0":"post-17722","1":"product","2":"type-product","3":"status-publish","4":"has-post-thumbnail","6":"product_brand-bgs-technic-germany","7":"product_cat-3-4-galvutes-ir-ju-komplektai","8":"product_tag-e-tipo-galvute","9":"product_tag-e-tipo-irankiai","10":"product_tag-galvute","11":"product_tag-galvute-smugine","13":"first","14":"instock","15":"taxable","16":"shipping-taxable","17":"purchasable","18":"product-type-simple"},"_links":{"self":[{"href":"https:\/\/raktava.lt\/en\/wp-json\/wp\/v2\/product\/17722","targetHints":{"allow":["GET"]}}],"collection":[{"href":"https:\/\/raktava.lt\/en\/wp-json\/wp\/v2\/product"}],"about":[{"href":"https:\/\/raktava.lt\/en\/wp-json\/wp\/v2\/types\/product"}],"replies":[{"embeddable":true,"href":"https:\/\/raktava.lt\/en\/wp-json\/wp\/v2\/comments?post=17722"}],"version-history":[{"count":1,"href":"https:\/\/raktava.lt\/en\/wp-json\/wp\/v2\/product\/17722\/revisions"}],"predecessor-version":[{"id":17731,"href":"https:\/\/raktava.lt\/en\/wp-json\/wp\/v2\/product\/17722\/revisions\/17731"}],"wp:featuredmedia":[{"embeddable":true,"href":"https:\/\/raktava.lt\/en\/wp-json\/wp\/v2\/media\/17723"}],"wp:attachment":[{"href":"https:\/\/raktava.lt\/en\/wp-json\/wp\/v2\/media?parent=17722"}],"wp:term":[{"taxonomy":"product_brand","embeddable":true,"href":"https:\/\/raktava.lt\/en\/wp-json\/wp\/v2\/product_brand?post=17722"},{"taxonomy":"product_cat","embeddable":true,"href":"https:\/\/raktava.lt\/en\/wp-json\/wp\/v2\/product_cat?post=17722"},{"taxonomy":"product_tag","embeddable":true,"href":"https:\/\/raktava.lt\/en\/wp-json\/wp\/v2\/product_tag?post=17722"}],"curies":[{"name":"wp","href":"https:\/\/api.w.org\/{rel}","templated":true}]}}