{"id":17718,"date":"2025-07-18T10:46:46","date_gmt":"2025-07-18T07:46:46","guid":{"rendered":"https:\/\/raktava.lt\/?post_type=product&#038;p=17718"},"modified":"2025-07-18T10:52:06","modified_gmt":"2025-07-18T07:52:06","slug":"prailginta-smugine-galvute-3-4-e24","status":"publish","type":"product","link":"https:\/\/raktava.lt\/en\/product\/rankiniai-irankiai\/galvutes-galvuciu-komplektai-laikikliai-galvutems\/3-4-galvutes-ir-ju-komplektai\/prailginta-smugine-galvute-3-4-e24\/","title":{"rendered":"Prailginta sm\u016bgin\u0117 galvut\u0117 3\/4 E24"},"content":{"rendered":"<p>L = 110 mm<br \/>\nMed\u017eiaga CR-MO<\/p>\n","protected":false},"excerpt":{"rendered":"<p>Prailginta sm\u016bgin\u0117 galvut\u0117 3\/4 E24<\/p>\n","protected":false},"featured_media":17719,"comment_status":"open","ping_status":"closed","template":"","meta":[],"product_brand":[602],"product_cat":[175],"product_tag":[887,888,660,710],"class_list":{"0":"post-17718","1":"product","2":"type-product","3":"status-publish","4":"has-post-thumbnail","6":"product_brand-ellien-tools","7":"product_cat-3-4-galvutes-ir-ju-komplektai","8":"product_tag-e-tipo-galvute","9":"product_tag-e-tipo-irankiai","10":"product_tag-galvute","11":"product_tag-galvute-smugine","13":"first","14":"instock","15":"taxable","16":"shipping-taxable","17":"purchasable","18":"product-type-simple"},"_links":{"self":[{"href":"https:\/\/raktava.lt\/en\/wp-json\/wp\/v2\/product\/17718","targetHints":{"allow":["GET"]}}],"collection":[{"href":"https:\/\/raktava.lt\/en\/wp-json\/wp\/v2\/product"}],"about":[{"href":"https:\/\/raktava.lt\/en\/wp-json\/wp\/v2\/types\/product"}],"replies":[{"embeddable":true,"href":"https:\/\/raktava.lt\/en\/wp-json\/wp\/v2\/comments?post=17718"}],"version-history":[{"count":1,"href":"https:\/\/raktava.lt\/en\/wp-json\/wp\/v2\/product\/17718\/revisions"}],"predecessor-version":[{"id":17721,"href":"https:\/\/raktava.lt\/en\/wp-json\/wp\/v2\/product\/17718\/revisions\/17721"}],"wp:featuredmedia":[{"embeddable":true,"href":"https:\/\/raktava.lt\/en\/wp-json\/wp\/v2\/media\/17719"}],"wp:attachment":[{"href":"https:\/\/raktava.lt\/en\/wp-json\/wp\/v2\/media?parent=17718"}],"wp:term":[{"taxonomy":"product_brand","embeddable":true,"href":"https:\/\/raktava.lt\/en\/wp-json\/wp\/v2\/product_brand?post=17718"},{"taxonomy":"product_cat","embeddable":true,"href":"https:\/\/raktava.lt\/en\/wp-json\/wp\/v2\/product_cat?post=17718"},{"taxonomy":"product_tag","embeddable":true,"href":"https:\/\/raktava.lt\/en\/wp-json\/wp\/v2\/product_tag?post=17718"}],"curies":[{"name":"wp","href":"https:\/\/api.w.org\/{rel}","templated":true}]}}