{"id":17693,"date":"2025-07-17T16:33:39","date_gmt":"2025-07-17T13:33:39","guid":{"rendered":"https:\/\/raktava.lt\/?post_type=product&#038;p=17693"},"modified":"2025-07-17T16:38:35","modified_gmt":"2025-07-17T13:38:35","slug":"terksle-reversine-1-2-52-dantuku-su-360-pasukama-rankena","status":"publish","type":"product","link":"https:\/\/raktava.lt\/en\/product\/rankiniai-irankiai\/terksles-rankenos-slankiojancios-jungtys\/terksles-galvutems\/terksle-reversine-1-2-52-dantuku-su-360-pasukama-rankena\/","title":{"rendered":"Terk\u0161l\u0117 reversin\u0117 1\/2 52 dantuk\u0173 (su 360\u00b0 pasukama rankena)"},"content":{"rendered":"<p>Lengva keisti veikimo krypt\u012f.<br \/>\nSpeciali rankena besisukanti valdymo konstrukcija, patogi naudoti siaurose erdv\u0117se<br \/>\nGreito atleidimo mygtukas ir atbulin\u0117s eigos jungiklis<\/p>\n","protected":false},"excerpt":{"rendered":"<p>Terk\u0161l\u0117 reversin\u0117 1\/2<\/p>\n","protected":false},"featured_media":17694,"comment_status":"open","ping_status":"closed","template":"","meta":[],"product_brand":[602],"product_cat":[49],"product_tag":[885],"class_list":{"0":"post-17693","1":"product","2":"type-product","3":"status-publish","4":"has-post-thumbnail","6":"product_brand-ellien-tools","7":"product_cat-terksles-galvutems","8":"product_tag-terksle-1-2","10":"first","11":"instock","12":"taxable","13":"shipping-taxable","14":"purchasable","15":"product-type-simple"},"_links":{"self":[{"href":"https:\/\/raktava.lt\/en\/wp-json\/wp\/v2\/product\/17693","targetHints":{"allow":["GET"]}}],"collection":[{"href":"https:\/\/raktava.lt\/en\/wp-json\/wp\/v2\/product"}],"about":[{"href":"https:\/\/raktava.lt\/en\/wp-json\/wp\/v2\/types\/product"}],"replies":[{"embeddable":true,"href":"https:\/\/raktava.lt\/en\/wp-json\/wp\/v2\/comments?post=17693"}],"version-history":[{"count":1,"href":"https:\/\/raktava.lt\/en\/wp-json\/wp\/v2\/product\/17693\/revisions"}],"predecessor-version":[{"id":17702,"href":"https:\/\/raktava.lt\/en\/wp-json\/wp\/v2\/product\/17693\/revisions\/17702"}],"wp:featuredmedia":[{"embeddable":true,"href":"https:\/\/raktava.lt\/en\/wp-json\/wp\/v2\/media\/17694"}],"wp:attachment":[{"href":"https:\/\/raktava.lt\/en\/wp-json\/wp\/v2\/media?parent=17693"}],"wp:term":[{"taxonomy":"product_brand","embeddable":true,"href":"https:\/\/raktava.lt\/en\/wp-json\/wp\/v2\/product_brand?post=17693"},{"taxonomy":"product_cat","embeddable":true,"href":"https:\/\/raktava.lt\/en\/wp-json\/wp\/v2\/product_cat?post=17693"},{"taxonomy":"product_tag","embeddable":true,"href":"https:\/\/raktava.lt\/en\/wp-json\/wp\/v2\/product_tag?post=17693"}],"curies":[{"name":"wp","href":"https:\/\/api.w.org\/{rel}","templated":true}]}}