{"id":17682,"date":"2025-07-17T16:24:54","date_gmt":"2025-07-17T13:24:54","guid":{"rendered":"https:\/\/raktava.lt\/?post_type=product&#038;p=17682"},"modified":"2026-01-20T16:04:35","modified_gmt":"2026-01-20T14:04:35","slug":"terksliniu-reversiniu-mini-rankeneliu-rinkinys-1-43-81-2","status":"publish","type":"product","link":"https:\/\/raktava.lt\/en\/product\/rankiniai-irankiai\/terksles-rankenos-slankiojancios-jungtys\/terksles-galvutems\/terksliniu-reversiniu-mini-rankeneliu-rinkinys-1-43-81-2\/","title":{"rendered":"Terk\u0161lini\u0173 reversini\u0173 mini ranken\u0117li\u0173 rinkinys 1\/4+3\/8+1\/2"},"content":{"rendered":"<pre id=\"tw-target-text\" class=\"tw-data-text tw-text-large tw-ta\" dir=\"ltr\" data-placeholder=\"Vertimas\" data-ved=\"2ahUKEwjerd3m_sOOAxUZAxAIHUD8GRgQ3ewLegQICRAV\" aria-label=\"I\u0161verstas tekstas: Specialiai sukurta naudoti ank\u0161tose ir ank\u0161tose erdv\u0117se\r\n\r\nErgonomi\u0161kas kont\u016brinis dizainas geresniam sukibimui pir\u0161tais\r\n\r\nGr\u012f\u017etamasis terk\u0161l\u0117s mechanizmas \u2013 tiesiog pasukite ratuk\u0105 pir\u0161t\u0173 terk\u0161l\u0117s priekyje\r\n\r\nGalimi \u0161ie dyd\u017eiai:\r\n1\/4 colio pavara\r\n3\/8 colio pavara\r\n1\/2 colio pavara\"><span class=\"Y2IQFc\" lang=\"lt\">Specialiai sukurta naudoti ank\u0161tose erdv\u0117se\r\n\r\nErgonomi\u0161kas kont\u016brinis dizainas geresniam sukibimui pir\u0161tais\r\n\r\nGr\u012f\u017etamasis terk\u0161l\u0117s mechanizmas \u2013 tiesiog pasukite ratuk\u0105 pir\u0161t\u0173 terk\u0161l\u0117s priekyje\r\n\r\nGalimi \u0161ie dyd\u017eiai:\r\n1\/4 colio pavara\r\n3\/8 colio pavara\r\n1\/2 colio pavara<\/span><\/pre>\n","protected":false},"excerpt":{"rendered":"<p>Terk\u0161lini\u0173 reversini\u0173 mini ranken\u0117li\u0173 rinkinys 1\/4+3\/8+1\/2<\/p>\n","protected":false},"featured_media":17683,"comment_status":"open","ping_status":"closed","template":"","meta":[],"product_brand":[727],"product_cat":[49],"product_tag":[884],"class_list":{"0":"post-17682","1":"product","2":"type-product","3":"status-publish","4":"has-post-thumbnail","6":"product_brand-kingrony","7":"product_cat-terksles-galvutems","8":"product_tag-mini-rankeneles","10":"first","11":"instock","12":"taxable","13":"shipping-taxable","14":"purchasable","15":"product-type-simple"},"_links":{"self":[{"href":"https:\/\/raktava.lt\/en\/wp-json\/wp\/v2\/product\/17682","targetHints":{"allow":["GET"]}}],"collection":[{"href":"https:\/\/raktava.lt\/en\/wp-json\/wp\/v2\/product"}],"about":[{"href":"https:\/\/raktava.lt\/en\/wp-json\/wp\/v2\/types\/product"}],"replies":[{"embeddable":true,"href":"https:\/\/raktava.lt\/en\/wp-json\/wp\/v2\/comments?post=17682"}],"version-history":[{"count":2,"href":"https:\/\/raktava.lt\/en\/wp-json\/wp\/v2\/product\/17682\/revisions"}],"predecessor-version":[{"id":17692,"href":"https:\/\/raktava.lt\/en\/wp-json\/wp\/v2\/product\/17682\/revisions\/17692"}],"wp:featuredmedia":[{"embeddable":true,"href":"https:\/\/raktava.lt\/en\/wp-json\/wp\/v2\/media\/17683"}],"wp:attachment":[{"href":"https:\/\/raktava.lt\/en\/wp-json\/wp\/v2\/media?parent=17682"}],"wp:term":[{"taxonomy":"product_brand","embeddable":true,"href":"https:\/\/raktava.lt\/en\/wp-json\/wp\/v2\/product_brand?post=17682"},{"taxonomy":"product_cat","embeddable":true,"href":"https:\/\/raktava.lt\/en\/wp-json\/wp\/v2\/product_cat?post=17682"},{"taxonomy":"product_tag","embeddable":true,"href":"https:\/\/raktava.lt\/en\/wp-json\/wp\/v2\/product_tag?post=17682"}],"curies":[{"name":"wp","href":"https:\/\/api.w.org\/{rel}","templated":true}]}}