{"id":17676,"date":"2025-07-17T16:18:09","date_gmt":"2025-07-17T13:18:09","guid":{"rendered":"https:\/\/raktava.lt\/?post_type=product&#038;p=17676"},"modified":"2025-07-17T16:18:09","modified_gmt":"2025-07-17T13:18:09","slug":"reples-kuro-magistraliu-sujungimams","status":"publish","type":"product","link":"https:\/\/raktava.lt\/en\/product\/rankiniai-irankiai\/reples-repliu-komplektai-zirkles-skardai-specializuotos-reples\/specializuotos-reples\/reples-kuro-magistraliu-sujungimams\/","title":{"rendered":"Repl\u0117s kuro magistrali\u0173 sujungimams"},"content":{"rendered":"<p>VW AUDI, Fiat, GM, Opel, Mercedes ir kit\u0173 marki\u0173 su benzininiais varikliais.<\/p>\n","protected":false},"excerpt":{"rendered":"<p>Repl\u0117s kuro magistrali\u0173 sujungimams<\/p>\n","protected":false},"featured_media":17677,"comment_status":"open","ping_status":"closed","template":"","meta":[],"product_brand":[825],"product_cat":[183,108],"product_tag":[623,883],"class_list":{"0":"post-17676","1":"product","2":"type-product","3":"status-publish","4":"has-post-thumbnail","6":"product_brand-asta","7":"product_cat-specializuotos-reples","8":"product_cat-zarnu-uzspaudimo-irankiai","9":"product_tag-reples","10":"product_tag-reples-sujungimams","12":"first","13":"instock","14":"taxable","15":"shipping-taxable","16":"purchasable","17":"product-type-simple"},"_links":{"self":[{"href":"https:\/\/raktava.lt\/en\/wp-json\/wp\/v2\/product\/17676","targetHints":{"allow":["GET"]}}],"collection":[{"href":"https:\/\/raktava.lt\/en\/wp-json\/wp\/v2\/product"}],"about":[{"href":"https:\/\/raktava.lt\/en\/wp-json\/wp\/v2\/types\/product"}],"replies":[{"embeddable":true,"href":"https:\/\/raktava.lt\/en\/wp-json\/wp\/v2\/comments?post=17676"}],"version-history":[{"count":1,"href":"https:\/\/raktava.lt\/en\/wp-json\/wp\/v2\/product\/17676\/revisions"}],"predecessor-version":[{"id":17681,"href":"https:\/\/raktava.lt\/en\/wp-json\/wp\/v2\/product\/17676\/revisions\/17681"}],"wp:featuredmedia":[{"embeddable":true,"href":"https:\/\/raktava.lt\/en\/wp-json\/wp\/v2\/media\/17677"}],"wp:attachment":[{"href":"https:\/\/raktava.lt\/en\/wp-json\/wp\/v2\/media?parent=17676"}],"wp:term":[{"taxonomy":"product_brand","embeddable":true,"href":"https:\/\/raktava.lt\/en\/wp-json\/wp\/v2\/product_brand?post=17676"},{"taxonomy":"product_cat","embeddable":true,"href":"https:\/\/raktava.lt\/en\/wp-json\/wp\/v2\/product_cat?post=17676"},{"taxonomy":"product_tag","embeddable":true,"href":"https:\/\/raktava.lt\/en\/wp-json\/wp\/v2\/product_tag?post=17676"}],"curies":[{"name":"wp","href":"https:\/\/api.w.org\/{rel}","templated":true}]}}