{"id":17657,"date":"2025-07-16T11:59:22","date_gmt":"2025-07-16T08:59:22","guid":{"rendered":"https:\/\/raktava.lt\/?post_type=product&#038;p=17657"},"modified":"2025-07-16T12:00:38","modified_gmt":"2025-07-16T09:00:38","slug":"verzliaraktis-su-terksle-8mm","status":"publish","type":"product","link":"https:\/\/raktava.lt\/en\/product\/rankiniai-irankiai\/verzliarakciai-verzliarakciu-komplektai\/terksliniai-raktai-ju-komplektai\/verzliaraktis-su-terksle-8mm\/","title":{"rendered":"Ver\u017eliaraktis su terk\u0161le 8mm"},"content":{"rendered":"<pre id=\"tw-target-text\" class=\"tw-data-text tw-text-large tw-ta\" dir=\"ltr\" data-placeholder=\"Vertimas\" data-ved=\"2ahUKEwjBlY3z68COAxU0GRAIHVwYGeEQ3ewLegQICRAV\" aria-label=\"I\u0161verstas tekstas: Techniniai duomenys\r\nIndekso numeris YT-01908\r\nEAN 5906083019081\r\nPrek\u0117s \u017eenklas Yato\r\nBendras svoris (kg) 0,0600\r\nIlgis [mm] 140\r\nTerk\u0161tel\u0117s storis [mm] 8\r\nPlok\u0161\u010diojo rakto storis [mm] 4,5\r\nMed\u017eiaga CrV\r\nPlastikinis pakabukas \/ spalv\u0173 d\u0117\u017eut\u0117\r\nTerk\u0161tel\u0117s tipas 72T\r\nDydis [mm] 8\r\nPlok\u0161\u010diojo rakto plotis [mm] 12\r\nChromuotas poliruotas pavir\u0161ius\r\nStoris [mm] 8,0\r\nElement\u0173 skai\u010dius [vnt.] 1\"><span class=\"Y2IQFc\" lang=\"lt\">Techniniai duomenys\r\nIndekso numeris YT-01908\r\nEAN 5906083019081\r\nPrek\u0117s \u017eenklas Yato\r\nBendras svoris (kg) 0,0600\r\nIlgis [mm] 140\r\nTerk\u0161tel\u0117s storis [mm] 8\r\nPlok\u0161\u010diojo rakto storis [mm] 4,5\r\nMed\u017eiaga CrV\r\nPlastikinis pakabukas \/ spalv\u0173 d\u0117\u017eut\u0117\r\nTerk\u0161tel\u0117s tipas 72T\r\nDydis [mm] 8\r\nPlok\u0161\u010diojo rakto plotis [mm] 12\r\nChromuotas poliruotas pavir\u0161ius\r\nStoris [mm] 8,0\r\nElement\u0173 skai\u010dius [vnt.] 1<\/span><\/pre>\n","protected":false},"excerpt":{"rendered":"<p>Ver\u017eliaraktis su terk\u0161le 8mm<\/p>\n","protected":false},"featured_media":17658,"comment_status":"open","ping_status":"closed","template":"","meta":[],"product_brand":[563],"product_cat":[116],"product_tag":[748],"class_list":{"0":"post-17657","1":"product","2":"type-product","3":"status-publish","4":"has-post-thumbnail","6":"product_brand-yato","7":"product_cat-terksliniai-raktai-ju-komplektai","8":"product_tag-verzliaraktis-su-terksle","10":"first","11":"instock","12":"taxable","13":"shipping-taxable","14":"purchasable","15":"product-type-simple"},"_links":{"self":[{"href":"https:\/\/raktava.lt\/en\/wp-json\/wp\/v2\/product\/17657","targetHints":{"allow":["GET"]}}],"collection":[{"href":"https:\/\/raktava.lt\/en\/wp-json\/wp\/v2\/product"}],"about":[{"href":"https:\/\/raktava.lt\/en\/wp-json\/wp\/v2\/types\/product"}],"replies":[{"embeddable":true,"href":"https:\/\/raktava.lt\/en\/wp-json\/wp\/v2\/comments?post=17657"}],"version-history":[{"count":3,"href":"https:\/\/raktava.lt\/en\/wp-json\/wp\/v2\/product\/17657\/revisions"}],"predecessor-version":[{"id":17662,"href":"https:\/\/raktava.lt\/en\/wp-json\/wp\/v2\/product\/17657\/revisions\/17662"}],"wp:featuredmedia":[{"embeddable":true,"href":"https:\/\/raktava.lt\/en\/wp-json\/wp\/v2\/media\/17658"}],"wp:attachment":[{"href":"https:\/\/raktava.lt\/en\/wp-json\/wp\/v2\/media?parent=17657"}],"wp:term":[{"taxonomy":"product_brand","embeddable":true,"href":"https:\/\/raktava.lt\/en\/wp-json\/wp\/v2\/product_brand?post=17657"},{"taxonomy":"product_cat","embeddable":true,"href":"https:\/\/raktava.lt\/en\/wp-json\/wp\/v2\/product_cat?post=17657"},{"taxonomy":"product_tag","embeddable":true,"href":"https:\/\/raktava.lt\/en\/wp-json\/wp\/v2\/product_tag?post=17657"}],"curies":[{"name":"wp","href":"https:\/\/api.w.org\/{rel}","templated":true}]}}