{"id":17639,"date":"2025-07-16T11:25:07","date_gmt":"2025-07-16T08:25:07","guid":{"rendered":"https:\/\/raktava.lt\/?post_type=product&#038;p=17639"},"modified":"2025-07-16T11:29:09","modified_gmt":"2025-07-16T08:29:09","slug":"rankenele-apdailu-klipsams-62x100-mm","status":"publish","type":"product","link":"https:\/\/raktava.lt\/en\/product\/automative-service-tools\/body-repair-tools\/rankenele-apdailu-klipsams-62x100-mm\/","title":{"rendered":"Ranken\u0117l\u0117 apdail\u0173 klipsams 6,2&#215;100 mm"},"content":{"rendered":"","protected":false},"excerpt":{"rendered":"<p>Ranken\u0117l\u0117 apdail\u0173 klipsams 6,2&#215;100 mm<\/p>\n","protected":false},"featured_media":17643,"comment_status":"open","ping_status":"closed","template":"","meta":[],"product_brand":[563],"product_cat":[162],"product_tag":[855],"class_list":{"0":"post-17639","1":"product","2":"type-product","3":"status-publish","4":"has-post-thumbnail","6":"product_brand-yato","7":"product_cat-kebulo-remonto-irankiai","8":"product_tag-rankenele-apdailu-klipsams","10":"first","11":"instock","12":"taxable","13":"shipping-taxable","14":"purchasable","15":"product-type-simple"},"_links":{"self":[{"href":"https:\/\/raktava.lt\/en\/wp-json\/wp\/v2\/product\/17639","targetHints":{"allow":["GET"]}}],"collection":[{"href":"https:\/\/raktava.lt\/en\/wp-json\/wp\/v2\/product"}],"about":[{"href":"https:\/\/raktava.lt\/en\/wp-json\/wp\/v2\/types\/product"}],"replies":[{"embeddable":true,"href":"https:\/\/raktava.lt\/en\/wp-json\/wp\/v2\/comments?post=17639"}],"version-history":[{"count":1,"href":"https:\/\/raktava.lt\/en\/wp-json\/wp\/v2\/product\/17639\/revisions"}],"predecessor-version":[{"id":17642,"href":"https:\/\/raktava.lt\/en\/wp-json\/wp\/v2\/product\/17639\/revisions\/17642"}],"wp:featuredmedia":[{"embeddable":true,"href":"https:\/\/raktava.lt\/en\/wp-json\/wp\/v2\/media\/17643"}],"wp:attachment":[{"href":"https:\/\/raktava.lt\/en\/wp-json\/wp\/v2\/media?parent=17639"}],"wp:term":[{"taxonomy":"product_brand","embeddable":true,"href":"https:\/\/raktava.lt\/en\/wp-json\/wp\/v2\/product_brand?post=17639"},{"taxonomy":"product_cat","embeddable":true,"href":"https:\/\/raktava.lt\/en\/wp-json\/wp\/v2\/product_cat?post=17639"},{"taxonomy":"product_tag","embeddable":true,"href":"https:\/\/raktava.lt\/en\/wp-json\/wp\/v2\/product_tag?post=17639"}],"curies":[{"name":"wp","href":"https:\/\/api.w.org\/{rel}","templated":true}]}}