{"id":17627,"date":"2025-07-16T11:19:26","date_gmt":"2025-07-16T08:19:26","guid":{"rendered":"https:\/\/raktava.lt\/?post_type=product&#038;p=17627"},"modified":"2025-10-09T10:49:25","modified_gmt":"2025-10-09T07:49:25","slug":"speciali-galvute-motociklams-3-8-17-19-22-24","status":"publish","type":"product","link":"https:\/\/raktava.lt\/en\/product\/uncategorized-en\/speciali-galvute-motociklams-3-8-17-19-22-24\/","title":{"rendered":"Speciali galvut\u0117 motociklams 3\/8 17-19-22-24"},"content":{"rendered":"<pre id=\"tw-target-text\" class=\"tw-data-text tw-text-large tw-ta\" dir=\"ltr\" data-placeholder=\"Vertimas\" data-ved=\"2ahUKEwjBlY3z68COAxU0GRAIHVwYGeEQ3ewLegQICRAV\" aria-label=\"I\u0161verstas tekstas: Apra\u0161ymas\r\nTinka rat\u0173 a\u0161ims\r\n4 skirtingi vidini\u0173 \u0161e\u0161iakampi\u0173 dyd\u017eiai: 17 - 19 - 22 - 24 mm\r\nTinka Yamaha, Kawasaki, BMW, Suzuki, Honda\r\nTechniniai duomenys\r\nMed\u017eiaga: chromo vanad\u017eio plienas\r\nPakuot\u0117 tinkama kabinti ant sienos: Taip\r\nBendras svoris: 150 g\"><span class=\"Y2IQFc\" lang=\"lt\">Tinka rat\u0173 a\u0161ims\r\n4 skirtingi vidini\u0173 \u0161e\u0161iakampi\u0173 dyd\u017eiai: 17 - 19 - 22 - 24 mm\r\nTinka Yamaha, Kawasaki, BMW, Suzuki, Honda\r\n<strong>Techniniai duomenys<\/strong>\r\nMed\u017eiaga: chromo vanad\u017eio plienas\r\nPakuot\u0117 tinkama kabinti ant sienos: Taip\r\nBendras svoris: 150 g<\/span><\/pre>\n","protected":false},"excerpt":{"rendered":"<p>Speciali galvut\u0117 motociklams 3\/8 17-19-22-24<\/p>\n","protected":false},"featured_media":17628,"comment_status":"open","ping_status":"closed","template":"","meta":[],"product_brand":[571],"product_cat":[15],"product_tag":[881],"class_list":{"0":"post-17627","1":"product","2":"type-product","3":"status-publish","4":"has-post-thumbnail","6":"product_brand-bgs-technic-germany","7":"product_cat-uncategorized","8":"product_tag-speciali-galvute-motociklams","10":"first","11":"instock","12":"taxable","13":"shipping-taxable","14":"purchasable","15":"product-type-simple"},"_links":{"self":[{"href":"https:\/\/raktava.lt\/en\/wp-json\/wp\/v2\/product\/17627","targetHints":{"allow":["GET"]}}],"collection":[{"href":"https:\/\/raktava.lt\/en\/wp-json\/wp\/v2\/product"}],"about":[{"href":"https:\/\/raktava.lt\/en\/wp-json\/wp\/v2\/types\/product"}],"replies":[{"embeddable":true,"href":"https:\/\/raktava.lt\/en\/wp-json\/wp\/v2\/comments?post=17627"}],"version-history":[{"count":1,"href":"https:\/\/raktava.lt\/en\/wp-json\/wp\/v2\/product\/17627\/revisions"}],"predecessor-version":[{"id":17638,"href":"https:\/\/raktava.lt\/en\/wp-json\/wp\/v2\/product\/17627\/revisions\/17638"}],"wp:featuredmedia":[{"embeddable":true,"href":"https:\/\/raktava.lt\/en\/wp-json\/wp\/v2\/media\/17628"}],"wp:attachment":[{"href":"https:\/\/raktava.lt\/en\/wp-json\/wp\/v2\/media?parent=17627"}],"wp:term":[{"taxonomy":"product_brand","embeddable":true,"href":"https:\/\/raktava.lt\/en\/wp-json\/wp\/v2\/product_brand?post=17627"},{"taxonomy":"product_cat","embeddable":true,"href":"https:\/\/raktava.lt\/en\/wp-json\/wp\/v2\/product_cat?post=17627"},{"taxonomy":"product_tag","embeddable":true,"href":"https:\/\/raktava.lt\/en\/wp-json\/wp\/v2\/product_tag?post=17627"}],"curies":[{"name":"wp","href":"https:\/\/api.w.org\/{rel}","templated":true}]}}