{"id":17610,"date":"2025-07-16T10:57:52","date_gmt":"2025-07-16T07:57:52","guid":{"rendered":"https:\/\/raktava.lt\/?post_type=product&#038;p=17610"},"modified":"2025-07-16T11:00:27","modified_gmt":"2025-07-16T08:00:27","slug":"dyzeliniu-purkstuku-isemeju-iskaleju-rinkinys-nuoma","status":"publish","type":"product","link":"https:\/\/raktava.lt\/en\/product\/nuoma\/dyzeliniu-purkstuku-isemeju-iskaleju-rinkinys-nuoma\/","title":{"rendered":"Dyzelini\u0173 purk\u0161tuk\u0173 i\u0161\u0117m\u0117j\u0173 &#8211; i\u0161kal\u0117j\u0173 rinkinys (NUOMA) +37067769713"},"content":{"rendered":"<p>Product description<br \/>\nProfessional set of inertial inerties for injectors. The case contains 22 elements for removing the injectors BOSCH, DELPHI, DENSO, SIEMENS.<br \/>\nTechnical data<br \/>\nIndex number YT-06175<br \/>\nBrand Yato<br \/>\nNumber of items [pcs] 22<\/p>\n<p>DIESEL INJECTOR MASTER KIT<\/p>\n<p>1.3KG SLIDE HAMMER WITH 150MM SHAFT; 4KG SLIDE HAMMER WITH 400MM SHAFT AND HANDLE; ADAPTORS MALE: 10*1.5, 16*1.5, 17*1.0, 20*1.0, 25*1.0, 27*1.0MM; ADAPTORS FEMALES: 14*1.5, 27*1.0MM; ADAPTORS HEXAGONAL: 17MM\/ 10*1.5, 21MM\/ 14* 1.5 FEMALE; ADAPTORS C AND J FOR PUMP DUSE INJECTORS; MOUNT INJECTORS; CLAW ADAPTOR; INJECTOR CAP SOCKETS 1\/2IN. DRIVE: 25, 27, 29, 30MM; FLEXIBLE JOINT; 10MM HEX KEY<\/p>\n","protected":false},"excerpt":{"rendered":"<p>Dyzelini\u0173 purk\u0161tuk\u0173 i\u0161\u0117m\u0117j\u0173 &#8211; i\u0161kal\u0117j\u0173 rinkinys<\/p>\n","protected":false},"featured_media":17611,"comment_status":"open","ping_status":"closed","template":"","meta":[],"product_brand":[563],"product_cat":[863],"product_tag":[879],"class_list":{"0":"post-17610","1":"product","2":"type-product","3":"status-publish","4":"has-post-thumbnail","6":"product_brand-yato","7":"product_cat-nuoma","8":"product_tag-dyzeliniu-purkstuku-isemeju-iskaleju-rinkinys","10":"first","11":"outofstock","12":"taxable","13":"shipping-taxable","14":"purchasable","15":"product-type-simple"},"_links":{"self":[{"href":"https:\/\/raktava.lt\/en\/wp-json\/wp\/v2\/product\/17610","targetHints":{"allow":["GET"]}}],"collection":[{"href":"https:\/\/raktava.lt\/en\/wp-json\/wp\/v2\/product"}],"about":[{"href":"https:\/\/raktava.lt\/en\/wp-json\/wp\/v2\/types\/product"}],"replies":[{"embeddable":true,"href":"https:\/\/raktava.lt\/en\/wp-json\/wp\/v2\/comments?post=17610"}],"version-history":[{"count":2,"href":"https:\/\/raktava.lt\/en\/wp-json\/wp\/v2\/product\/17610\/revisions"}],"predecessor-version":[{"id":17616,"href":"https:\/\/raktava.lt\/en\/wp-json\/wp\/v2\/product\/17610\/revisions\/17616"}],"wp:featuredmedia":[{"embeddable":true,"href":"https:\/\/raktava.lt\/en\/wp-json\/wp\/v2\/media\/17611"}],"wp:attachment":[{"href":"https:\/\/raktava.lt\/en\/wp-json\/wp\/v2\/media?parent=17610"}],"wp:term":[{"taxonomy":"product_brand","embeddable":true,"href":"https:\/\/raktava.lt\/en\/wp-json\/wp\/v2\/product_brand?post=17610"},{"taxonomy":"product_cat","embeddable":true,"href":"https:\/\/raktava.lt\/en\/wp-json\/wp\/v2\/product_cat?post=17610"},{"taxonomy":"product_tag","embeddable":true,"href":"https:\/\/raktava.lt\/en\/wp-json\/wp\/v2\/product_tag?post=17610"}],"curies":[{"name":"wp","href":"https:\/\/api.w.org\/{rel}","templated":true}]}}