{"id":17605,"date":"2025-07-16T10:41:11","date_gmt":"2025-07-16T07:41:11","guid":{"rendered":"https:\/\/raktava.lt\/?post_type=product&#038;p=17605"},"modified":"2025-12-02T15:21:39","modified_gmt":"2025-12-02T13:21:39","slug":"galvute-zvakei-1-2-21mm","status":"publish","type":"product","link":"https:\/\/raktava.lt\/en\/product\/automobiliu-remonto-irankiai\/variklio-remonto-irankiai\/pakaitinimo-uzdegimo-zvakiu-remonto-irankiai\/galvute-zvakei-1-2-21mm\/","title":{"rendered":"Galvut\u0117 \u017evakei 1\/2 21mm"},"content":{"rendered":"<p><strong>Draud\u017eiama \u0161iuos galvu\u010di\u0173 priedus naudoti su j\u0117gos atsuktuvais ir sm\u016bginiais raktais!\u00a0<\/strong><\/p>\n","protected":false},"excerpt":{"rendered":"<p>Galvut\u0117 \u017evakei 1\/2 21mm<\/p>\n","protected":false},"featured_media":17606,"comment_status":"open","ping_status":"closed","template":"","meta":[],"product_brand":[627],"product_cat":[117],"product_tag":[591,1105,654,1842],"class_list":{"0":"post-17605","1":"product","2":"type-product","3":"status-publish","4":"has-post-thumbnail","6":"product_brand-sata","7":"product_cat-pakaitinimo-uzdegimo-zvakiu-remonto-irankiai","8":"product_tag-1-2","9":"product_tag-21mm","10":"product_tag-galvute-zvakems","11":"product_tag-s13916","13":"first","14":"instock","15":"taxable","16":"shipping-taxable","17":"purchasable","18":"product-type-simple"},"_links":{"self":[{"href":"https:\/\/raktava.lt\/en\/wp-json\/wp\/v2\/product\/17605","targetHints":{"allow":["GET"]}}],"collection":[{"href":"https:\/\/raktava.lt\/en\/wp-json\/wp\/v2\/product"}],"about":[{"href":"https:\/\/raktava.lt\/en\/wp-json\/wp\/v2\/types\/product"}],"replies":[{"embeddable":true,"href":"https:\/\/raktava.lt\/en\/wp-json\/wp\/v2\/comments?post=17605"}],"version-history":[{"count":2,"href":"https:\/\/raktava.lt\/en\/wp-json\/wp\/v2\/product\/17605\/revisions"}],"predecessor-version":[{"id":17609,"href":"https:\/\/raktava.lt\/en\/wp-json\/wp\/v2\/product\/17605\/revisions\/17609"}],"wp:featuredmedia":[{"embeddable":true,"href":"https:\/\/raktava.lt\/en\/wp-json\/wp\/v2\/media\/17606"}],"wp:attachment":[{"href":"https:\/\/raktava.lt\/en\/wp-json\/wp\/v2\/media?parent=17605"}],"wp:term":[{"taxonomy":"product_brand","embeddable":true,"href":"https:\/\/raktava.lt\/en\/wp-json\/wp\/v2\/product_brand?post=17605"},{"taxonomy":"product_cat","embeddable":true,"href":"https:\/\/raktava.lt\/en\/wp-json\/wp\/v2\/product_cat?post=17605"},{"taxonomy":"product_tag","embeddable":true,"href":"https:\/\/raktava.lt\/en\/wp-json\/wp\/v2\/product_tag?post=17605"}],"curies":[{"name":"wp","href":"https:\/\/api.w.org\/{rel}","templated":true}]}}