{"id":17597,"date":"2025-07-16T10:27:42","date_gmt":"2025-07-16T07:27:42","guid":{"rendered":"https:\/\/raktava.lt\/?post_type=product&#038;p=17597"},"modified":"2025-09-08T10:48:32","modified_gmt":"2025-09-08T07:48:32","slug":"zvakine-galvute-motociklams-6-k-3-8-18mm","status":"publish","type":"product","link":"https:\/\/raktava.lt\/en\/product\/automobiliu-remonto-irankiai\/variklio-remonto-irankiai\/pakaitinimo-uzdegimo-zvakiu-remonto-irankiai\/zvakine-galvute-motociklams-6-k-3-8-18mm\/","title":{"rendered":"\u017dvakin\u0117 galvut\u0117 motociklams 6-k. 3\/8 18mm"},"content":{"rendered":"<ul data-end=\"706\" data-start=\"403\">\n<li data-end=\"452\" data-start=\"403\">\n<p data-end=\"452\" data-start=\"405\"><strong data-end=\"421\" data-start=\"405\">Rakto dydis:<\/strong>\u00a018 mm (\u0161e\u0161iakampis profilis)<\/p>\n<\/li>\n<li data-end=\"536\" data-start=\"453\">\n<p data-end=\"475\" data-start=\"455\"><strong data-end=\"473\" data-start=\"455\">Pavaros dydis:<\/strong><\/p>\n<ul data-end=\"536\" data-start=\"478\">\n<li data-end=\"495\" data-start=\"478\">\n<p data-end=\"495\" data-start=\"480\">Coliais: 3\/8&#8243;<\/p>\n<\/li>\n<li data-end=\"536\" data-start=\"498\">\n<p data-end=\"536\" data-start=\"500\">Metrais: 10 mm (vidinis kvadratas)<\/p>\n<\/li>\n<\/ul>\n<\/li>\n<li data-end=\"595\" data-start=\"537\">\n<p data-end=\"595\" data-start=\"539\"><strong data-end=\"552\" data-start=\"539\">Med\u017eiaga:<\/strong>\u00a0kaltin\u0117 konstrukcija \u2013 didelis tvirtumas<\/p>\n<\/li>\n<li data-end=\"637\" data-start=\"596\">\n<p data-end=\"637\" data-start=\"598\"><strong data-end=\"624\" data-start=\"598\">Pavir\u0161iaus padengimas:<\/strong>\u00a0chromuotas<\/p>\n<\/li>\n<li data-end=\"659\" data-start=\"638\">\n<p data-end=\"659\" data-start=\"640\"><strong data-end=\"651\" data-start=\"640\">Svoris:<\/strong>\u00a0140 g<\/p>\n<\/li>\n<li data-end=\"706\" data-start=\"660\">\n<p data-end=\"706\" data-start=\"662\"><strong data-end=\"704\" data-start=\"662\">Pakuot\u0117 tinkama pakabinimui ant sienos<\/strong><\/p>\n<\/li>\n<\/ul>\n<p data-end=\"886\" data-is-last-node=\"\" data-is-only-node=\"\" data-start=\"708\"><strong data-end=\"722\" data-start=\"708\">Paskirtis:<\/strong><br data-end=\"725\" data-start=\"722\" \/>Naudojama \u012fvairiuose mechanikos, automobili\u0173 remonto, pramon\u0117s ar buities darbuose, kai reikia patikimo ir tvirto \u012frankio 18 mm ver\u017eli\u0173 ar var\u017et\u0173 sukimo darbams.<\/p>\n","protected":false},"excerpt":{"rendered":"<p>\u017dvakin\u0117 galvut\u0117 motociklams 6-k. 3\/8 18mm<\/p>\n","protected":false},"featured_media":17598,"comment_status":"open","ping_status":"closed","template":"","meta":[],"product_brand":[571],"product_cat":[117],"product_tag":[1180,1181,575,994,1182,973,878],"class_list":{"0":"post-17597","1":"product","2":"type-product","3":"status-publish","4":"has-post-thumbnail","6":"product_brand-bgs-technic-germany","7":"product_cat-pakaitinimo-uzdegimo-zvakiu-remonto-irankiai","8":"product_tag-18mm","9":"product_tag-1181","10":"product_tag-3-8","11":"product_tag-6-kampe","12":"product_tag-motociklu-irankiai","13":"product_tag-rankiniai-irankiai","14":"product_tag-zvakine-galvute-motociklams","16":"first","17":"instock","18":"taxable","19":"shipping-taxable","20":"purchasable","21":"product-type-simple"},"_links":{"self":[{"href":"https:\/\/raktava.lt\/en\/wp-json\/wp\/v2\/product\/17597","targetHints":{"allow":["GET"]}}],"collection":[{"href":"https:\/\/raktava.lt\/en\/wp-json\/wp\/v2\/product"}],"about":[{"href":"https:\/\/raktava.lt\/en\/wp-json\/wp\/v2\/types\/product"}],"replies":[{"embeddable":true,"href":"https:\/\/raktava.lt\/en\/wp-json\/wp\/v2\/comments?post=17597"}],"version-history":[{"count":1,"href":"https:\/\/raktava.lt\/en\/wp-json\/wp\/v2\/product\/17597\/revisions"}],"predecessor-version":[{"id":17600,"href":"https:\/\/raktava.lt\/en\/wp-json\/wp\/v2\/product\/17597\/revisions\/17600"}],"wp:featuredmedia":[{"embeddable":true,"href":"https:\/\/raktava.lt\/en\/wp-json\/wp\/v2\/media\/17598"}],"wp:attachment":[{"href":"https:\/\/raktava.lt\/en\/wp-json\/wp\/v2\/media?parent=17597"}],"wp:term":[{"taxonomy":"product_brand","embeddable":true,"href":"https:\/\/raktava.lt\/en\/wp-json\/wp\/v2\/product_brand?post=17597"},{"taxonomy":"product_cat","embeddable":true,"href":"https:\/\/raktava.lt\/en\/wp-json\/wp\/v2\/product_cat?post=17597"},{"taxonomy":"product_tag","embeddable":true,"href":"https:\/\/raktava.lt\/en\/wp-json\/wp\/v2\/product_tag?post=17597"}],"curies":[{"name":"wp","href":"https:\/\/api.w.org\/{rel}","templated":true}]}}