{"id":17581,"date":"2025-07-09T15:55:40","date_gmt":"2025-07-09T12:55:40","guid":{"rendered":"https:\/\/raktava.lt\/?post_type=product&#038;p=17581"},"modified":"2025-07-09T15:55:41","modified_gmt":"2025-07-09T12:55:41","slug":"antgalis-ipresuotas-i-galvute-1-4-t25-3","status":"publish","type":"product","link":"https:\/\/raktava.lt\/en\/product\/rankiniai-irankiai\/antgaliai-antgaliu-komplektai-ipresuoti-antgaliai\/antgaliai-ipresuoti-i-galvute-1-4\/antgalis-ipresuotas-i-galvute-1-4-t25-3\/","title":{"rendered":"Antgalis \u012fpresuotas \u012f galvut\u0119 1\/4 T25"},"content":{"rendered":"<p>Atitinka Vokie\u010di\u0173 \u201eCamcar\u201c TORX standarto gamybos reikalavimus<br \/>\nAntgalis pagamintas i\u0161 legiruoto S2 plieno<\/p>\n","protected":false},"excerpt":{"rendered":"<p>Antgalis \u012fpresuotas \u012f galvut\u0119 1\/4 T25<\/p>\n","protected":false},"featured_media":17578,"comment_status":"open","ping_status":"closed","template":"","meta":[],"product_brand":[626],"product_cat":[92],"product_tag":[636,822],"class_list":{"0":"post-17581","1":"product","2":"type-product","3":"status-publish","4":"has-post-thumbnail","6":"product_brand-changlu","7":"product_cat-antgaliai-ipresuoti-i-galvute-1-4","8":"product_tag-antgalis","9":"product_tag-antgalis-ipresuotas","11":"first","12":"instock","13":"taxable","14":"shipping-taxable","15":"purchasable","16":"product-type-simple"},"_links":{"self":[{"href":"https:\/\/raktava.lt\/en\/wp-json\/wp\/v2\/product\/17581","targetHints":{"allow":["GET"]}}],"collection":[{"href":"https:\/\/raktava.lt\/en\/wp-json\/wp\/v2\/product"}],"about":[{"href":"https:\/\/raktava.lt\/en\/wp-json\/wp\/v2\/types\/product"}],"replies":[{"embeddable":true,"href":"https:\/\/raktava.lt\/en\/wp-json\/wp\/v2\/comments?post=17581"}],"version-history":[{"count":1,"href":"https:\/\/raktava.lt\/en\/wp-json\/wp\/v2\/product\/17581\/revisions"}],"predecessor-version":[{"id":17582,"href":"https:\/\/raktava.lt\/en\/wp-json\/wp\/v2\/product\/17581\/revisions\/17582"}],"wp:featuredmedia":[{"embeddable":true,"href":"https:\/\/raktava.lt\/en\/wp-json\/wp\/v2\/media\/17578"}],"wp:attachment":[{"href":"https:\/\/raktava.lt\/en\/wp-json\/wp\/v2\/media?parent=17581"}],"wp:term":[{"taxonomy":"product_brand","embeddable":true,"href":"https:\/\/raktava.lt\/en\/wp-json\/wp\/v2\/product_brand?post=17581"},{"taxonomy":"product_cat","embeddable":true,"href":"https:\/\/raktava.lt\/en\/wp-json\/wp\/v2\/product_cat?post=17581"},{"taxonomy":"product_tag","embeddable":true,"href":"https:\/\/raktava.lt\/en\/wp-json\/wp\/v2\/product_tag?post=17581"}],"curies":[{"name":"wp","href":"https:\/\/api.w.org\/{rel}","templated":true}]}}