{"id":17551,"date":"2025-07-09T13:24:01","date_gmt":"2025-07-09T10:24:01","guid":{"rendered":"https:\/\/raktava.lt\/?post_type=product&#038;p=17551"},"modified":"2025-07-09T13:24:02","modified_gmt":"2025-07-09T10:24:02","slug":"praputejas-zalvarinis-110mm","status":"publish","type":"product","link":"https:\/\/raktava.lt\/en\/product\/pneumatine-iranga\/pistoletai-padangu-putimui\/praputejas-zalvarinis-110mm\/","title":{"rendered":"Prap\u016bt\u0117jas \u017ealvarinis 110mm"},"content":{"rendered":"<pre id=\"tw-target-text\" class=\"tw-data-text tw-text-large tw-ta\" dir=\"ltr\" data-placeholder=\"Vertimas\" data-ved=\"2ahUKEwjsm7GXqK-OAxX3ExAIHSV0JQkQ3ewLegQICRAW\" aria-label=\"I\u0161verstas tekstas: Produkto apra\u0161ymas\r\nYATO pistoletas p\u016btimui susl\u0117gtu oru. Jis puikiai tiks \u0161alinant ne\u0161varumus nuo ma\u0161in\u0173, \u012frangos ir varikli\u0173.\r\n\r\n\u2022 antgalio ilgis: 110 mm\r\n\u2022 standartinis 1\/4 colio\r\n\u2022 tikslus oro srauto reguliavimas\r\n\r\nTechniniai duomenys\r\nIndekso numeris YT-23731\r\nPrek\u0117s \u017eenklas Yato\r\nSl\u0117gis [bar] 8\r\nGreito jungiklio dydis [coliais] 1\/4 colio\r\nmed\u017eiaga \u017ealvaris\"><span class=\"Y2IQFc\" lang=\"lt\">YATO pistoletas p\u016btimui susl\u0117gtu oru. Jis puikiai tiks \u0161alinant ne\u0161varumus nuo ma\u0161in\u0173, \u012frangos ir varikli\u0173.\r\n\r\n\u2022 antgalio ilgis: 110 mm\r\n\u2022 standartinis 1\/4 colio\r\n\u2022 tikslus oro srauto reguliavimas\r\n\r\nTechniniai duomenys\r\nIndekso numeris YT-23731\r\nPrek\u0117s \u017eenklas Yato\r\nSl\u0117gis [bar] 8\r\nGreito jungiklio dydis [coliais] 1\/4 colio\r\nmed\u017eiaga \u017ealvaris<\/span><\/pre>\n","protected":false},"excerpt":{"rendered":"<p>Prap\u016bt\u0117jas \u017ealvarinis 110mm<\/p>\n","protected":false},"featured_media":17552,"comment_status":"open","ping_status":"closed","template":"","meta":[],"product_brand":[563],"product_cat":[217],"product_tag":[864],"class_list":{"0":"post-17551","1":"product","2":"type-product","3":"status-publish","4":"has-post-thumbnail","6":"product_brand-yato","7":"product_cat-pistoletai-padangu-putimui","8":"product_tag-praputejas","10":"first","11":"instock","12":"taxable","13":"shipping-taxable","14":"purchasable","15":"product-type-simple"},"_links":{"self":[{"href":"https:\/\/raktava.lt\/en\/wp-json\/wp\/v2\/product\/17551","targetHints":{"allow":["GET"]}}],"collection":[{"href":"https:\/\/raktava.lt\/en\/wp-json\/wp\/v2\/product"}],"about":[{"href":"https:\/\/raktava.lt\/en\/wp-json\/wp\/v2\/types\/product"}],"replies":[{"embeddable":true,"href":"https:\/\/raktava.lt\/en\/wp-json\/wp\/v2\/comments?post=17551"}],"version-history":[{"count":1,"href":"https:\/\/raktava.lt\/en\/wp-json\/wp\/v2\/product\/17551\/revisions"}],"predecessor-version":[{"id":17560,"href":"https:\/\/raktava.lt\/en\/wp-json\/wp\/v2\/product\/17551\/revisions\/17560"}],"wp:featuredmedia":[{"embeddable":true,"href":"https:\/\/raktava.lt\/en\/wp-json\/wp\/v2\/media\/17552"}],"wp:attachment":[{"href":"https:\/\/raktava.lt\/en\/wp-json\/wp\/v2\/media?parent=17551"}],"wp:term":[{"taxonomy":"product_brand","embeddable":true,"href":"https:\/\/raktava.lt\/en\/wp-json\/wp\/v2\/product_brand?post=17551"},{"taxonomy":"product_cat","embeddable":true,"href":"https:\/\/raktava.lt\/en\/wp-json\/wp\/v2\/product_cat?post=17551"},{"taxonomy":"product_tag","embeddable":true,"href":"https:\/\/raktava.lt\/en\/wp-json\/wp\/v2\/product_tag?post=17551"}],"curies":[{"name":"wp","href":"https:\/\/api.w.org\/{rel}","templated":true}]}}