{"id":17506,"date":"2025-07-09T12:14:08","date_gmt":"2025-07-09T09:14:08","guid":{"rendered":"https:\/\/raktava.lt\/?post_type=product&#038;p=17506"},"modified":"2025-11-10T11:35:04","modified_gmt":"2025-11-10T09:35:04","slug":"rankinis-vamzdeliu-plestuvas-3-16-1-2-7vnt","status":"publish","type":"product","link":"https:\/\/raktava.lt\/en\/product\/automobiliu-remonto-irankiai\/vaziuokles-remonto-irankiai\/irankiai-vamzdeliams\/rankinis-vamzdeliu-plestuvas-3-16-1-2-7vnt\/","title":{"rendered":"Rankinis vamzdeli\u0173 pl\u0117stuvas 3\/16-1\/2 7vnt."},"content":{"rendered":"<p>Dyd\u017eiai \u00d8 3\/16, 1\/4, 5\/16, 3\/8, 1\/2<br \/>\nNaudojamas \u0161ildymo, oro kondicionavimo ir stabd\u017ei\u0173 sistemos remonto darbuose<\/p>\n<p>&nbsp;<\/p>\n<p>Preki\u0173 nuotraukos skirtos tik iliustraciniams tikslams, originali\u0173 produkt\u0173 spalvos, u\u017era\u0161ai, parametrai, matmenys, dyd\u017eiai, funkcijos ir\/ar bet kurios kitos savyb\u0117s d\u0117l vizualini\u0173 ypatybi\u0173 gali atrodyti kitaip negu realyb\u0117je, tod\u0117l pra\u0161ome vadovauti preki\u0173 savyb\u0117mis, kurios nurodytos preki\u0173 apra\u0161ymuose. Kilus klausimams, visada laukiame J\u016bs\u0173 skambu\u010dio telefonu +37067769713 arba el. pa\u0161tu info@raktava.lt<\/p>\n","protected":false},"excerpt":{"rendered":"<p>Rankinis vamzdeli\u0173 pl\u0117stuvas 3\/16-1\/2<\/p>\n","protected":false},"featured_media":17507,"comment_status":"open","ping_status":"closed","template":"","meta":[],"product_brand":[],"product_cat":[67],"product_tag":[858],"class_list":{"0":"post-17506","1":"product","2":"type-product","3":"status-publish","4":"has-post-thumbnail","6":"product_cat-irankiai-vamzdeliams","7":"product_tag-vamzdeliu-valcavimo-komplektas","9":"first","10":"instock","11":"taxable","12":"shipping-taxable","13":"purchasable","14":"product-type-simple"},"_links":{"self":[{"href":"https:\/\/raktava.lt\/en\/wp-json\/wp\/v2\/product\/17506","targetHints":{"allow":["GET"]}}],"collection":[{"href":"https:\/\/raktava.lt\/en\/wp-json\/wp\/v2\/product"}],"about":[{"href":"https:\/\/raktava.lt\/en\/wp-json\/wp\/v2\/types\/product"}],"replies":[{"embeddable":true,"href":"https:\/\/raktava.lt\/en\/wp-json\/wp\/v2\/comments?post=17506"}],"version-history":[{"count":2,"href":"https:\/\/raktava.lt\/en\/wp-json\/wp\/v2\/product\/17506\/revisions"}],"predecessor-version":[{"id":17510,"href":"https:\/\/raktava.lt\/en\/wp-json\/wp\/v2\/product\/17506\/revisions\/17510"}],"wp:featuredmedia":[{"embeddable":true,"href":"https:\/\/raktava.lt\/en\/wp-json\/wp\/v2\/media\/17507"}],"wp:attachment":[{"href":"https:\/\/raktava.lt\/en\/wp-json\/wp\/v2\/media?parent=17506"}],"wp:term":[{"taxonomy":"product_brand","embeddable":true,"href":"https:\/\/raktava.lt\/en\/wp-json\/wp\/v2\/product_brand?post=17506"},{"taxonomy":"product_cat","embeddable":true,"href":"https:\/\/raktava.lt\/en\/wp-json\/wp\/v2\/product_cat?post=17506"},{"taxonomy":"product_tag","embeddable":true,"href":"https:\/\/raktava.lt\/en\/wp-json\/wp\/v2\/product_tag?post=17506"}],"curies":[{"name":"wp","href":"https:\/\/api.w.org\/{rel}","templated":true}]}}