{"id":17498,"date":"2025-07-09T11:27:49","date_gmt":"2025-07-09T08:27:49","guid":{"rendered":"https:\/\/raktava.lt\/?post_type=product&#038;p=17498"},"modified":"2026-01-19T16:52:11","modified_gmt":"2026-01-19T14:52:11","slug":"stabdziu-vamzdeliu-valcavimo-komplektas-5-16mm","status":"publish","type":"product","link":"https:\/\/raktava.lt\/en\/product\/automobiliu-remonto-irankiai\/vaziuokles-remonto-irankiai\/irankiai-vamzdeliams\/stabdziu-vamzdeliu-valcavimo-komplektas-5-16mm\/","title":{"rendered":"Stabd\u017ei\u0173 vamzdeli\u0173 valcavimo komplektas 5-16mm"},"content":{"rendered":"<p>Skirta aliuminio ir vario vamzdeliams<br \/>\n7 adapteriai 5, 6, 8, 10, 12, 14, 16 mm<\/p>\n<p>Preki\u0173 nuotraukos skirtos tik iliustraciniams tikslams, originali\u0173 produkt\u0173 spalvos, u\u017era\u0161ai, parametrai, matmenys, dyd\u017eiai, funkcijos ir\/ar bet kurios kitos savyb\u0117s d\u0117l vizualini\u0173 ypatybi\u0173 gali atrodyti kitaip negu realyb\u0117je, tod\u0117l pra\u0161ome vadovauti preki\u0173 savyb\u0117mis, kurios nurodytos preki\u0173 apra\u0161ymuose. Kilus klausimams, visada laukiame J\u016bs\u0173 skambu\u010dio telefonu +37067769713 arba el. pa\u0161tu info@raktava.lt<\/p>\n","protected":false},"excerpt":{"rendered":"<p>Stabd\u017ei\u0173 vamzdeli\u0173 valcavimo komplektas 5-16mm<\/p>\n<p>Skirta aliuminio ir vario vamzdeliams<br \/>\n7 adapteriai 5, 6, 8, 10, 12, 14, 16 mm<\/p>\n","protected":false},"featured_media":17499,"comment_status":"open","ping_status":"closed","template":"","meta":[],"product_brand":[],"product_cat":[67],"product_tag":[858],"class_list":{"0":"post-17498","1":"product","2":"type-product","3":"status-publish","4":"has-post-thumbnail","6":"product_cat-irankiai-vamzdeliams","7":"product_tag-vamzdeliu-valcavimo-komplektas","9":"first","10":"outofstock","11":"taxable","12":"shipping-taxable","13":"purchasable","14":"product-type-simple"},"_links":{"self":[{"href":"https:\/\/raktava.lt\/en\/wp-json\/wp\/v2\/product\/17498","targetHints":{"allow":["GET"]}}],"collection":[{"href":"https:\/\/raktava.lt\/en\/wp-json\/wp\/v2\/product"}],"about":[{"href":"https:\/\/raktava.lt\/en\/wp-json\/wp\/v2\/types\/product"}],"replies":[{"embeddable":true,"href":"https:\/\/raktava.lt\/en\/wp-json\/wp\/v2\/comments?post=17498"}],"version-history":[{"count":1,"href":"https:\/\/raktava.lt\/en\/wp-json\/wp\/v2\/product\/17498\/revisions"}],"predecessor-version":[{"id":17505,"href":"https:\/\/raktava.lt\/en\/wp-json\/wp\/v2\/product\/17498\/revisions\/17505"}],"wp:featuredmedia":[{"embeddable":true,"href":"https:\/\/raktava.lt\/en\/wp-json\/wp\/v2\/media\/17499"}],"wp:attachment":[{"href":"https:\/\/raktava.lt\/en\/wp-json\/wp\/v2\/media?parent=17498"}],"wp:term":[{"taxonomy":"product_brand","embeddable":true,"href":"https:\/\/raktava.lt\/en\/wp-json\/wp\/v2\/product_brand?post=17498"},{"taxonomy":"product_cat","embeddable":true,"href":"https:\/\/raktava.lt\/en\/wp-json\/wp\/v2\/product_cat?post=17498"},{"taxonomy":"product_tag","embeddable":true,"href":"https:\/\/raktava.lt\/en\/wp-json\/wp\/v2\/product_tag?post=17498"}],"curies":[{"name":"wp","href":"https:\/\/api.w.org\/{rel}","templated":true}]}}